{"id":3085,"date":"2026-02-06T12:26:18","date_gmt":"2026-02-06T11:26:18","guid":{"rendered":"https:\/\/www.thetraka.com\/perfect-kit\/gravel-shoes\/"},"modified":"2026-02-06T12:56:55","modified_gmt":"2026-02-06T11:56:55","slug":"gravel-shoes","status":"publish","type":"page","link":"https:\/\/www.thetraka.com\/ca\/perfect-kit\/gravel-shoes\/","title":{"rendered":"SABATILLES DE GRAVEL"},"content":{"rendered":"<p>[et_pb_section fb_built=&#8221;1&#8243; custom_padding_last_edited=&#8221;on|phone&#8221; _builder_version=&#8221;4.27.5&#8243; _module_preset=&#8221;default&#8221; background_color=&#8221;rgba(0,0,0,0.44)&#8221; background_image=&#8221;https:\/\/www.thetraka.com\/wp-content\/uploads\/2026\/02\/EXTREME-X_action_10-2.jpg&#8221; background_position=&#8221;top_left&#8221; background_horizontal_offset=&#8221;2%&#8221; background_vertical_offset=&#8221;49%&#8221; background_blend=&#8221;overlay&#8221; custom_padding=&#8221;235px||100px||false|false&#8221; custom_padding_tablet=&#8221;310px||110px||false|false&#8221; custom_padding_phone=&#8221;165px||45px||false|false&#8221; locked=&#8221;off&#8221; global_colors_info=&#8221;{}&#8221;][et_pb_row custom_padding_last_edited=&#8221;on|phone&#8221; _builder_version=&#8221;4.27.4&#8243; _module_preset=&#8221;default&#8221; custom_padding=&#8221;20px||20px||true|false&#8221; custom_padding_tablet=&#8221;22px||22px||true|false&#8221; custom_padding_phone=&#8221;23px||25px||false|false&#8221; global_colors_info=&#8221;{}&#8221;][et_pb_column type=&#8221;4_4&#8243; _builder_version=&#8221;4.27.4&#8243; _module_preset=&#8221;default&#8221; global_colors_info=&#8221;{}&#8221;][et_pb_text _builder_version=&#8221;4.27.4&#8243; _module_preset=&#8221;default&#8221; text_font_size=&#8221;62px&#8221; header_text_color=&#8221;#FFFFFF&#8221; header_font_size=&#8221;75px&#8221; header_letter_spacing=&#8221;2px&#8221; text_orientation=&#8221;center&#8221; custom_margin=&#8221;||0px||false|false&#8221; header_font_size_tablet=&#8221;60px&#8221; header_font_size_phone=&#8221;42px&#8221; header_font_size_last_edited=&#8221;on|phone&#8221; header_text_shadow_style=&#8221;preset1&#8243; global_colors_info=&#8221;{}&#8221;]<\/p>\n<h1>SABATILLES DE GRAVEL<\/h1>\n<p>[\/et_pb_text][et_pb_text _builder_version=&#8221;4.27.4&#8243; _module_preset=&#8221;default&#8221; text_font=&#8221;Zeyada||||||||&#8221; text_text_color=&#8221;#FFFFFF&#8221; text_font_size=&#8221;40px&#8221; text_line_height=&#8221;1em&#8221; text_orientation=&#8221;center&#8221; custom_margin=&#8221;||-15px||false|false&#8221; custom_padding=&#8221;||0px||false|false&#8221; global_colors_info=&#8221;{}&#8221;]<\/p>\n<p>per:<\/p>\n<p>[\/et_pb_text][et_pb_image src=&#8221;https:\/\/www.thetraka.com\/wp-content\/uploads\/2026\/02\/northwave-wit-schaduw.webp&#8221; title_text=&#8221;northwave-wit-schaduw&#8221; url=&#8221;https:\/\/www.sram.com\/en\/sram&#8221; url_new_window=&#8221;on&#8221; align=&#8221;center&#8221; _builder_version=&#8221;4.27.5&#8243; _module_preset=&#8221;default&#8221; width=&#8221;145px&#8221; width_tablet=&#8221;230px&#8221; width_phone=&#8221;75px&#8221; width_last_edited=&#8221;on|phone&#8221; module_alignment=&#8221;center&#8221; custom_margin=&#8221;28px||||false|false&#8221; animation_style=&#8221;fade&#8221; hover_enabled=&#8221;0&#8243; locked=&#8221;off&#8221; global_colors_info=&#8221;{}&#8221; transform_styles__hover_enabled=&#8221;on|hover&#8221; transform_scale__hover_enabled=&#8221;on|hover&#8221; transform_translate__hover_enabled=&#8221;on|desktop&#8221; transform_rotate__hover_enabled=&#8221;on|desktop&#8221; transform_skew__hover_enabled=&#8221;on|desktop&#8221; transform_origin__hover_enabled=&#8221;on|desktop&#8221; transform_scale__hover=&#8221;102%|102%&#8221; sticky_enabled=&#8221;0&#8243;][\/et_pb_image][\/et_pb_column][\/et_pb_row][\/et_pb_section][et_pb_section fb_built=&#8221;1&#8243; custom_padding_last_edited=&#8221;on|desktop&#8221; _builder_version=&#8221;4.27.4&#8243; _module_preset=&#8221;default&#8221; background_color=&#8221;#FFFFFF&#8221; background_image=&#8221;https:\/\/www.santavall.com\/wp-content\/uploads\/2025\/10\/xthetraka.png&#8221; background_size=&#8221;custom&#8221; background_image_width=&#8221;12%&#8221; background_position=&#8221;bottom_center&#8221; module_alignment=&#8221;center&#8221; custom_margin=&#8221;0px||0px||false|false&#8221; custom_padding=&#8221;65px|9px|65px||true|false&#8221; custom_padding_tablet=&#8221;40px|9px|55px||false|false&#8221; custom_padding_phone=&#8221;35px|0px|53px||false|false&#8221; background_last_edited=&#8221;on|phone&#8221; background_image_width_tablet=&#8221;24%&#8221; background_image_width_phone=&#8221;41%&#8221; global_colors_info=&#8221;{}&#8221;][et_pb_row custom_padding_last_edited=&#8221;on|phone&#8221; _builder_version=&#8221;4.27.5&#8243; _module_preset=&#8221;default&#8221; background_color=&#8221;rgba(0,0,0,0.41)&#8221; background_image=&#8221;https:\/\/www.thetraka.com\/wp-content\/uploads\/2026\/02\/BANNER-1.jpg&#8221; background_position=&#8221;top_right&#8221; background_horizontal_offset=&#8221;73%&#8221; background_vertical_offset=&#8221;10%&#8221; background_blend=&#8221;overlay&#8221; width=&#8221;100%&#8221; width_tablet=&#8221;80%&#8221; width_phone=&#8221;80%&#8221; width_last_edited=&#8221;off|desktop&#8221; max_width=&#8221;800px&#8221; max_width_tablet=&#8221;600px&#8221; max_width_phone=&#8221;90%&#8221; max_width_last_edited=&#8221;on|phone&#8221; module_alignment=&#8221;center&#8221; height_tablet=&#8221;284px&#8221; height_phone=&#8221;262px&#8221; height_last_edited=&#8221;off|desktop&#8221; custom_margin=&#8221;0px||0px||false|false&#8221; custom_padding=&#8221;50px|80px|50px|80px|true|true&#8221; custom_padding_tablet=&#8221;48px|70px|48px|70px|true|true&#8221; custom_padding_phone=&#8221;44px|40px|44px|40px|true|true&#8221; global_colors_info=&#8221;{}&#8221;][et_pb_column type=&#8221;4_4&#8243; _builder_version=&#8221;4.27.4&#8243; _module_preset=&#8221;default&#8221; global_colors_info=&#8221;{}&#8221;][et_pb_text _builder_version=&#8221;4.27.5&#8243; _module_preset=&#8221;default&#8221; text_text_color=&#8221;#FFFFFF&#8221; text_font_size=&#8221;18px&#8221; text_line_height=&#8221;1.3em&#8221; text_orientation=&#8221;center&#8221; text_font_size_tablet=&#8221;17px&#8221; text_font_size_phone=&#8221;16px&#8221; text_font_size_last_edited=&#8221;on|phone&#8221; locked=&#8221;off&#8221; global_colors_info=&#8221;{}&#8221;]<\/p>\n<p><span>El gravel ha esdevingut m\u00e9s que una disciplina \u2014\u00e9s un llenguatge cultural, i Girona n&#8217;\u00e9s la capital natural. A Northwave dissenyem cal\u00e7at, roba i accessoris d&#8217;alt rendiment per a ciclistes que van m\u00e9s enll\u00e0 d&#8217;una sola superf\u00edcie. Nascut d&#8217;una passi\u00f3 per l&#8217;aventura i la competici\u00f3, cada producte est\u00e0 dissenyat per rendir en gravel, pista i carretera.  <\/span><\/p>\n<p><span>All\u00e0 on et porti la ruta.<\/span><\/p>\n<p><span>Pedala a la teva manera.<\/span><\/p>\n<p>[\/et_pb_text][\/et_pb_column][\/et_pb_row][et_pb_row column_structure=&#8221;1_2,1_2&#8243; use_custom_gutter=&#8221;on&#8221; gutter_width=&#8221;2&#8243; make_equal=&#8221;on&#8221; _builder_version=&#8221;4.27.5&#8243; _module_preset=&#8221;default&#8221; max_width=&#8221;1100px&#8221; max_width_tablet=&#8221;369px&#8221; max_width_phone=&#8221;90%&#8221; max_width_last_edited=&#8221;on|phone&#8221; custom_margin=&#8221;46px|auto||auto|false|false&#8221; global_colors_info=&#8221;{}&#8221;][et_pb_column type=&#8221;1_2&#8243; _builder_version=&#8221;4.27.4&#8243; _module_preset=&#8221;default&#8221; global_colors_info=&#8221;{}&#8221;][et_pb_image src=&#8221;https:\/\/www.thetraka.com\/wp-content\/uploads\/2026\/02\/80262075_50_1.jpeg&#8221; title_text=&#8221;80262075_50_1&#8243; url=&#8221;https:\/\/www.sram.com\/en\/life\/stories\/gravel-gearing&#8221; url_new_window=&#8221;on&#8221; align=&#8221;center&#8221; _builder_version=&#8221;4.27.5&#8243; _module_preset=&#8221;default&#8221; width=&#8221;91%&#8221; module_alignment=&#8221;center&#8221; custom_margin=&#8221;0px||33px||false|false&#8221; custom_margin_tablet=&#8221;22px||33px||false|false&#8221; custom_margin_phone=&#8221;22px||33px||false|false&#8221; custom_margin_last_edited=&#8221;on|desktop&#8221; module_alignment_tablet=&#8221;center&#8221; module_alignment_phone=&#8221;center&#8221; module_alignment_last_edited=&#8221;on|desktop&#8221; global_colors_info=&#8221;{}&#8221;][\/et_pb_image][et_pb_text _builder_version=&#8221;4.27.5&#8243; _module_preset=&#8221;default&#8221; text_text_color=&#8221;#FFFFFF&#8221; text_font_size=&#8221;15px&#8221; text_letter_spacing=&#8221;1px&#8221; text_line_height=&#8221;1.1em&#8221; background_color=&#8221;#000000&#8243; text_orientation=&#8221;center&#8221; width=&#8221;220px&#8221; width_tablet=&#8221;209px&#8221; width_phone=&#8221;232px&#8221; width_last_edited=&#8221;on|phone&#8221; module_alignment=&#8221;center&#8221; custom_margin=&#8221;15px||||false|false&#8221; custom_padding=&#8221;10px|25px|10px|25px|true|true&#8221; custom_padding_tablet=&#8221;9px|20px|9px|20px|true|true&#8221; custom_padding_phone=&#8221;14px|15px|14px|15px|true|true&#8221; custom_padding_last_edited=&#8221;on|phone&#8221; link_option_url=&#8221;https:\/\/www.northwave.com\/es\/bike\/zapatillas\/mtb\/xc\/extreme-x&#8221; link_option_url_new_window=&#8221;on&#8221; box_shadow_style=&#8221;preset1&#8243; box_shadow_blur=&#8221;5px&#8221; locked=&#8221;off&#8221; global_colors_info=&#8221;{}&#8221; transform_styles__hover_enabled=&#8221;on|hover&#8221; background_color__hover=&#8221;#272525&#8243; background_enable_color__hover=&#8221;on&#8221; background__hover_enabled=&#8221;on|hover&#8221; transform_scale__hover=&#8221;102%|102%&#8221; transform_scale__hover_enabled=&#8221;on|hover&#8221; transform_translate__hover_enabled=&#8221;on|desktop&#8221; transform_rotate__hover_enabled=&#8221;on|desktop&#8221; transform_skew__hover_enabled=&#8221;on|desktop&#8221; transform_origin__hover_enabled=&#8221;on|desktop&#8221;]<\/p>\n<p>DESCOBREIX-HO \u00bb<\/p>\n<p>[\/et_pb_text][\/et_pb_column][et_pb_column type=&#8221;1_2&#8243; _builder_version=&#8221;4.27.4&#8243; _module_preset=&#8221;default&#8221; global_colors_info=&#8221;{}&#8221;][et_pb_image src=&#8221;https:\/\/www.thetraka.com\/wp-content\/uploads\/2026\/02\/80262075_19_1.jpeg&#8221; title_text=&#8221;80262075_19_1&#8243; url=&#8221;https:\/\/www.sram.com\/en\/life\/stories\/gravel-gearing&#8221; url_new_window=&#8221;on&#8221; align=&#8221;center&#8221; _builder_version=&#8221;4.27.5&#8243; _module_preset=&#8221;default&#8221; width=&#8221;91%&#8221; module_alignment=&#8221;center&#8221; custom_margin=&#8221;0px||33px||false|false&#8221; custom_margin_tablet=&#8221;22px||33px||false|false&#8221; custom_margin_phone=&#8221;22px||33px||false|false&#8221; custom_margin_last_edited=&#8221;on|desktop&#8221; module_alignment_tablet=&#8221;center&#8221; module_alignment_phone=&#8221;center&#8221; module_alignment_last_edited=&#8221;on|desktop&#8221; global_colors_info=&#8221;{}&#8221;][\/et_pb_image][et_pb_text _builder_version=&#8221;4.27.5&#8243; _module_preset=&#8221;default&#8221; text_text_color=&#8221;#FFFFFF&#8221; text_font_size=&#8221;15px&#8221; text_letter_spacing=&#8221;1px&#8221; text_line_height=&#8221;1.1em&#8221; background_color=&#8221;#000000&#8243; text_orientation=&#8221;center&#8221; width=&#8221;220px&#8221; width_tablet=&#8221;209px&#8221; width_phone=&#8221;232px&#8221; width_last_edited=&#8221;on|phone&#8221; module_alignment=&#8221;center&#8221; custom_margin=&#8221;15px||||false|false&#8221; custom_padding=&#8221;10px|25px|10px|25px|true|true&#8221; custom_padding_tablet=&#8221;9px|20px|9px|20px|true|true&#8221; custom_padding_phone=&#8221;14px|15px|14px|15px|true|true&#8221; custom_padding_last_edited=&#8221;on|phone&#8221; link_option_url=&#8221;https:\/\/www.northwave.com\/es\/bike\/zapatillas\/mtb\/xc\/extreme-x#\/56-tamano-36\/154-color-negro&#8221; link_option_url_new_window=&#8221;on&#8221; box_shadow_style=&#8221;preset1&#8243; box_shadow_blur=&#8221;5px&#8221; locked=&#8221;off&#8221; global_colors_info=&#8221;{}&#8221; transform_styles__hover_enabled=&#8221;on|hover&#8221; background_color__hover=&#8221;#272525&#8243; background_enable_color__hover=&#8221;on&#8221; background__hover_enabled=&#8221;on|hover&#8221; transform_scale__hover=&#8221;102%|102%&#8221; transform_scale__hover_enabled=&#8221;on|hover&#8221; transform_translate__hover_enabled=&#8221;on|desktop&#8221; transform_rotate__hover_enabled=&#8221;on|desktop&#8221; transform_skew__hover_enabled=&#8221;on|desktop&#8221; transform_origin__hover_enabled=&#8221;on|desktop&#8221;]<\/p>\n<p>DESCOBREIX-HO \u00bb<\/p>\n<p>[\/et_pb_text][\/et_pb_column][\/et_pb_row][et_pb_row custom_padding_last_edited=&#8221;on|phone&#8221; _builder_version=&#8221;4.27.5&#8243; _module_preset=&#8221;default&#8221; background_color=&#8221;rgba(0,0,0,0.41)&#8221; background_image=&#8221;https:\/\/www.thetraka.com\/wp-content\/uploads\/2026\/02\/BANNER-2.jpg&#8221; background_position=&#8221;top_right&#8221; background_horizontal_offset=&#8221;73%&#8221; background_vertical_offset=&#8221;10%&#8221; background_blend=&#8221;overlay&#8221; width=&#8221;100%&#8221; width_tablet=&#8221;80%&#8221; width_phone=&#8221;80%&#8221; width_last_edited=&#8221;off|desktop&#8221; max_width=&#8221;800px&#8221; max_width_tablet=&#8221;600px&#8221; max_width_phone=&#8221;90%&#8221; max_width_last_edited=&#8221;on|phone&#8221; module_alignment=&#8221;center&#8221; height_tablet=&#8221;284px&#8221; height_phone=&#8221;262px&#8221; height_last_edited=&#8221;off|desktop&#8221; custom_margin=&#8221;0px||0px||false|false&#8221; custom_padding=&#8221;50px|80px|50px|80px|true|true&#8221; custom_padding_tablet=&#8221;48px|70px|48px|70px|true|true&#8221; custom_padding_phone=&#8221;44px|40px|44px|40px|true|true&#8221; global_colors_info=&#8221;{}&#8221;][et_pb_column type=&#8221;4_4&#8243; _builder_version=&#8221;4.27.4&#8243; _module_preset=&#8221;default&#8221; global_colors_info=&#8221;{}&#8221;][et_pb_text _builder_version=&#8221;4.27.5&#8243; _module_preset=&#8221;default&#8221; text_text_color=&#8221;#FFFFFF&#8221; text_font_size=&#8221;18px&#8221; text_line_height=&#8221;1.3em&#8221; text_orientation=&#8221;center&#8221; text_font_size_tablet=&#8221;17px&#8221; text_font_size_phone=&#8221;16px&#8221; text_font_size_last_edited=&#8221;on|phone&#8221; locked=&#8221;off&#8221; global_colors_info=&#8221;{}&#8221;]<\/p>\n<p><span>L&#8217;Extreme X est\u00e0 dissenyat per a la trobada entre el rendiment i l&#8217;exploraci\u00f3.<\/span><\/p>\n<p><span>A mesura que el ciclisme evoluciona m\u00e9s enll\u00e0 d&#8217;una sola superf\u00edcie, aquesta sabatilla est\u00e0 dissenyada per adaptar-s&#8217;hi.<\/span><\/p>\n<p><span>R\u00e0pida en gravel, estable en pista, eficient en rutes llargues i exigents.<\/span><\/p>\n<p>[\/et_pb_text][\/et_pb_column][\/et_pb_row][\/et_pb_section]<\/p>\n","protected":false},"excerpt":{"rendered":"<p>SABATILLES DE GRAVELper:El gravel ha esdevingut m\u00e9s que una disciplina \u2014\u00e9s un llenguatge cultural, i Girona n&#8217;\u00e9s la capital natural. A Northwave dissenyem cal\u00e7at, roba i accessoris d&#8217;alt rendiment per a ciclistes que van m\u00e9s enll\u00e0 d&#8217;una sola superf\u00edcie. Nascut d&#8217;una passi\u00f3 per l&#8217;aventura i la competici\u00f3, cada producte est\u00e0 dissenyat per rendir en gravel, [&hellip;]<\/p>\n","protected":false},"author":4,"featured_media":558,"parent":678,"menu_order":0,"comment_status":"closed","ping_status":"closed","template":"","meta":{"_et_pb_use_builder":"on","_et_pb_old_content":"","_et_gb_content_width":"","footnotes":""},"class_list":["post-3085","page","type-page","status-publish","has-post-thumbnail","hentry"],"_links":{"self":[{"href":"https:\/\/www.thetraka.com\/ca\/wp-json\/wp\/v2\/pages\/3085","targetHints":{"allow":["GET"]}}],"collection":[{"href":"https:\/\/www.thetraka.com\/ca\/wp-json\/wp\/v2\/pages"}],"about":[{"href":"https:\/\/www.thetraka.com\/ca\/wp-json\/wp\/v2\/types\/page"}],"author":[{"embeddable":true,"href":"https:\/\/www.thetraka.com\/ca\/wp-json\/wp\/v2\/users\/4"}],"replies":[{"embeddable":true,"href":"https:\/\/www.thetraka.com\/ca\/wp-json\/wp\/v2\/comments?post=3085"}],"version-history":[{"count":6,"href":"https:\/\/www.thetraka.com\/ca\/wp-json\/wp\/v2\/pages\/3085\/revisions"}],"predecessor-version":[{"id":3125,"href":"https:\/\/www.thetraka.com\/ca\/wp-json\/wp\/v2\/pages\/3085\/revisions\/3125"}],"up":[{"embeddable":true,"href":"https:\/\/www.thetraka.com\/ca\/wp-json\/wp\/v2\/pages\/678"}],"wp:featuredmedia":[{"embeddable":true,"href":"https:\/\/www.thetraka.com\/ca\/wp-json\/wp\/v2\/media\/558"}],"wp:attachment":[{"href":"https:\/\/www.thetraka.com\/ca\/wp-json\/wp\/v2\/media?parent=3085"}],"curies":[{"name":"wp","href":"https:\/\/api.w.org\/{rel}","templated":true}]}}