{"id":576,"date":"2025-10-31T10:26:31","date_gmt":"2025-10-31T09:26:31","guid":{"rendered":"https:\/\/www.thetraka.com\/premsa\/"},"modified":"2026-03-10T11:02:20","modified_gmt":"2026-03-10T10:02:20","slug":"press","status":"publish","type":"page","link":"https:\/\/www.thetraka.com\/ca\/press\/","title":{"rendered":"PREMSA"},"content":{"rendered":"<p>[et_pb_section fb_built=&#8221;1&#8243; custom_padding_last_edited=&#8221;on|phone&#8221; _builder_version=&#8221;4.27.4&#8243; _module_preset=&#8221;default&#8221; background_color=&#8221;rgba(0,0,0,0.66)&#8221; background_image=&#8221;https:\/\/www.thetraka.com\/wp-content\/uploads\/2025\/10\/press-the-traka-001.jpg&#8221; background_blend=&#8221;overlay&#8221; custom_padding=&#8221;295px||100px||false|false&#8221; custom_padding_tablet=&#8221;310px||110px||false|false&#8221; custom_padding_phone=&#8221;165px||45px||false|false&#8221; locked=&#8221;off&#8221; global_colors_info=&#8221;{}&#8221;][et_pb_row custom_padding_last_edited=&#8221;on|phone&#8221; _builder_version=&#8221;4.27.4&#8243; _module_preset=&#8221;default&#8221; custom_padding=&#8221;20px||20px||true|false&#8221; custom_padding_tablet=&#8221;22px||22px||true|false&#8221; custom_padding_phone=&#8221;23px||25px||false|false&#8221; global_colors_info=&#8221;{}&#8221;][et_pb_column type=&#8221;4_4&#8243; _builder_version=&#8221;4.27.4&#8243; _module_preset=&#8221;default&#8221; global_colors_info=&#8221;{}&#8221;][et_pb_text _builder_version=&#8221;4.27.4&#8243; _module_preset=&#8221;default&#8221; text_font_size=&#8221;62px&#8221; header_text_color=&#8221;#FFFFFF&#8221; header_font_size=&#8221;75px&#8221; header_letter_spacing=&#8221;2px&#8221; text_orientation=&#8221;center&#8221; custom_margin=&#8221;||0px||false|false&#8221; header_font_size_tablet=&#8221;60px&#8221; header_font_size_phone=&#8221;42px&#8221; header_font_size_last_edited=&#8221;on|phone&#8221; header_text_shadow_style=&#8221;preset1&#8243; global_colors_info=&#8221;{}&#8221;]<\/p>\n<h1>PREMSA<\/h1>\n<p>[\/et_pb_text][\/et_pb_column][\/et_pb_row][\/et_pb_section][et_pb_section fb_built=&#8221;1&#8243; _builder_version=&#8221;4.27.4&#8243; _module_preset=&#8221;default&#8221; locked=&#8221;off&#8221; global_colors_info=&#8221;{}&#8221;][et_pb_row column_structure=&#8221;1_2,1_2&#8243; use_custom_gutter=&#8221;on&#8221; gutter_width=&#8221;4&#8243; make_equal=&#8221;on&#8221; _builder_version=&#8221;4.27.4&#8243; _module_preset=&#8221;default&#8221; global_colors_info=&#8221;{}&#8221;][et_pb_column type=&#8221;1_2&#8243; _builder_version=&#8221;4.27.4&#8243; _module_preset=&#8221;default&#8221; global_colors_info=&#8221;{}&#8221;][et_pb_text _builder_version=&#8221;4.27.4&#8243; _module_preset=&#8221;default&#8221; text_text_color=&#8221;#000000&#8243; custom_margin=&#8221;||2px||false|false&#8221; custom_margin_tablet=&#8221;||4px||false|false&#8221; custom_margin_phone=&#8221;||3px||false|false&#8221; custom_margin_last_edited=&#8221;on|phone&#8221; global_colors_info=&#8221;{}&#8221;]<\/p>\n<h2>PREMSA<\/h2>\n<p>[\/et_pb_text][et_pb_text _builder_version=&#8221;4.27.4&#8243; _module_preset=&#8221;default&#8221; text_text_color=&#8221;#000000&#8243; text_font_size=&#8221;17px&#8221; text_line_height=&#8221;1.4em&#8221; custom_margin=&#8221;||20px|||&#8221; text_font_size_tablet=&#8221;16px&#8221; text_font_size_phone=&#8221;15px&#8221; text_font_size_last_edited=&#8221;on|phone&#8221; global_colors_info=&#8221;{}&#8221;]<\/p>\n<p>Aqu\u00ed trobar\u00e0s tot el contingut de premsa, comunicats i dossiers de \u201cThe Traka\u201d. Aquest material \u00e9s propietat de Klassmark i <strong>nom\u00e9s es pot utilitzar per promocionar l&#8217;esdeveniment, seguint els termes de drets d&#8217;autor que s&#8217;indiquen a continuaci\u00f3.<\/strong><\/p>\n<p>[\/et_pb_text][et_pb_text _builder_version=&#8221;4.27.5&#8243; _module_preset=&#8221;default&#8221; text_font=&#8221;||||||||&#8221; text_text_color=&#8221;#FFFFFF&#8221; text_font_size=&#8221;17px&#8221; text_letter_spacing=&#8221;3px&#8221; text_line_height=&#8221;1.2em&#8221; background_color=&#8221;#000000&#8243; text_orientation=&#8221;center&#8221; width=&#8221;220px&#8221; width_tablet=&#8221;231px&#8221; width_phone=&#8221;261px&#8221; width_last_edited=&#8221;on|phone&#8221; module_alignment=&#8221;left&#8221; custom_margin=&#8221;||10px||false|false&#8221; custom_padding=&#8221;12px||12px||true|false&#8221; link_option_url=&#8221;https:\/\/drive.google.com\/drive\/u\/1\/folders\/1oyN5gcIIBWTh65CQlRyqr8cPJ5IR5-cd&#8221; link_option_url_new_window=&#8221;on&#8221; text_font_size_tablet=&#8221;16px&#8221; text_font_size_phone=&#8221;15px&#8221; text_font_size_last_edited=&#8221;on|phone&#8221; locked=&#8221;off&#8221; global_colors_info=&#8221;{}&#8221; background__hover_enabled=&#8221;on|hover&#8221; background_color__hover=&#8221;#282828&#8243; background_enable_color__hover=&#8221;on&#8221; transform_styles__hover_enabled=&#8221;on|hover&#8221; transform_scale__hover_enabled=&#8221;on|hover&#8221; transform_translate__hover_enabled=&#8221;on|hover&#8221; transform_rotate__hover_enabled=&#8221;on|hover&#8221; transform_skew__hover_enabled=&#8221;on|hover&#8221; transform_origin__hover_enabled=&#8221;on|hover&#8221; transform_scale__hover=&#8221;101%|101%&#8221;]<\/p>\n<p>KIT DE PREMSA \u00bb<\/p>\n<p>[\/et_pb_text][\/et_pb_column][et_pb_column type=&#8221;1_2&#8243; _builder_version=&#8221;4.27.4&#8243; _module_preset=&#8221;default&#8221; global_colors_info=&#8221;{}&#8221;][et_pb_text _builder_version=&#8221;4.27.4&#8243; _module_preset=&#8221;default&#8221; text_text_color=&#8221;#000000&#8243; custom_margin=&#8221;||2px||false|false&#8221; custom_margin_tablet=&#8221;||4px||false|false&#8221; custom_margin_phone=&#8221;||3px||false|false&#8221; custom_margin_last_edited=&#8221;on|phone&#8221; global_colors_info=&#8221;{}&#8221;]<\/p>\n<h2>ACREDITACI\u00d3 DE PREMSA<\/h2>\n<p>[\/et_pb_text][et_pb_text _builder_version=&#8221;4.27.4&#8243; _module_preset=&#8221;default&#8221; text_text_color=&#8221;#000000&#8243; text_font_size=&#8221;17px&#8221; text_line_height=&#8221;1.4em&#8221; width=&#8221;90%&#8221; width_tablet=&#8221;99%&#8221; width_phone=&#8221;100%&#8221; width_last_edited=&#8221;on|phone&#8221; custom_margin=&#8221;||20px|||&#8221; text_font_size_tablet=&#8221;16px&#8221; text_font_size_phone=&#8221;15px&#8221; text_font_size_last_edited=&#8221;on|phone&#8221; global_colors_info=&#8221;{}&#8221;]<\/p>\n<p>Si treballes per a un mitj\u00e0, una marca o un atleta durant \u201cThe Traka\u201d, si us plau,<strong> omple el formulari d&#8217;acreditaci\u00f3.<\/strong> L&#8217;equip de Klassmark revisar\u00e0 i confirmar\u00e0 la teva sol\u00b7licitud per correu electr\u00f2nic.<\/p>\n<p>[\/et_pb_text][et_pb_text _builder_version=&#8221;4.27.6&#8243; _module_preset=&#8221;default&#8221; text_font=&#8221;||||||||&#8221; text_text_color=&#8221;#FFFFFF&#8221; text_font_size=&#8221;17px&#8221; text_letter_spacing=&#8221;3px&#8221; text_line_height=&#8221;1.2em&#8221; background_color=&#8221;#000000&#8243; text_orientation=&#8221;center&#8221; width=&#8221;220px&#8221; width_tablet=&#8221;231px&#8221; width_phone=&#8221;261px&#8221; width_last_edited=&#8221;on|phone&#8221; module_alignment=&#8221;left&#8221; custom_margin=&#8221;||10px||false|false&#8221; custom_padding=&#8221;12px||12px||true|false&#8221; link_option_url=&#8221;https:\/\/www.rockthesport.com\/en\/event\/press-and-media-accreditation-the-traka-2026\/registration\/form&#8221; link_option_url_new_window=&#8221;on&#8221; hover_enabled=&#8221;0&#8243; text_font_size_tablet=&#8221;16px&#8221; text_font_size_phone=&#8221;15px&#8221; text_font_size_last_edited=&#8221;on|phone&#8221; locked=&#8221;off&#8221; global_colors_info=&#8221;{}&#8221; background__hover_enabled=&#8221;on|hover&#8221; background_color__hover=&#8221;#282828&#8243; background_enable_color__hover=&#8221;on&#8221; transform_styles__hover_enabled=&#8221;on|hover&#8221; transform_scale__hover_enabled=&#8221;on|hover&#8221; transform_translate__hover_enabled=&#8221;on|hover&#8221; transform_rotate__hover_enabled=&#8221;on|hover&#8221; transform_skew__hover_enabled=&#8221;on|hover&#8221; transform_origin__hover_enabled=&#8221;on|hover&#8221; transform_scale__hover=&#8221;101%|101%&#8221; sticky_enabled=&#8221;0&#8243;]<\/p>\n<p>INSCRIU-TE \u00bb<\/p>\n<p>[\/et_pb_text][\/et_pb_column][\/et_pb_row][et_pb_row column_structure=&#8221;1_4,1_4,1_4,1_4&#8243; _builder_version=&#8221;4.27.4&#8243; _module_preset=&#8221;default&#8221; max_width=&#8221;1300px&#8221; custom_margin=&#8221;50px|auto||auto|false|false&#8221; custom_margin_tablet=&#8221;50px||||false|false&#8221; custom_margin_phone=&#8221;40px||||false|false&#8221; custom_margin_last_edited=&#8221;on|phone&#8221; custom_padding=&#8221;70px||||false|false&#8221; border_width_top=&#8221;1px&#8221; global_colors_info=&#8221;{}&#8221;][et_pb_column type=&#8221;1_4&#8243; _builder_version=&#8221;4.27.4&#8243; _module_preset=&#8221;default&#8221; global_colors_info=&#8221;{}&#8221;][et_pb_text _builder_version=&#8221;4.27.4&#8243; _module_preset=&#8221;default&#8221; text_text_color=&#8221;#000000&#8243; text_font_size=&#8221;18px&#8221; text_line_height=&#8221;1em&#8221; custom_margin=&#8221;||2px||false|false&#8221; custom_margin_tablet=&#8221;||4px||false|false&#8221; custom_margin_phone=&#8221;||3px||false|false&#8221; custom_margin_last_edited=&#8221;on|phone&#8221; text_font_size_tablet=&#8221;17px&#8221; text_font_size_phone=&#8221;16px&#8221; text_font_size_last_edited=&#8221;on|phone&#8221; global_colors_info=&#8221;{}&#8221;]<\/p>\n<p><strong>DRETS D&#8217;AUTOR A XARXES SOCIALS<\/strong><\/p>\n<p>[\/et_pb_text][et_pb_text _builder_version=&#8221;4.27.4&#8243; _module_preset=&#8221;default&#8221; text_text_color=&#8221;#000000&#8243; text_font_size=&#8221;17px&#8221; text_line_height=&#8221;1.4em&#8221; custom_margin=&#8221;20px||20px||false|false&#8221; text_font_size_tablet=&#8221;16px&#8221; text_font_size_phone=&#8221;15px&#8221; text_font_size_last_edited=&#8221;on|phone&#8221; global_colors_info=&#8221;{}&#8221;]<\/p>\n<p>Les imatges de The Traka compartides a Instagram, YouTube o altres plataformes han d&#8217;incloure l&#8217;atribuci\u00f3 completa dels drets d&#8217;autor a la descripci\u00f3 de la publicaci\u00f3 (no nom\u00e9s com a etiqueta):<\/p>\n<p><strong>@thetraka | @del_fot\u00f2graf<\/strong><\/p>\n<p>[\/et_pb_text][\/et_pb_column][et_pb_column type=&#8221;1_4&#8243; _builder_version=&#8221;4.27.4&#8243; _module_preset=&#8221;default&#8221; global_colors_info=&#8221;{}&#8221;][et_pb_text _builder_version=&#8221;4.27.4&#8243; _module_preset=&#8221;default&#8221; text_text_color=&#8221;#000000&#8243; text_font_size=&#8221;18px&#8221; text_line_height=&#8221;1em&#8221; custom_margin=&#8221;||2px||false|false&#8221; custom_margin_tablet=&#8221;||4px||false|false&#8221; custom_margin_phone=&#8221;||3px||false|false&#8221; custom_margin_last_edited=&#8221;on|phone&#8221; text_font_size_tablet=&#8221;17px&#8221; text_font_size_phone=&#8221;16px&#8221; text_font_size_last_edited=&#8221;on|phone&#8221; global_colors_info=&#8221;{}&#8221;]<\/p>\n<p><strong>\u00daS PER A PREMSA I IMPRESSI\u00d3<\/strong><\/p>\n<p>[\/et_pb_text][et_pb_text _builder_version=&#8221;4.27.4&#8243; _module_preset=&#8221;default&#8221; text_text_color=&#8221;#000000&#8243; text_font_size=&#8221;17px&#8221; text_line_height=&#8221;1.4em&#8221; custom_margin=&#8221;20px||20px||false|false&#8221; text_font_size_tablet=&#8221;16px&#8221; text_font_size_phone=&#8221;15px&#8221; text_font_size_last_edited=&#8221;on|phone&#8221; global_colors_info=&#8221;{}&#8221;]<\/p>\n<p>L&#8217;\u00fas de les imatges ha d&#8217;incloure els drets d&#8217;autor en el format seg\u00fcent:<\/p>\n<p><strong>\u00a9 the traka \u2013 Nom del Fot\u00f2graf<\/strong><\/p>\n<p>[\/et_pb_text][\/et_pb_column][et_pb_column type=&#8221;1_4&#8243; _builder_version=&#8221;4.27.4&#8243; _module_preset=&#8221;default&#8221; global_colors_info=&#8221;{}&#8221;][et_pb_text _builder_version=&#8221;4.27.4&#8243; _module_preset=&#8221;default&#8221; text_text_color=&#8221;#000000&#8243; text_font_size=&#8221;18px&#8221; text_line_height=&#8221;1em&#8221; custom_margin=&#8221;||2px||false|false&#8221; custom_margin_tablet=&#8221;||4px||false|false&#8221; custom_margin_phone=&#8221;||3px||false|false&#8221; custom_margin_last_edited=&#8221;on|phone&#8221; text_font_size_tablet=&#8221;17px&#8221; text_font_size_phone=&#8221;16px&#8221; text_font_size_last_edited=&#8221;on|phone&#8221; global_colors_info=&#8221;{}&#8221;]<\/p>\n<p><strong>\u00daS COMERCIAL<\/strong><\/p>\n<p>[\/et_pb_text][et_pb_text _builder_version=&#8221;4.27.4&#8243; _module_preset=&#8221;default&#8221; text_text_color=&#8221;#000000&#8243; text_font_size=&#8221;17px&#8221; text_line_height=&#8221;1.4em&#8221; custom_margin=&#8221;20px||20px||false|false&#8221; text_font_size_tablet=&#8221;16px&#8221; text_font_size_phone=&#8221;15px&#8221; text_font_size_last_edited=&#8221;on|phone&#8221; global_colors_info=&#8221;{}&#8221;]Totes les imatges preses a The Traka s\u00f3n propietat exclusiva de l&#8217;esdeveniment.<br \/>\nQualsevol \u00fas comercial s&#8217;ha de negociar i aprovar directament amb Klassmark. Els fot\u00f2grafs no estan autoritzats a llicenciar imatges amb finalitats comercials<br \/>\nde manera independent.[\/et_pb_text][\/et_pb_column][et_pb_column type=&#8221;1_4&#8243; _builder_version=&#8221;4.27.4&#8243; _module_preset=&#8221;default&#8221; global_colors_info=&#8221;{}&#8221;][et_pb_text _builder_version=&#8221;4.27.4&#8243; _module_preset=&#8221;default&#8221; text_text_color=&#8221;#000000&#8243; text_font_size=&#8221;18px&#8221; text_line_height=&#8221;1em&#8221; custom_margin=&#8221;||2px||false|false&#8221; custom_margin_tablet=&#8221;||4px||false|false&#8221; custom_margin_phone=&#8221;||3px||false|false&#8221; custom_margin_last_edited=&#8221;on|phone&#8221; text_font_size_tablet=&#8221;17px&#8221; text_font_size_phone=&#8221;16px&#8221; text_font_size_last_edited=&#8221;on|phone&#8221; global_colors_info=&#8221;{}&#8221;]<strong>ACREDITACI\u00d3 DE FOT\u00d2GRAFS<\/strong>[\/et_pb_text][et_pb_text _builder_version=&#8221;4.27.4&#8243; _module_preset=&#8221;default&#8221; text_text_color=&#8221;#000000&#8243; text_font_size=&#8221;17px&#8221; text_line_height=&#8221;1.4em&#8221; custom_margin=&#8221;20px||20px||false|false&#8221; text_font_size_tablet=&#8221;16px&#8221; text_font_size_phone=&#8221;15px&#8221; text_font_size_last_edited=&#8221;on|phone&#8221; global_colors_info=&#8221;{}&#8221;]En acceptar les credencials de premsa, els fot\u00f2grafs cedeixen tots els drets comercials a Klassmark. L&#8217;organitzaci\u00f3 pot utilitzar totes les imatges per al seu propi \u00fas promocional o<br \/>\neditorial sense compensaci\u00f3 addicional.[\/et_pb_text][\/et_pb_column][\/et_pb_row][\/et_pb_section]<\/p>\n","protected":false},"excerpt":{"rendered":"<p>PREMSAPREMSAAqu\u00ed trobar\u00e0s tot el contingut de premsa, comunicats i dossiers de \u201cThe Traka\u201d. Aquest material \u00e9s propietat de Klassmark i nom\u00e9s es pot utilitzar per promocionar l&#8217;esdeveniment, seguint els termes de drets d&#8217;autor que s&#8217;indiquen a continuaci\u00f3.KIT DE PREMSA \u00bbACREDITACI\u00d3 DE PREMSASi treballes per a un mitj\u00e0, una marca o un atleta durant \u201cThe Traka\u201d, [&hellip;]<\/p>\n","protected":false},"author":1,"featured_media":558,"parent":0,"menu_order":0,"comment_status":"closed","ping_status":"closed","template":"","meta":{"_et_pb_use_builder":"on","_et_pb_old_content":"","_et_gb_content_width":"","footnotes":""},"class_list":["post-576","page","type-page","status-publish","has-post-thumbnail","hentry"],"_links":{"self":[{"href":"https:\/\/www.thetraka.com\/ca\/wp-json\/wp\/v2\/pages\/576","targetHints":{"allow":["GET"]}}],"collection":[{"href":"https:\/\/www.thetraka.com\/ca\/wp-json\/wp\/v2\/pages"}],"about":[{"href":"https:\/\/www.thetraka.com\/ca\/wp-json\/wp\/v2\/types\/page"}],"author":[{"embeddable":true,"href":"https:\/\/www.thetraka.com\/ca\/wp-json\/wp\/v2\/users\/1"}],"replies":[{"embeddable":true,"href":"https:\/\/www.thetraka.com\/ca\/wp-json\/wp\/v2\/comments?post=576"}],"version-history":[{"count":14,"href":"https:\/\/www.thetraka.com\/ca\/wp-json\/wp\/v2\/pages\/576\/revisions"}],"predecessor-version":[{"id":3537,"href":"https:\/\/www.thetraka.com\/ca\/wp-json\/wp\/v2\/pages\/576\/revisions\/3537"}],"wp:featuredmedia":[{"embeddable":true,"href":"https:\/\/www.thetraka.com\/ca\/wp-json\/wp\/v2\/media\/558"}],"wp:attachment":[{"href":"https:\/\/www.thetraka.com\/ca\/wp-json\/wp\/v2\/media?parent=576"}],"curies":[{"name":"wp","href":"https:\/\/api.w.org\/{rel}","templated":true}]}}