{"id":5762,"date":"2026-04-28T14:32:43","date_gmt":"2026-04-28T12:32:43","guid":{"rendered":"https:\/\/www.thetraka.com\/perfect-kit\/perfect-kit-smith\/"},"modified":"2026-04-28T17:55:29","modified_gmt":"2026-04-28T15:55:29","slug":"helmets-eyewear","status":"publish","type":"page","link":"https:\/\/www.thetraka.com\/ca\/perfect-kit\/helmets-eyewear\/","title":{"rendered":"CASCOS I ULLERES"},"content":{"rendered":"<p>[et_pb_section fb_built=&#8221;1&#8243; custom_padding_last_edited=&#8221;on|phone&#8221; _builder_version=&#8221;4.27.6&#8243; _module_preset=&#8221;default&#8221; background_color=&#8221;rgba(0,0,0,0.57)&#8221; background_image=&#8221;https:\/\/www.thetraka.com\/wp-content\/uploads\/2026\/04\/perfect-kit-smith001.jpg&#8221; background_position=&#8221;top_left&#8221; background_blend=&#8221;overlay&#8221; custom_padding=&#8221;295px||100px||false|false&#8221; custom_padding_tablet=&#8221;310px||110px||false|false&#8221; custom_padding_phone=&#8221;165px||45px||false|false&#8221; locked=&#8221;off&#8221; global_colors_info=&#8221;{}&#8221;][et_pb_row custom_padding_last_edited=&#8221;on|phone&#8221; _builder_version=&#8221;4.27.4&#8243; _module_preset=&#8221;default&#8221; custom_padding=&#8221;20px||20px||true|false&#8221; custom_padding_tablet=&#8221;22px||22px||true|false&#8221; custom_padding_phone=&#8221;23px||25px||false|false&#8221; global_colors_info=&#8221;{}&#8221;][et_pb_column type=&#8221;4_4&#8243; _builder_version=&#8221;4.27.4&#8243; _module_preset=&#8221;default&#8221; global_colors_info=&#8221;{}&#8221;][et_pb_text _builder_version=&#8221;4.27.6&#8243; _module_preset=&#8221;default&#8221; text_font_size=&#8221;62px&#8221; header_font=&#8221;|||on|||||&#8221; header_text_color=&#8221;#FFFFFF&#8221; header_font_size=&#8221;75px&#8221; header_letter_spacing=&#8221;2px&#8221; text_orientation=&#8221;center&#8221; custom_margin=&#8221;||0px||false|false&#8221; hover_enabled=&#8221;0&#8243; header_font_size_tablet=&#8221;60px&#8221; header_font_size_phone=&#8221;42px&#8221; header_font_size_last_edited=&#8221;on|phone&#8221; header_text_shadow_style=&#8221;preset1&#8243; global_colors_info=&#8221;{}&#8221; sticky_enabled=&#8221;0&#8243;]<\/p>\n<h1>CASCOS I ULLERES<\/h1>\n<p>[\/et_pb_text][et_pb_text _builder_version=&#8221;4.27.6&#8243; _module_preset=&#8221;default&#8221; text_font=&#8221;Zeyada||||||||&#8221; text_text_color=&#8221;#FFFFFF&#8221; text_font_size=&#8221;40px&#8221; text_line_height=&#8221;1em&#8221; text_orientation=&#8221;center&#8221; custom_margin=&#8221;||-20px||false|false&#8221; custom_padding=&#8221;||0px||false|false&#8221; locked=&#8221;off&#8221; global_colors_info=&#8221;{}&#8221;]<\/p>\n<p>per:<\/p>\n<p>[\/et_pb_text][et_pb_image src=&#8221;https:\/\/www.thetraka.com\/wp-content\/uploads\/2026\/04\/smith-logo.png&#8221; title_text=&#8221;smith-logo&#8221; url=&#8221;https:\/\/www.226ers.com&#8221; url_new_window=&#8221;on&#8221; align=&#8221;center&#8221; _builder_version=&#8221;4.27.6&#8243; _module_preset=&#8221;default&#8221; width=&#8221;162px&#8221; width_tablet=&#8221;79px&#8221; width_phone=&#8221;65px&#8221; width_last_edited=&#8221;on|phone&#8221; module_alignment=&#8221;center&#8221; max_height=&#8221;1000px&#8221; custom_margin=&#8221;26px||||false|false&#8221; animation_style=&#8221;fade&#8221; locked=&#8221;off&#8221; global_colors_info=&#8221;{}&#8221; transform_styles__hover_enabled=&#8221;on|hover&#8221; transform_scale__hover=&#8221;102%|102%&#8221; transform_scale__hover_enabled=&#8221;on|hover&#8221; transform_translate__hover_enabled=&#8221;on|desktop&#8221; transform_rotate__hover_enabled=&#8221;on|desktop&#8221; transform_skew__hover_enabled=&#8221;on|desktop&#8221; transform_origin__hover_enabled=&#8221;on|desktop&#8221;][\/et_pb_image][\/et_pb_column][\/et_pb_row][\/et_pb_section][et_pb_section fb_built=&#8221;1&#8243; custom_padding_last_edited=&#8221;on|desktop&#8221; _builder_version=&#8221;4.27.4&#8243; _module_preset=&#8221;default&#8221; background_color=&#8221;#FFFFFF&#8221; background_image=&#8221;https:\/\/www.santavall.com\/wp-content\/uploads\/2025\/10\/xthetraka.png&#8221; background_size=&#8221;custom&#8221; background_image_width=&#8221;12%&#8221; background_position=&#8221;bottom_center&#8221; module_alignment=&#8221;center&#8221; custom_margin=&#8221;0px||0px||false|false&#8221; custom_padding=&#8221;50px|9px|150px||false|false&#8221; custom_padding_tablet=&#8221;40px|9px|55px||false|false&#8221; custom_padding_phone=&#8221;35px|0px|53px||false|false&#8221; background_last_edited=&#8221;on|phone&#8221; background_image_width_tablet=&#8221;24%&#8221; background_image_width_phone=&#8221;41%&#8221; global_colors_info=&#8221;{}&#8221;][et_pb_row custom_padding_last_edited=&#8221;on|phone&#8221; _builder_version=&#8221;4.27.6&#8243; _module_preset=&#8221;default&#8221; background_color=&#8221;rgba(0,0,0,0.76)&#8221; background_image=&#8221;https:\/\/www.thetraka.com\/wp-content\/uploads\/2026\/04\/perfect-kit-smith002.jpg&#8221; background_blend=&#8221;overlay&#8221; max_width=&#8221;1000px&#8221; max_width_tablet=&#8221;600px&#8221; max_width_phone=&#8221;90%&#8221; max_width_last_edited=&#8221;on|tablet&#8221; module_alignment=&#8221;center&#8221; custom_margin=&#8221;0px||0px||false|false&#8221; custom_padding=&#8221;104px|80px|104px|80px|true|true&#8221; custom_padding_tablet=&#8221;59px|70px|59px|70px|true|true&#8221; custom_padding_phone=&#8221;44px|40px|44px|40px|true|true&#8221; global_colors_info=&#8221;{}&#8221;][et_pb_column type=&#8221;4_4&#8243; _builder_version=&#8221;4.27.4&#8243; _module_preset=&#8221;default&#8221; global_colors_info=&#8221;{}&#8221;][et_pb_text _builder_version=&#8221;4.27.6&#8243; _module_preset=&#8221;default&#8221; header_text_color=&#8221;#FFFFFF&#8221; header_font_size=&#8221;22px&#8221; text_orientation=&#8221;center&#8221; locked=&#8221;off&#8221; global_colors_info=&#8221;{}&#8221;]<\/p>\n<h1>DISSENYAT PER A LA VISI\u00d3. CONSTRU\u00cfT PER A LA PROTECCI\u00d3 <\/h1>\n<p>[\/et_pb_text][et_pb_text _builder_version=&#8221;4.27.6&#8243; _module_preset=&#8221;default&#8221; text_text_color=&#8221;#FFFFFF&#8221; text_font_size=&#8221;18px&#8221; text_line_height=&#8221;1.3em&#8221; text_orientation=&#8221;center&#8221; width=&#8221;85%&#8221; module_alignment=&#8221;center&#8221; text_font_size_tablet=&#8221;17px&#8221; text_font_size_phone=&#8221;16px&#8221; text_font_size_last_edited=&#8221;on|phone&#8221; locked=&#8221;off&#8221; global_colors_info=&#8221;{}&#8221;]<\/p>\n<p>El gravel no \u00e9s nom\u00e9s un terreny, \u00e9s una prova de visi\u00f3, precisi\u00f3 i control. A Girona, on la velocitat es troba amb la pols i l&#8217;instint amb la resist\u00e8ncia, cada detall importa. <\/p>\n<p>Des de cascos fins a ulleres de rendiment, Smith Optics ha estat redefinint la protecci\u00f3 i la claredat des del 1965, combinant innovaci\u00f3, seguretat i disseny per a atletes que superen els l\u00edmits.<\/p>\n<p>Des d&#8217;esfor\u00e7os explosius fins a rutes de tot el dia, cada lent, cada muntura, cada casc est\u00e0 constru\u00eft per rendir en gravel, pista i carretera.<\/p>\n<p><strong>Veure M\u00e9s. Pedalar Protegit. Rendir Millor.  <\/strong><\/p>\n<p>[\/et_pb_text][\/et_pb_column][\/et_pb_row][et_pb_row column_structure=&#8221;1_3,1_3,1_3&#8243; _builder_version=&#8221;4.27.4&#8243; _module_preset=&#8221;default&#8221; max_width=&#8221;1000px&#8221; max_width_tablet=&#8221;364px&#8221; max_width_phone=&#8221;90%&#8221; max_width_last_edited=&#8221;on|phone&#8221; custom_margin=&#8221;45px||||false|false&#8221; global_colors_info=&#8221;{}&#8221;][et_pb_column type=&#8221;1_3&#8243; _builder_version=&#8221;4.27.4&#8243; _module_preset=&#8221;default&#8221; global_colors_info=&#8221;{}&#8221;][et_pb_image src=&#8221;https:\/\/www.thetraka.com\/wp-content\/uploads\/2026\/04\/perfect-kit-smith-005.jpg&#8221; title_text=&#8221;perfect-kit-smith-005&#8243; align=&#8221;center&#8221; force_fullwidth=&#8221;on&#8221; _builder_version=&#8221;4.27.6&#8243; _module_preset=&#8221;default&#8221; min_height=&#8221;90%&#8221; custom_margin=&#8221;40px||||false|false&#8221; global_colors_info=&#8221;{}&#8221;][\/et_pb_image][et_pb_text _builder_version=&#8221;4.27.6&#8243; _module_preset=&#8221;default&#8221; text_orientation=&#8221;center&#8221; custom_margin=&#8221;-12px||5px||false|false&#8221; custom_margin_tablet=&#8221;-14px||4px||false|false&#8221; custom_margin_phone=&#8221;-20px||3px||false|false&#8221; custom_margin_last_edited=&#8221;on|phone&#8221; global_colors_info=&#8221;{}&#8221;]<\/p>\n<h3>MODEL IGNITE<\/h3>\n<p>[\/et_pb_text][et_pb_text _builder_version=&#8221;4.27.6&#8243; _module_preset=&#8221;default&#8221; text_font_size=&#8221;17px&#8221; text_line_height=&#8221;1.4em&#8221; text_orientation=&#8221;center&#8221; width=&#8221;269px&#8221; module_alignment=&#8221;center&#8221; text_font_size_tablet=&#8221;16px&#8221; text_font_size_phone=&#8221;15px&#8221; text_font_size_last_edited=&#8221;on|phone&#8221; global_colors_info=&#8221;{}&#8221;]La seva forma aerodin\u00e0mica, la protecci\u00f3 contra impactes KOROYD\u00ae amb absorci\u00f3 d&#8217;energia i el sistema de revestiment Mips\u00ae et proporcionen la confian\u00e7a i l&#8217;avantatge que necessitar\u00e0s per atacar amb velocitat i atrapar l&#8217;escapada.[\/et_pb_text][et_pb_text _builder_version=&#8221;4.27.6&#8243; _module_preset=&#8221;default&#8221; text_text_color=&#8221;#FFFFFF&#8221; text_font_size=&#8221;15px&#8221; text_letter_spacing=&#8221;1px&#8221; text_line_height=&#8221;1.1em&#8221; background_color=&#8221;#000000&#8243; text_orientation=&#8221;center&#8221; width=&#8221;220px&#8221; width_tablet=&#8221;209px&#8221; width_phone=&#8221;232px&#8221; width_last_edited=&#8221;on|phone&#8221; module_alignment=&#8221;center&#8221; custom_margin=&#8221;15px||||false|false&#8221; custom_padding=&#8221;10px|25px|10px|25px|true|true&#8221; custom_padding_tablet=&#8221;9px|20px|9px|20px|true|true&#8221; custom_padding_phone=&#8221;14px|15px|14px|15px|true|true&#8221; custom_padding_last_edited=&#8221;on|phone&#8221; link_option_url=&#8221;https:\/\/www.smithoptics.com\/en-us\/products\/ignite-mips-r&#8221; link_option_url_new_window=&#8221;on&#8221; box_shadow_style=&#8221;preset1&#8243; box_shadow_blur=&#8221;5px&#8221; locked=&#8221;off&#8221; global_colors_info=&#8221;{}&#8221; transform_styles__hover_enabled=&#8221;on|hover&#8221; background_color__hover=&#8221;#272525&#8243; background_enable_color__hover=&#8221;on&#8221; background__hover_enabled=&#8221;on|hover&#8221; transform_scale__hover=&#8221;102%|102%&#8221; transform_scale__hover_enabled=&#8221;on|hover&#8221; transform_translate__hover_enabled=&#8221;on|desktop&#8221; transform_rotate__hover_enabled=&#8221;on|desktop&#8221; transform_skew__hover_enabled=&#8221;on|desktop&#8221; transform_origin__hover_enabled=&#8221;on|desktop&#8221;]<\/p>\n<p>DESCOBREIX-HO \u00bb<\/p>\n<p>[\/et_pb_text][\/et_pb_column][et_pb_column type=&#8221;1_3&#8243; _builder_version=&#8221;4.27.4&#8243; _module_preset=&#8221;default&#8221; global_colors_info=&#8221;{}&#8221;][et_pb_image src=&#8221;https:\/\/www.thetraka.com\/wp-content\/uploads\/2026\/04\/perfect-kit-smith-004.jpg&#8221; title_text=&#8221;perfect-kit-smith-004&#8243; align=&#8221;center&#8221; force_fullwidth=&#8221;on&#8221; _builder_version=&#8221;4.27.6&#8243; _module_preset=&#8221;default&#8221; min_height=&#8221;90%&#8221; custom_margin=&#8221;40px||||false|false&#8221; global_colors_info=&#8221;{}&#8221;][\/et_pb_image][et_pb_text _builder_version=&#8221;4.27.6&#8243; _module_preset=&#8221;default&#8221; text_orientation=&#8221;center&#8221; custom_margin=&#8221;-12px||5px||false|false&#8221; custom_margin_tablet=&#8221;-14px||4px||false|false&#8221; custom_margin_phone=&#8221;-20px||3px||false|false&#8221; custom_margin_last_edited=&#8221;on|phone&#8221; global_colors_info=&#8221;{}&#8221;]<\/p>\n<h3>MODEL TRACE<\/h3>\n<p>[\/et_pb_text][et_pb_text _builder_version=&#8221;4.27.6&#8243; _module_preset=&#8221;default&#8221; text_font_size=&#8221;17px&#8221; text_line_height=&#8221;1.4em&#8221; text_orientation=&#8221;center&#8221; width=&#8221;280px&#8221; width_tablet=&#8221;&#8221; width_phone=&#8221;&#8221; width_last_edited=&#8221;on|phone&#8221; module_alignment=&#8221;center&#8221; text_font_size_tablet=&#8221;16px&#8221; text_font_size_phone=&#8221;15px&#8221; text_font_size_last_edited=&#8221;on|phone&#8221; global_colors_info=&#8221;{}&#8221;]Llargs descensos sinuosos i sortides r\u00e0pides el dia de la cursa, el Smith Trace \u00e9s sin\u00f2nim de versatilitat. Per a carretera, gravel o bikepacking, aquest casc de bicicleta combina la protecci\u00f3 KOROYD\u00ae completa amb Mips\u00ae per a una seguretat en la qual pots confiar si la ruta es complica.[\/et_pb_text][et_pb_text _builder_version=&#8221;4.27.6&#8243; _module_preset=&#8221;default&#8221; text_text_color=&#8221;#FFFFFF&#8221; text_font_size=&#8221;15px&#8221; text_letter_spacing=&#8221;1px&#8221; text_line_height=&#8221;1.1em&#8221; background_color=&#8221;#000000&#8243; text_orientation=&#8221;center&#8221; width=&#8221;220px&#8221; width_tablet=&#8221;209px&#8221; width_phone=&#8221;232px&#8221; width_last_edited=&#8221;on|phone&#8221; module_alignment=&#8221;center&#8221; custom_margin=&#8221;15px||||false|false&#8221; custom_padding=&#8221;10px|25px|10px|25px|true|true&#8221; custom_padding_tablet=&#8221;9px|20px|9px|20px|true|true&#8221; custom_padding_phone=&#8221;14px|15px|14px|15px|true|true&#8221; custom_padding_last_edited=&#8221;on|phone&#8221; link_option_url=&#8221;https:\/\/www.smithoptics.com\/en-us\/products\/trace-mips-r&#8221; link_option_url_new_window=&#8221;on&#8221; box_shadow_style=&#8221;preset1&#8243; box_shadow_blur=&#8221;5px&#8221; locked=&#8221;off&#8221; global_colors_info=&#8221;{}&#8221; transform_styles__hover_enabled=&#8221;on|hover&#8221; background_color__hover=&#8221;#272525&#8243; background_enable_color__hover=&#8221;on&#8221; background__hover_enabled=&#8221;on|hover&#8221; transform_scale__hover=&#8221;102%|102%&#8221; transform_scale__hover_enabled=&#8221;on|hover&#8221; transform_translate__hover_enabled=&#8221;on|desktop&#8221; transform_rotate__hover_enabled=&#8221;on|desktop&#8221; transform_skew__hover_enabled=&#8221;on|desktop&#8221; transform_origin__hover_enabled=&#8221;on|desktop&#8221;]<\/p>\n<p>DESCOBREIX-HO \u00bb<\/p>\n<p>[\/et_pb_text][\/et_pb_column][et_pb_column type=&#8221;1_3&#8243; _builder_version=&#8221;4.27.4&#8243; _module_preset=&#8221;default&#8221; global_colors_info=&#8221;{}&#8221;][et_pb_image src=&#8221;https:\/\/www.thetraka.com\/wp-content\/uploads\/2026\/04\/perfect-kit-smith-003.jpg&#8221; title_text=&#8221;perfect-kit-smith-003&#8243; align=&#8221;center&#8221; force_fullwidth=&#8221;on&#8221; _builder_version=&#8221;4.27.6&#8243; _module_preset=&#8221;default&#8221; min_height=&#8221;90%&#8221; custom_margin=&#8221;40px||||false|false&#8221; global_colors_info=&#8221;{}&#8221;][\/et_pb_image][et_pb_text _builder_version=&#8221;4.27.6&#8243; _module_preset=&#8221;default&#8221; text_orientation=&#8221;center&#8221; custom_margin=&#8221;-12px||5px||false|false&#8221; custom_margin_tablet=&#8221;-14px||4px||false|false&#8221; custom_margin_phone=&#8221;-20px||3px||false|false&#8221; custom_margin_last_edited=&#8221;on|phone&#8221; global_colors_info=&#8221;{}&#8221;]<\/p>\n<h3>MODEL NETWORK<\/h3>\n<p>[\/et_pb_text][et_pb_text _builder_version=&#8221;4.27.6&#8243; _module_preset=&#8221;default&#8221; text_font_size=&#8221;17px&#8221; text_line_height=&#8221;1.4em&#8221; text_orientation=&#8221;center&#8221; text_font_size_tablet=&#8221;16px&#8221; text_font_size_phone=&#8221;15px&#8221; text_font_size_last_edited=&#8221;on|phone&#8221; global_colors_info=&#8221;{}&#8221;]Sempre t&#8217;ha atret el repte d&#8217;una nova ruta, un nou cam\u00ed, l&#8217;emoci\u00f3 de l&#8217;inesperat. Dissenyat per a qualsevol aventura sobre dues rodes, el Smith Network \u00e9s el nostre casc de bicicleta vers\u00e0til i preparat per a l&#8217;acci\u00f3.[\/et_pb_text][et_pb_text _builder_version=&#8221;4.27.6&#8243; _module_preset=&#8221;default&#8221; text_text_color=&#8221;#FFFFFF&#8221; text_font_size=&#8221;15px&#8221; text_letter_spacing=&#8221;1px&#8221; text_line_height=&#8221;1.1em&#8221; background_color=&#8221;#000000&#8243; text_orientation=&#8221;center&#8221; width=&#8221;220px&#8221; width_tablet=&#8221;209px&#8221; width_phone=&#8221;232px&#8221; width_last_edited=&#8221;on|phone&#8221; module_alignment=&#8221;center&#8221; custom_margin=&#8221;15px||||false|false&#8221; custom_padding=&#8221;10px|25px|10px|25px|true|true&#8221; custom_padding_tablet=&#8221;9px|20px|9px|20px|true|true&#8221; custom_padding_phone=&#8221;14px|15px|14px|15px|true|true&#8221; custom_padding_last_edited=&#8221;on|phone&#8221; link_option_url=&#8221;https:\/\/www.smithoptics.com\/en-us\/products\/network-mips-r&#8221; link_option_url_new_window=&#8221;on&#8221; box_shadow_style=&#8221;preset1&#8243; box_shadow_blur=&#8221;5px&#8221; locked=&#8221;off&#8221; global_colors_info=&#8221;{}&#8221; transform_styles__hover_enabled=&#8221;on|hover&#8221; background_color__hover=&#8221;#272525&#8243; background_enable_color__hover=&#8221;on&#8221; background__hover_enabled=&#8221;on|hover&#8221; transform_scale__hover=&#8221;102%|102%&#8221; transform_scale__hover_enabled=&#8221;on|hover&#8221; transform_translate__hover_enabled=&#8221;on|desktop&#8221; transform_rotate__hover_enabled=&#8221;on|desktop&#8221; transform_skew__hover_enabled=&#8221;on|desktop&#8221; transform_origin__hover_enabled=&#8221;on|desktop&#8221;]<\/p>\n<p>DESCOBREIX-HO \u00bb<\/p>\n<p>[\/et_pb_text][\/et_pb_column][\/et_pb_row][et_pb_row column_structure=&#8221;1_2,1_2&#8243; _builder_version=&#8221;4.27.6&#8243; _module_preset=&#8221;default&#8221; max_width=&#8221;700px&#8221; max_width_tablet=&#8221;364px&#8221; max_width_phone=&#8221;90%&#8221; max_width_last_edited=&#8221;on|phone&#8221; custom_margin=&#8221;45px||||false|false&#8221; global_colors_info=&#8221;{}&#8221;][et_pb_column type=&#8221;1_2&#8243; _builder_version=&#8221;4.27.4&#8243; _module_preset=&#8221;default&#8221; global_colors_info=&#8221;{}&#8221;][et_pb_image src=&#8221;https:\/\/www.thetraka.com\/wp-content\/uploads\/2026\/04\/perfect-kit-smith-002.jpg&#8221; title_text=&#8221;perfect-kit-smith-002&#8243; align=&#8221;center&#8221; force_fullwidth=&#8221;on&#8221; _builder_version=&#8221;4.27.6&#8243; _module_preset=&#8221;default&#8221; min_height=&#8221;90%&#8221; custom_margin=&#8221;40px||||false|false&#8221; global_colors_info=&#8221;{}&#8221;][\/et_pb_image][et_pb_text _builder_version=&#8221;4.27.6&#8243; _module_preset=&#8221;default&#8221; text_orientation=&#8221;center&#8221; custom_margin=&#8221;||5px||false|false&#8221; custom_margin_tablet=&#8221;-14px||4px||false|false&#8221; custom_margin_phone=&#8221;-20px||3px||false|false&#8221; custom_margin_last_edited=&#8221;off|desktop&#8221; global_colors_info=&#8221;{}&#8221;]<\/p>\n<h3>MODEL TRIAD<\/h3>\n<p>[\/et_pb_text][et_pb_text _builder_version=&#8221;4.27.6&#8243; _module_preset=&#8221;default&#8221; text_font_size=&#8221;17px&#8221; text_line_height=&#8221;1.4em&#8221; text_orientation=&#8221;center&#8221; text_font_size_tablet=&#8221;16px&#8221; text_font_size_phone=&#8221;15px&#8221; text_font_size_last_edited=&#8221;on|phone&#8221; global_colors_info=&#8221;{}&#8221;]Tant si pedales per mantenir-te en forma, per entrenament espec\u00edfic o simplement per diversi\u00f3, el casc de bicicleta Smith Triad et protegeix a la carretera amb tecnologia avan\u00e7ada d&#8217;impacte i un confort ajustable. La combinaci\u00f3 de Zonal KOROYD\u00ae i Mips\u00ae ajuda a absorbir els impactes i les forces rotacionals perqu\u00e8 et puguis concentrar en la pedalada. [\/et_pb_text][et_pb_text _builder_version=&#8221;4.27.6&#8243; _module_preset=&#8221;default&#8221; text_text_color=&#8221;#FFFFFF&#8221; text_font_size=&#8221;15px&#8221; text_letter_spacing=&#8221;1px&#8221; text_line_height=&#8221;1.1em&#8221; background_color=&#8221;#000000&#8243; text_orientation=&#8221;center&#8221; width=&#8221;220px&#8221; width_tablet=&#8221;209px&#8221; width_phone=&#8221;232px&#8221; width_last_edited=&#8221;on|phone&#8221; module_alignment=&#8221;center&#8221; custom_margin=&#8221;15px||||false|false&#8221; custom_padding=&#8221;10px|25px|10px|25px|true|true&#8221; custom_padding_tablet=&#8221;9px|20px|9px|20px|true|true&#8221; custom_padding_phone=&#8221;14px|15px|14px|15px|true|true&#8221; custom_padding_last_edited=&#8221;on|phone&#8221; link_option_url=&#8221;https:\/\/www.smithoptics.com\/en-us\/products\/triad-mips-r&#8221; link_option_url_new_window=&#8221;on&#8221; box_shadow_style=&#8221;preset1&#8243; box_shadow_blur=&#8221;5px&#8221; locked=&#8221;off&#8221; global_colors_info=&#8221;{}&#8221; transform_styles__hover_enabled=&#8221;on|hover&#8221; background_color__hover=&#8221;#272525&#8243; background_enable_color__hover=&#8221;on&#8221; background__hover_enabled=&#8221;on|hover&#8221; transform_scale__hover=&#8221;102%|102%&#8221; transform_scale__hover_enabled=&#8221;on|hover&#8221; transform_translate__hover_enabled=&#8221;on|desktop&#8221; transform_rotate__hover_enabled=&#8221;on|desktop&#8221; transform_skew__hover_enabled=&#8221;on|desktop&#8221; transform_origin__hover_enabled=&#8221;on|desktop&#8221;]<\/p>\n<p>DESCOBREIX-HO \u00bb<\/p>\n<p>[\/et_pb_text][\/et_pb_column][et_pb_column type=&#8221;1_2&#8243; _builder_version=&#8221;4.27.4&#8243; _module_preset=&#8221;default&#8221; global_colors_info=&#8221;{}&#8221;][et_pb_image src=&#8221;https:\/\/www.thetraka.com\/wp-content\/uploads\/2026\/04\/perfect-kit-smith-001.jpg&#8221; title_text=&#8221;perfect-kit-smith-001&#8243; align=&#8221;center&#8221; force_fullwidth=&#8221;on&#8221; _builder_version=&#8221;4.27.6&#8243; _module_preset=&#8221;default&#8221; min_height=&#8221;90%&#8221; custom_margin=&#8221;40px||||false|false&#8221; global_colors_info=&#8221;{}&#8221;][\/et_pb_image][et_pb_text _builder_version=&#8221;4.27.6&#8243; _module_preset=&#8221;default&#8221; text_orientation=&#8221;center&#8221; custom_margin=&#8221;||5px||false|false&#8221; custom_margin_tablet=&#8221;-14px||4px||false|false&#8221; custom_margin_phone=&#8221;-20px||3px||false|false&#8221; custom_margin_last_edited=&#8221;off|desktop&#8221; global_colors_info=&#8221;{}&#8221;]<\/p>\n<h3>MODEL PRESIST<\/h3>\n<p>[\/et_pb_text][et_pb_text _builder_version=&#8221;4.27.6&#8243; _module_preset=&#8221;default&#8221; text_font_size=&#8221;17px&#8221; text_line_height=&#8221;1.4em&#8221; text_orientation=&#8221;center&#8221; width=&#8221;265px&#8221; width_tablet=&#8221;265px&#8221; width_phone=&#8221;265px&#8221; width_last_edited=&#8221;on|phone&#8221; module_alignment=&#8221;center&#8221; text_font_size_tablet=&#8221;16px&#8221; text_font_size_phone=&#8221;15px&#8221; text_font_size_last_edited=&#8221;on|phone&#8221; global_colors_info=&#8221;{}&#8221;]Ja sigui per a una sortida r\u00e0pida a l&#8217;hora de dinar o una ruta de 60 milles el cap de setmana, el casc de carretera Smith Persist est\u00e0 preparat per a qualsevol cosa que tinguis al cap. Dissenyat per sentir-se fet a mida per al teu cap, pots ajustar-ne la fixaci\u00f3 sobre la marxa amb un regulador de dial f\u00e0cil d&#8217;utilitzar.[\/et_pb_text][et_pb_text _builder_version=&#8221;4.27.6&#8243; _module_preset=&#8221;default&#8221; text_text_color=&#8221;#FFFFFF&#8221; text_font_size=&#8221;15px&#8221; text_letter_spacing=&#8221;1px&#8221; text_line_height=&#8221;1.1em&#8221; background_color=&#8221;#000000&#8243; text_orientation=&#8221;center&#8221; width=&#8221;220px&#8221; width_tablet=&#8221;209px&#8221; width_phone=&#8221;232px&#8221; width_last_edited=&#8221;on|phone&#8221; module_alignment=&#8221;center&#8221; custom_margin=&#8221;15px||||false|false&#8221; custom_padding=&#8221;10px|25px|10px|25px|true|true&#8221; custom_padding_tablet=&#8221;9px|20px|9px|20px|true|true&#8221; custom_padding_phone=&#8221;14px|15px|14px|15px|true|true&#8221; custom_padding_last_edited=&#8221;on|phone&#8221; link_option_url=&#8221;https:\/\/www.smithoptics.com\/de-at\/products\/persist-mips-r&#8221; link_option_url_new_window=&#8221;on&#8221; box_shadow_style=&#8221;preset1&#8243; box_shadow_blur=&#8221;5px&#8221; locked=&#8221;off&#8221; global_colors_info=&#8221;{}&#8221; transform_styles__hover_enabled=&#8221;on|hover&#8221; background_color__hover=&#8221;#272525&#8243; background_enable_color__hover=&#8221;on&#8221; background__hover_enabled=&#8221;on|hover&#8221; transform_scale__hover=&#8221;102%|102%&#8221; transform_scale__hover_enabled=&#8221;on|hover&#8221; transform_translate__hover_enabled=&#8221;on|desktop&#8221; transform_rotate__hover_enabled=&#8221;on|desktop&#8221; transform_skew__hover_enabled=&#8221;on|desktop&#8221; transform_origin__hover_enabled=&#8221;on|desktop&#8221;]<\/p>\n<p>DESCOBREIX-HO \u00bb<\/p>\n<p>[\/et_pb_text][\/et_pb_column][\/et_pb_row][\/et_pb_section]<\/p>\n","protected":false},"excerpt":{"rendered":"<p>CASCOS I ULLERESper:DISSENYAT PER A LA VISI\u00d3. CONSTRU\u00cfT PER A LA PROTECCI\u00d3 El gravel no \u00e9s nom\u00e9s un terreny, \u00e9s una prova de visi\u00f3, precisi\u00f3 i control. A Girona, on la velocitat es troba amb la pols i l&#8217;instint amb la resist\u00e8ncia, cada detall importa. Des de cascos fins a ulleres de rendiment, Smith Optics [&hellip;]<\/p>\n","protected":false},"author":1,"featured_media":558,"parent":678,"menu_order":0,"comment_status":"closed","ping_status":"closed","template":"","meta":{"_et_pb_use_builder":"on","_et_pb_old_content":"","_et_gb_content_width":"","footnotes":""},"class_list":["post-5762","page","type-page","status-publish","has-post-thumbnail","hentry"],"_links":{"self":[{"href":"https:\/\/www.thetraka.com\/ca\/wp-json\/wp\/v2\/pages\/5762","targetHints":{"allow":["GET"]}}],"collection":[{"href":"https:\/\/www.thetraka.com\/ca\/wp-json\/wp\/v2\/pages"}],"about":[{"href":"https:\/\/www.thetraka.com\/ca\/wp-json\/wp\/v2\/types\/page"}],"author":[{"embeddable":true,"href":"https:\/\/www.thetraka.com\/ca\/wp-json\/wp\/v2\/users\/1"}],"replies":[{"embeddable":true,"href":"https:\/\/www.thetraka.com\/ca\/wp-json\/wp\/v2\/comments?post=5762"}],"version-history":[{"count":37,"href":"https:\/\/www.thetraka.com\/ca\/wp-json\/wp\/v2\/pages\/5762\/revisions"}],"predecessor-version":[{"id":5919,"href":"https:\/\/www.thetraka.com\/ca\/wp-json\/wp\/v2\/pages\/5762\/revisions\/5919"}],"up":[{"embeddable":true,"href":"https:\/\/www.thetraka.com\/ca\/wp-json\/wp\/v2\/pages\/678"}],"wp:featuredmedia":[{"embeddable":true,"href":"https:\/\/www.thetraka.com\/ca\/wp-json\/wp\/v2\/media\/558"}],"wp:attachment":[{"href":"https:\/\/www.thetraka.com\/ca\/wp-json\/wp\/v2\/media?parent=5762"}],"curies":[{"name":"wp","href":"https:\/\/api.w.org\/{rel}","templated":true}]}}