{"id":662,"date":"2025-10-30T21:12:28","date_gmt":"2025-10-30T20:12:28","guid":{"rendered":"https:\/\/www.thetraka.com\/segueix-el-ritme\/"},"modified":"2026-02-06T13:01:01","modified_gmt":"2026-02-06T12:01:01","slug":"roda-hi","status":"publish","type":"page","link":"https:\/\/www.thetraka.com\/ca\/perfect-kit\/roda-hi\/","title":{"rendered":"RODE WITH IT"},"content":{"rendered":"<p>[et_pb_section fb_built=&#8221;1&#8243; custom_padding_last_edited=&#8221;on|phone&#8221; _builder_version=&#8221;4.27.4&#8243; _module_preset=&#8221;default&#8221; background_color=&#8221;rgba(0,0,0,0.66)&#8221; background_image=&#8221;https:\/\/www.thetraka.com\/wp-content\/uploads\/2025\/10\/rode-with-it001.jpg&#8221; background_blend=&#8221;overlay&#8221; custom_padding=&#8221;295px||100px||false|false&#8221; custom_padding_tablet=&#8221;310px||110px||false|false&#8221; custom_padding_phone=&#8221;165px||45px||false|false&#8221; locked=&#8221;off&#8221; global_colors_info=&#8221;{}&#8221;][et_pb_row custom_padding_last_edited=&#8221;on|phone&#8221; _builder_version=&#8221;4.27.4&#8243; _module_preset=&#8221;default&#8221; custom_padding=&#8221;21px||21px||true|false&#8221; custom_padding_tablet=&#8221;22px||22px||true|false&#8221; custom_padding_phone=&#8221;23px||25px||false|false&#8221; global_colors_info=&#8221;{}&#8221;][et_pb_column type=&#8221;4_4&#8243; _builder_version=&#8221;4.27.4&#8243; _module_preset=&#8221;default&#8221; global_colors_info=&#8221;{}&#8221;][et_pb_text _builder_version=&#8221;4.27.5&#8243; _module_preset=&#8221;default&#8221; text_font_size=&#8221;62px&#8221; header_text_color=&#8221;#FFFFFF&#8221; header_font_size=&#8221;75px&#8221; header_letter_spacing=&#8221;2px&#8221; text_orientation=&#8221;center&#8221; custom_margin=&#8221;||0px||false|false&#8221; header_font_size_tablet=&#8221;60px&#8221; header_font_size_phone=&#8221;42px&#8221; header_font_size_last_edited=&#8221;on|phone&#8221; header_text_shadow_style=&#8221;preset1&#8243; global_colors_info=&#8221;{}&#8221;]<\/p>\n<h1>RODE WITH IT<\/h1>\n<p>[\/et_pb_text][et_pb_text _builder_version=&#8221;4.27.4&#8243; _module_preset=&#8221;default&#8221; text_font=&#8221;Zeyada||||||||&#8221; text_text_color=&#8221;#FFFFFF&#8221; text_font_size=&#8221;40px&#8221; text_line_height=&#8221;1em&#8221; text_orientation=&#8221;center&#8221; custom_margin=&#8221;||-15px||false|false&#8221; custom_padding=&#8221;||0px||false|false&#8221; locked=&#8221;off&#8221; global_colors_info=&#8221;{}&#8221;]<\/p>\n<p>per:<\/p>\n<p>[\/et_pb_text][et_pb_image src=&#8221;https:\/\/www.thetraka.com\/wp-content\/uploads\/2025\/10\/logo-zip-santa-vall.png&#8221; title_text=&#8221;logo-zip-santa-vall&#8221; url=&#8221;https:\/\/www.sram.com\/en\/zipp&#8221; url_new_window=&#8221;on&#8221; align=&#8221;center&#8221; _builder_version=&#8221;4.27.5&#8243; _module_preset=&#8221;default&#8221; width=&#8221;220px&#8221; width_tablet=&#8221;230px&#8221; width_phone=&#8221;159px&#8221; width_last_edited=&#8221;on|phone&#8221; module_alignment=&#8221;center&#8221; animation_style=&#8221;fade&#8221; hover_enabled=&#8221;0&#8243; global_colors_info=&#8221;{}&#8221; transform_styles__hover_enabled=&#8221;on|hover&#8221; transform_scale__hover=&#8221;102%|102%&#8221; transform_scale__hover_enabled=&#8221;on|hover&#8221; transform_translate__hover_enabled=&#8221;on|desktop&#8221; transform_rotate__hover_enabled=&#8221;on|desktop&#8221; transform_skew__hover_enabled=&#8221;on|desktop&#8221; transform_origin__hover_enabled=&#8221;on|desktop&#8221; custom_margin=&#8221;22px||||false|false&#8221; sticky_enabled=&#8221;0&#8243;][\/et_pb_image][\/et_pb_column][\/et_pb_row][\/et_pb_section][et_pb_section fb_built=&#8221;1&#8243; custom_padding_last_edited=&#8221;on|desktop&#8221; _builder_version=&#8221;4.27.4&#8243; _module_preset=&#8221;default&#8221; background_color=&#8221;#FFFFFF&#8221; background_image=&#8221;https:\/\/www.santavall.com\/wp-content\/uploads\/2025\/10\/xthetraka.png&#8221; background_size=&#8221;custom&#8221; background_image_width=&#8221;12%&#8221; background_position=&#8221;bottom_center&#8221; module_alignment=&#8221;center&#8221; custom_margin=&#8221;0px||0px||false|false&#8221; custom_padding=&#8221;50px|9px|150px||false|false&#8221; custom_padding_tablet=&#8221;40px|9px|55px||false|false&#8221; custom_padding_phone=&#8221;35px|0px|53px||false|false&#8221; background_last_edited=&#8221;on|phone&#8221; background_image_width_tablet=&#8221;24%&#8221; background_image_width_phone=&#8221;41%&#8221; global_colors_info=&#8221;{}&#8221;][et_pb_row custom_padding_last_edited=&#8221;on|phone&#8221; _builder_version=&#8221;4.27.4&#8243; _module_preset=&#8221;default&#8221; background_color=&#8221;rgba(0,0,0,0.58)&#8221; background_image=&#8221;https:\/\/www.thetraka.com\/wp-content\/uploads\/2025\/10\/rode-with-it002.jpg&#8221; background_blend=&#8221;overlay&#8221; max_width=&#8221;800px&#8221; max_width_tablet=&#8221;600px&#8221; max_width_phone=&#8221;90%&#8221; max_width_last_edited=&#8221;on|phone&#8221; module_alignment=&#8221;center&#8221; custom_margin=&#8221;0px||0px||false|false&#8221; custom_padding=&#8221;104px|80px|104px|80px|true|true&#8221; custom_padding_tablet=&#8221;59px|70px|59px|70px|true|true&#8221; custom_padding_phone=&#8221;44px|40px|44px|40px|true|true&#8221; global_colors_info=&#8221;{}&#8221;][et_pb_column type=&#8221;4_4&#8243; _builder_version=&#8221;4.27.4&#8243; _module_preset=&#8221;default&#8221; global_colors_info=&#8221;{}&#8221;][et_pb_text _builder_version=&#8221;4.27.4&#8243; _module_preset=&#8221;default&#8221; header_text_color=&#8221;#FFFFFF&#8221; header_font_size=&#8221;22px&#8221; text_orientation=&#8221;center&#8221; locked=&#8221;off&#8221; global_colors_info=&#8221;{}&#8221;]<\/p>\n<h1>Col\u00b7lecci\u00f3 XPLR de Zipp<\/h1>\n<p>[\/et_pb_text][et_pb_text _builder_version=&#8221;4.27.4&#8243; _module_preset=&#8221;default&#8221; text_text_color=&#8221;#FFFFFF&#8221; text_font_size=&#8221;18px&#8221; text_line_height=&#8221;1.3em&#8221; text_orientation=&#8221;center&#8221; text_font_size_tablet=&#8221;17px&#8221; text_font_size_phone=&#8221;16px&#8221; text_font_size_last_edited=&#8221;on|phone&#8221; locked=&#8221;off&#8221; global_colors_info=&#8221;{}&#8221;]Et permet rodar amb tot el que la grava et posi al davant.[\/et_pb_text][\/et_pb_column][\/et_pb_row][et_pb_row column_structure=&#8221;1_3,1_3,1_3&#8243; _builder_version=&#8221;4.27.4&#8243; _module_preset=&#8221;default&#8221; max_width=&#8221;1000px&#8221; max_width_tablet=&#8221;364px&#8221; max_width_phone=&#8221;90%&#8221; max_width_last_edited=&#8221;on|phone&#8221; custom_margin=&#8221;45px||||false|false&#8221; global_colors_info=&#8221;{}&#8221;][et_pb_column type=&#8221;1_3&#8243; _builder_version=&#8221;4.27.4&#8243; _module_preset=&#8221;default&#8221; global_colors_info=&#8221;{}&#8221;][et_pb_image src=&#8221;https:\/\/www.thetraka.com\/wp-content\/uploads\/2026\/02\/001918735000-WH-303-XPSW-DBCL-700F-12X100-STD-A1-c-3q-scaled.png&#8221; title_text=&#8221;001918735000-WH-303-XPSW-DBCL-700F-12X100-STD-A1-c-3q&#8221; url=&#8221;https:\/\/www.sram.com\/en\/zipp\/road\/series\/303-xplr%20&#8243; url_new_window=&#8221;on&#8221; align=&#8221;center&#8221; _builder_version=&#8221;4.27.5&#8243; _module_preset=&#8221;default&#8221; width=&#8221;230px&#8221; width_tablet=&#8221;250px&#8221; width_phone=&#8221;220px&#8221; width_last_edited=&#8221;on|phone&#8221; module_alignment=&#8221;center&#8221; custom_margin=&#8221;0px||33px||false|false&#8221; custom_margin_tablet=&#8221;22px||33px||false|false&#8221; custom_margin_phone=&#8221;22px||33px||false|false&#8221; custom_margin_last_edited=&#8221;on|desktop&#8221; module_alignment_tablet=&#8221;center&#8221; module_alignment_phone=&#8221;center&#8221; module_alignment_last_edited=&#8221;on|desktop&#8221; global_colors_info=&#8221;{}&#8221;][\/et_pb_image][et_pb_text _builder_version=&#8221;4.27.4&#8243; _module_preset=&#8221;default&#8221; text_orientation=&#8221;center&#8221; custom_margin=&#8221;-12px||5px||false|false&#8221; custom_margin_tablet=&#8221;-14px||4px||false|false&#8221; custom_margin_phone=&#8221;-20px||3px||false|false&#8221; custom_margin_last_edited=&#8221;on|phone&#8221; global_colors_info=&#8221;{}&#8221;]<\/p>\n<h3>Jocs de rodes 303 XPLR<\/h3>\n<p>[\/et_pb_text][et_pb_text _builder_version=&#8221;4.27.4&#8243; _module_preset=&#8221;default&#8221; text_font_size=&#8221;17px&#8221; text_line_height=&#8221;1.4em&#8221; text_orientation=&#8221;center&#8221; text_font_size_tablet=&#8221;16px&#8221; text_font_size_phone=&#8221;15px&#8221; text_font_size_last_edited=&#8221;on|phone&#8221; global_colors_info=&#8221;{}&#8221;]La roda de gravel m\u00e9s r\u00e0pida per a tothom, la 303 XPLR SW i S t&#8217;ajuda a descobrir els avantatges d&#8217;anar al m\u00e0xim amb beneficis aerodin\u00e0mics i baixa pressi\u00f3.[\/et_pb_text][et_pb_text _builder_version=&#8221;4.27.4&#8243; _module_preset=&#8221;default&#8221; text_text_color=&#8221;#FFFFFF&#8221; text_font_size=&#8221;15px&#8221; text_letter_spacing=&#8221;1px&#8221; text_line_height=&#8221;1.1em&#8221; background_color=&#8221;#000000&#8243; text_orientation=&#8221;center&#8221; width=&#8221;220px&#8221; width_tablet=&#8221;209px&#8221; width_phone=&#8221;232px&#8221; width_last_edited=&#8221;on|phone&#8221; module_alignment=&#8221;center&#8221; custom_margin=&#8221;15px||||false|false&#8221; custom_padding=&#8221;10px|25px|10px|25px|true|true&#8221; custom_padding_tablet=&#8221;9px|20px|9px|20px|true|true&#8221; custom_padding_phone=&#8221;14px|15px|14px|15px|true|true&#8221; custom_padding_last_edited=&#8221;on|phone&#8221; link_option_url=&#8221;https:\/\/www.sram.com\/en\/zipp\/models\/wh-101-xplr-a1&#8243; link_option_url_new_window=&#8221;on&#8221; box_shadow_style=&#8221;preset1&#8243; box_shadow_blur=&#8221;5px&#8221; locked=&#8221;off&#8221; global_colors_info=&#8221;{}&#8221; transform_styles__hover_enabled=&#8221;on|hover&#8221; background_color__hover=&#8221;#272525&#8243; background_enable_color__hover=&#8221;on&#8221; background__hover_enabled=&#8221;on|hover&#8221; transform_scale__hover=&#8221;102%|102%&#8221; transform_scale__hover_enabled=&#8221;on|hover&#8221; transform_translate__hover_enabled=&#8221;on|desktop&#8221; transform_rotate__hover_enabled=&#8221;on|desktop&#8221; transform_skew__hover_enabled=&#8221;on|desktop&#8221; transform_origin__hover_enabled=&#8221;on|desktop&#8221;]<\/p>\n<p>DESCOBREIX-HO \u00bb<\/p>\n<p>[\/et_pb_text][\/et_pb_column][et_pb_column type=&#8221;1_3&#8243; _builder_version=&#8221;4.27.4&#8243; _module_preset=&#8221;default&#8221; global_colors_info=&#8221;{}&#8221;][et_pb_image src=&#8221;https:\/\/www.thetraka.com\/wp-content\/uploads\/2025\/10\/Captura-de-pantalla-2025-08-04-a-les-13.25.19.png&#8221; title_text=&#8221;Captura de pantalla 2025-08-04 a les 13.25.19&#8243; url=&#8221;https:\/\/www.sram.com\/en\/zipp\/models\/hb-dbsc-sl7x-a2&#8243; url_new_window=&#8221;on&#8221; align=&#8221;center&#8221; _builder_version=&#8221;4.27.4&#8243; _module_preset=&#8221;default&#8221; width=&#8221;254px&#8221; width_tablet=&#8221;250px&#8221; width_phone=&#8221;220px&#8221; width_last_edited=&#8221;on|phone&#8221; module_alignment=&#8221;center&#8221; custom_margin=&#8221;0px||33px||false|false&#8221; custom_margin_tablet=&#8221;22px||33px||false|false&#8221; custom_margin_phone=&#8221;22px||33px||false|false&#8221; custom_margin_last_edited=&#8221;on|desktop&#8221; module_alignment_tablet=&#8221;center&#8221; module_alignment_phone=&#8221;center&#8221; module_alignment_last_edited=&#8221;on|desktop&#8221; global_colors_info=&#8221;{}&#8221;][\/et_pb_image][et_pb_text _builder_version=&#8221;4.27.4&#8243; _module_preset=&#8221;default&#8221; text_orientation=&#8221;center&#8221; custom_margin=&#8221;-12px||5px||false|false&#8221; custom_margin_tablet=&#8221;-14px||4px||false|false&#8221; custom_margin_phone=&#8221;-20px||3px||false|false&#8221; custom_margin_last_edited=&#8221;on|phone&#8221; global_colors_info=&#8221;{}&#8221;]<\/p>\n<h3>Manillar SL 70 XPLR<\/h3>\n<p>[\/et_pb_text][et_pb_text _builder_version=&#8221;4.27.4&#8243; _module_preset=&#8221;default&#8221; text_font_size=&#8221;17px&#8221; text_line_height=&#8221;1.4em&#8221; text_orientation=&#8221;center&#8221; width=&#8221;250px&#8221; width_tablet=&#8221;300px&#8221; width_phone=&#8221;230px&#8221; width_last_edited=&#8221;on|phone&#8221; module_alignment=&#8221;center&#8221; text_font_size_tablet=&#8221;16px&#8221; text_font_size_phone=&#8221;15px&#8221; text_font_size_last_edited=&#8221;on|phone&#8221; global_colors_info=&#8221;{}&#8221;]<\/p>\n<p>El manillar de carboni premium SL 70 XPLR de Zipp et dona m\u00e9s control. Est\u00e0 dissenyat per a una integraci\u00f3 perfecta amb SRAM AXS. <\/p>\n<p>[\/et_pb_text][et_pb_text _builder_version=&#8221;4.27.4&#8243; _module_preset=&#8221;default&#8221; text_text_color=&#8221;#FFFFFF&#8221; text_font_size=&#8221;15px&#8221; text_letter_spacing=&#8221;1px&#8221; text_line_height=&#8221;1.1em&#8221; background_color=&#8221;#000000&#8243; text_orientation=&#8221;center&#8221; width=&#8221;220px&#8221; width_tablet=&#8221;209px&#8221; width_phone=&#8221;232px&#8221; width_last_edited=&#8221;on|phone&#8221; module_alignment=&#8221;center&#8221; custom_margin=&#8221;15px||||false|false&#8221; custom_padding=&#8221;10px|25px|10px|25px|true|true&#8221; custom_padding_tablet=&#8221;9px|20px|9px|20px|true|true&#8221; custom_padding_phone=&#8221;14px|15px|14px|15px|true|true&#8221; custom_padding_last_edited=&#8221;on|phone&#8221; link_option_url=&#8221;https:\/\/www.sram.com\/en\/zipp\/models\/hb-dbsc-sl7x-a2&#8243; link_option_url_new_window=&#8221;on&#8221; box_shadow_style=&#8221;preset1&#8243; box_shadow_blur=&#8221;5px&#8221; locked=&#8221;off&#8221; global_colors_info=&#8221;{}&#8221; transform_styles__hover_enabled=&#8221;on|hover&#8221; background_color__hover=&#8221;#272525&#8243; background_enable_color__hover=&#8221;on&#8221; background__hover_enabled=&#8221;on|hover&#8221; transform_scale__hover=&#8221;102%|102%&#8221; transform_scale__hover_enabled=&#8221;on|hover&#8221; transform_translate__hover_enabled=&#8221;on|desktop&#8221; transform_rotate__hover_enabled=&#8221;on|desktop&#8221; transform_skew__hover_enabled=&#8221;on|desktop&#8221; transform_origin__hover_enabled=&#8221;on|desktop&#8221;]<\/p>\n<p>DESCOBREIX-HO \u00bb<\/p>\n<p>[\/et_pb_text][\/et_pb_column][et_pb_column type=&#8221;1_3&#8243; _builder_version=&#8221;4.27.4&#8243; _module_preset=&#8221;default&#8221; global_colors_info=&#8221;{}&#8221;][et_pb_image src=&#8221;https:\/\/www.thetraka.com\/wp-content\/uploads\/2025\/10\/Captura-de-pantalla-2025-08-04-a-les-13.40.13.png&#8221; title_text=&#8221;Captura de pantalla 2025-08-04 a les 13.40.13&#8243; url=&#8221;https:\/\/axs.sram.com\/guides\/tire\/pressure&#8221; url_new_window=&#8221;on&#8221; align=&#8221;center&#8221; _builder_version=&#8221;4.27.4&#8243; _module_preset=&#8221;default&#8221; width=&#8221;221px&#8221; width_tablet=&#8221;270px&#8221; width_phone=&#8221;220px&#8221; width_last_edited=&#8221;on|phone&#8221; module_alignment=&#8221;center&#8221; custom_margin=&#8221;0px||33px||false|false&#8221; custom_margin_tablet=&#8221;22px||33px||false|false&#8221; custom_margin_phone=&#8221;22px||33px||false|false&#8221; custom_margin_last_edited=&#8221;on|desktop&#8221; module_alignment_tablet=&#8221;center&#8221; module_alignment_phone=&#8221;center&#8221; module_alignment_last_edited=&#8221;on|desktop&#8221; global_colors_info=&#8221;{}&#8221;][\/et_pb_image][et_pb_text _builder_version=&#8221;4.27.4&#8243; _module_preset=&#8221;default&#8221; text_orientation=&#8221;center&#8221; custom_margin=&#8221;-12px||5px||false|false&#8221; custom_margin_tablet=&#8221;-14px||4px||false|false&#8221; custom_margin_phone=&#8221;-20px||3px||false|false&#8221; custom_margin_last_edited=&#8221;on|phone&#8221; global_colors_info=&#8221;{}&#8221;]<\/p>\n<h3>LA GUIA DE PRESSI\u00d3<\/h3>\n<p>[\/et_pb_text][et_pb_text _builder_version=&#8221;4.27.4&#8243; _module_preset=&#8221;default&#8221; text_font_size=&#8221;17px&#8221; text_line_height=&#8221;1.4em&#8221; text_orientation=&#8221;center&#8221; text_font_size_tablet=&#8221;16px&#8221; text_font_size_phone=&#8221;15px&#8221; text_font_size_last_edited=&#8221;on|phone&#8221; global_colors_info=&#8221;{}&#8221;]La pressi\u00f3 \u00f2ptima dels pneum\u00e0tics \u00e9s un factor vital per anar m\u00e9s r\u00e0pid. Aquesta calculadora de pressi\u00f3 de pneum\u00e0tics proporciona la pressi\u00f3 recomanada per a les rodes Zipp.[\/et_pb_text][et_pb_text _builder_version=&#8221;4.27.4&#8243; _module_preset=&#8221;default&#8221; text_text_color=&#8221;#FFFFFF&#8221; text_font_size=&#8221;15px&#8221; text_letter_spacing=&#8221;1px&#8221; text_line_height=&#8221;1.1em&#8221; background_color=&#8221;#000000&#8243; text_orientation=&#8221;center&#8221; width=&#8221;220px&#8221; width_tablet=&#8221;209px&#8221; width_phone=&#8221;232px&#8221; width_last_edited=&#8221;on|phone&#8221; module_alignment=&#8221;center&#8221; custom_margin=&#8221;15px||||false|false&#8221; custom_padding=&#8221;10px|25px|10px|25px|true|true&#8221; custom_padding_tablet=&#8221;9px|20px|9px|20px|true|true&#8221; custom_padding_phone=&#8221;14px|15px|14px|15px|true|true&#8221; custom_padding_last_edited=&#8221;on|phone&#8221; link_option_url=&#8221;https:\/\/axs.sram.com\/guides\/tire\/pressure&#8221; link_option_url_new_window=&#8221;on&#8221; box_shadow_style=&#8221;preset1&#8243; box_shadow_blur=&#8221;5px&#8221; locked=&#8221;off&#8221; global_colors_info=&#8221;{}&#8221; transform_styles__hover_enabled=&#8221;on|hover&#8221; background_color__hover=&#8221;#272525&#8243; background_enable_color__hover=&#8221;on&#8221; background__hover_enabled=&#8221;on|hover&#8221; transform_scale__hover=&#8221;102%|102%&#8221; transform_scale__hover_enabled=&#8221;on|hover&#8221; transform_translate__hover_enabled=&#8221;on|desktop&#8221; transform_rotate__hover_enabled=&#8221;on|desktop&#8221; transform_skew__hover_enabled=&#8221;on|desktop&#8221; transform_origin__hover_enabled=&#8221;on|desktop&#8221;]<\/p>\n<p>DESCOBREIX-HO \u00bb<\/p>\n<p>[\/et_pb_text][\/et_pb_column][\/et_pb_row][\/et_pb_section]<\/p>\n","protected":false},"excerpt":{"rendered":"<p>RODE WITH ITper:Col\u00b7lecci\u00f3 XPLR de ZippEt permet rodar amb tot el que la grava et posi al davant.Jocs de rodes 303 XPLRLa roda de gravel m\u00e9s r\u00e0pida per a tothom, la 303 XPLR SW i S t&#8217;ajuda a descobrir els avantatges d&#8217;anar al m\u00e0xim amb beneficis aerodin\u00e0mics i baixa pressi\u00f3.DESCOBREIX-HO \u00bbManillar SL 70 XPLREl manillar [&hellip;]<\/p>\n","protected":false},"author":1,"featured_media":558,"parent":678,"menu_order":0,"comment_status":"closed","ping_status":"closed","template":"","meta":{"_et_pb_use_builder":"on","_et_pb_old_content":"","_et_gb_content_width":"","footnotes":""},"class_list":["post-662","page","type-page","status-publish","has-post-thumbnail","hentry"],"_links":{"self":[{"href":"https:\/\/www.thetraka.com\/ca\/wp-json\/wp\/v2\/pages\/662","targetHints":{"allow":["GET"]}}],"collection":[{"href":"https:\/\/www.thetraka.com\/ca\/wp-json\/wp\/v2\/pages"}],"about":[{"href":"https:\/\/www.thetraka.com\/ca\/wp-json\/wp\/v2\/types\/page"}],"author":[{"embeddable":true,"href":"https:\/\/www.thetraka.com\/ca\/wp-json\/wp\/v2\/users\/1"}],"replies":[{"embeddable":true,"href":"https:\/\/www.thetraka.com\/ca\/wp-json\/wp\/v2\/comments?post=662"}],"version-history":[{"count":25,"href":"https:\/\/www.thetraka.com\/ca\/wp-json\/wp\/v2\/pages\/662\/revisions"}],"predecessor-version":[{"id":3139,"href":"https:\/\/www.thetraka.com\/ca\/wp-json\/wp\/v2\/pages\/662\/revisions\/3139"}],"up":[{"embeddable":true,"href":"https:\/\/www.thetraka.com\/ca\/wp-json\/wp\/v2\/pages\/678"}],"wp:featuredmedia":[{"embeddable":true,"href":"https:\/\/www.thetraka.com\/ca\/wp-json\/wp\/v2\/media\/558"}],"wp:attachment":[{"href":"https:\/\/www.thetraka.com\/ca\/wp-json\/wp\/v2\/media?parent=662"}],"curies":[{"name":"wp","href":"https:\/\/api.w.org\/{rel}","templated":true}]}}