{"id":882,"date":"2025-11-07T09:55:11","date_gmt":"2025-11-07T08:55:11","guid":{"rendered":"https:\/\/www.thetraka.com\/finestra-emergent-prova\/"},"modified":"2026-04-22T12:42:07","modified_gmt":"2026-04-22T10:42:07","slug":"inscripcions","status":"publish","type":"page","link":"https:\/\/www.thetraka.com\/ca\/inscripcions\/","title":{"rendered":"INSCRIPCIONS"},"content":{"rendered":"<p>[et_pb_section fb_built=&#8221;1&#8243; custom_padding_last_edited=&#8221;on|phone&#8221; _builder_version=&#8221;4.27.4&#8243; _module_preset=&#8221;default&#8221; background_color=&#8221;rgba(0,0,0,0.79)&#8221; background_image=&#8221;https:\/\/www.thetraka.com\/wp-content\/uploads\/2025\/10\/the-traka-007.jpg&#8221; background_blend=&#8221;overlay&#8221; custom_padding=&#8221;295px||486px|0px|false|false&#8221; custom_padding_tablet=&#8221;310px||110px||false|false&#8221; custom_padding_phone=&#8221;165px||45px||false|false&#8221; locked=&#8221;off&#8221; global_colors_info=&#8221;{}&#8221;][et_pb_row custom_padding_last_edited=&#8221;on|phone&#8221; _builder_version=&#8221;4.27.4&#8243; _module_preset=&#8221;default&#8221; custom_padding=&#8221;20px||20px||true|false&#8221; custom_padding_tablet=&#8221;22px||22px||true|false&#8221; custom_padding_phone=&#8221;23px||25px||false|false&#8221; global_colors_info=&#8221;{}&#8221;][et_pb_column type=&#8221;4_4&#8243; _builder_version=&#8221;4.27.4&#8243; _module_preset=&#8221;default&#8221; global_colors_info=&#8221;{}&#8221;][et_pb_text _builder_version=&#8221;4.27.6&#8243; _module_preset=&#8221;default&#8221; text_font_size=&#8221;62px&#8221; header_text_color=&#8221;#FFFFFF&#8221; header_font_size=&#8221;75px&#8221; header_letter_spacing=&#8221;2px&#8221; text_orientation=&#8221;center&#8221; custom_margin=&#8221;1px||0px||false|false&#8221; hover_enabled=&#8221;0&#8243; header_font_size_tablet=&#8221;60px&#8221; header_font_size_phone=&#8221;35px&#8221; header_font_size_last_edited=&#8221;on|phone&#8221; header_text_shadow_style=&#8221;preset1&#8243; global_colors_info=&#8221;{}&#8221; sticky_enabled=&#8221;0&#8243;]<\/p>\n<h1>INSCRIPCIONS<\/h1>\n<p>[\/et_pb_text][\/et_pb_column][\/et_pb_row][et_pb_row column_structure=&#8221;1_4,1_4,1_4,1_4&#8243; use_custom_gutter=&#8221;on&#8221; gutter_width=&#8221;2&#8243; make_equal=&#8221;on&#8221; custom_padding_last_edited=&#8221;on|phone&#8221; _builder_version=&#8221;4.27.4&#8243; _module_preset=&#8221;default&#8221; width=&#8221;90%&#8221; max_width=&#8221;1500px&#8221; custom_margin=&#8221;8px|auto||auto|false|false&#8221; custom_padding=&#8221;20px||20px||true|false&#8221; custom_padding_tablet=&#8221;22px||22px||true|false&#8221; custom_padding_phone=&#8221;23px||25px||false|false&#8221; global_colors_info=&#8221;{}&#8221;][et_pb_column type=&#8221;1_4&#8243; _builder_version=&#8221;4.27.4&#8243; _module_preset=&#8221;default&#8221; background_color=&#8221;rgba(0,0,0,0.5)&#8221; custom_padding=&#8221;60px|10px|60px|10px|true|true&#8221; border_radii=&#8221;on|10px|10px|10px|10px&#8221; global_colors_info=&#8221;{}&#8221;][et_pb_image src=&#8221;https:\/\/www.thetraka.com\/wp-content\/uploads\/2025\/10\/the-traka-logo-w.png&#8221; title_text=&#8221;the-traka-logo-w&#8221; align=&#8221;center&#8221; _builder_version=&#8221;4.27.4&#8243; _module_preset=&#8221;default&#8221; width=&#8221;200px&#8221; width_tablet=&#8221;190px&#8221; width_phone=&#8221;180px&#8221; width_last_edited=&#8221;on|phone&#8221; global_colors_info=&#8221;{}&#8221;][\/et_pb_image][et_pb_text _builder_version=&#8221;4.27.4&#8243; _module_preset=&#8221;default&#8221; text_font=&#8221;\u2013et_global_heading_font||||||||&#8221; text_text_color=&#8221;#FFFFFF&#8221; text_font_size=&#8221;100px&#8221; text_orientation=&#8221;center&#8221; custom_margin=&#8221;40px||||false|false&#8221; custom_margin_tablet=&#8221;39px||||false|false&#8221; custom_margin_phone=&#8221;37px||||false|false&#8221; custom_margin_last_edited=&#8221;on|phone&#8221; text_font_size_tablet=&#8221;99px&#8221; text_font_size_phone=&#8221;92px&#8221; text_font_size_last_edited=&#8221;on|phone&#8221; global_colors_info=&#8221;{}&#8221;]<\/p>\n<p>100<\/p>\n<p>[\/et_pb_text][et_pb_text _builder_version=&#8221;4.27.4&#8243; _module_preset=&#8221;default&#8221; text_font=&#8221;\u2013et_global_heading_font||||||||&#8221; text_text_color=&#8221;#FFFFFF&#8221; text_font_size=&#8221;28px&#8221; background_color=&#8221;#ff0000&#8243; transform_rotate=&#8221;0deg|0deg|356deg&#8221; text_orientation=&#8221;center&#8221; width=&#8221;200px&#8221; width_tablet=&#8221;199px&#8221; width_phone=&#8221;185px&#8221; width_last_edited=&#8221;on|phone&#8221; module_alignment=&#8221;center&#8221; custom_margin=&#8221;40px||||false|false&#8221; custom_margin_tablet=&#8221;39px||||false|false&#8221; custom_margin_phone=&#8221;37px||||false|false&#8221; custom_margin_last_edited=&#8221;on|phone&#8221; animation_style=&#8221;bounce&#8221; text_font_size_tablet=&#8221;26px&#8221; text_font_size_phone=&#8221;24px&#8221; text_font_size_last_edited=&#8221;on|phone&#8221; global_colors_info=&#8221;{}&#8221;]<\/p>\n<p>ESGOTAT<\/p>\n<p>[\/et_pb_text][et_pb_text _builder_version=&#8221;4.27.5&#8243; _module_preset=&#8221;default&#8221; text_font=&#8221;\u2013et_global_heading_font||||||||&#8221; text_text_color=&#8221;#FFFFFF&#8221; text_font_size=&#8221;30px&#8221; text_line_height=&#8221;1em&#8221; background_color=&#8221;#333333&#8243; text_orientation=&#8221;center&#8221; width=&#8221;252px&#8221; width_tablet=&#8221;220px&#8221; width_phone=&#8221;215px&#8221; width_last_edited=&#8221;on|phone&#8221; module_alignment=&#8221;center&#8221; custom_margin=&#8221;68px||||false|false&#8221; custom_margin_tablet=&#8221;60px||||false|false&#8221; custom_margin_phone=&#8221;59px||||false|false&#8221; custom_margin_last_edited=&#8221;on|phone&#8221; custom_padding=&#8221;11px||11px||true|false&#8221; animation_style=&#8221;bounce&#8221; link_option_url=&#8221;https:\/\/www.rockthesport.com\/en\/event\/the-traka-2026\/registration\/select-rate?auto=1&#038;frm=0&#038;cmp=1&#8243; link_option_url_new_window=&#8221;on&#8221; text_font_size_tablet=&#8221;28px&#8221; text_font_size_phone=&#8221;26px&#8221; text_font_size_last_edited=&#8221;on|phone&#8221; global_colors_info=&#8221;{}&#8221; transform_styles__hover_enabled=&#8221;off|desktop&#8221; transform_scale__hover_enabled=&#8221;off|desktop&#8221; transform_translate__hover_enabled=&#8221;off|desktop&#8221; transform_rotate__hover_enabled=&#8221;off|desktop&#8221; transform_skew__hover_enabled=&#8221;off|desktop&#8221; transform_origin__hover_enabled=&#8221;off|desktop&#8221; transform_scale__hover=&#8221;103%|103%&#8221; transform_rotate__hover=&#8221;0deg|0deg|356deg&#8221; background__hover_enabled=&#8221;on|hover&#8221; background_color__hover=&#8221;#1c1c1c&#8221; background_enable_color__hover=&#8221;on&#8221;]<\/p>\n<p>LLISTA D&#8217;ESPERA \u00bb<\/p>\n<p>[\/et_pb_text][\/et_pb_column][et_pb_column type=&#8221;1_4&#8243; _builder_version=&#8221;4.27.4&#8243; _module_preset=&#8221;default&#8221; background_color=&#8221;rgba(0,0,0,0.5)&#8221; custom_padding=&#8221;60px|10px|60px|10px|true|true&#8221; border_radii=&#8221;on|10px|10px|10px|10px&#8221; global_colors_info=&#8221;{}&#8221;][et_pb_image src=&#8221;https:\/\/www.thetraka.com\/wp-content\/uploads\/2025\/10\/the-traka-logo-w.png&#8221; title_text=&#8221;the-traka-logo-w&#8221; align=&#8221;center&#8221; _builder_version=&#8221;4.27.4&#8243; _module_preset=&#8221;default&#8221; width=&#8221;200px&#8221; width_tablet=&#8221;190px&#8221; width_phone=&#8221;180px&#8221; width_last_edited=&#8221;on|phone&#8221; global_colors_info=&#8221;{}&#8221;][\/et_pb_image][et_pb_text _builder_version=&#8221;4.27.4&#8243; _module_preset=&#8221;default&#8221; text_font=&#8221;\u2013et_global_heading_font||||||||&#8221; text_text_color=&#8221;#FFFFFF&#8221; text_font_size=&#8221;100px&#8221; text_orientation=&#8221;center&#8221; custom_margin=&#8221;40px||||false|false&#8221; custom_margin_tablet=&#8221;39px||||false|false&#8221; custom_margin_phone=&#8221;37px||||false|false&#8221; custom_margin_last_edited=&#8221;on|phone&#8221; text_font_size_tablet=&#8221;99px&#8221; text_font_size_phone=&#8221;92px&#8221; text_font_size_last_edited=&#8221;on|phone&#8221; global_colors_info=&#8221;{}&#8221;]<\/p>\n<p>200<\/p>\n<p>[\/et_pb_text][et_pb_text _builder_version=&#8221;4.27.6&#8243; _module_preset=&#8221;default&#8221; text_font=&#8221;\u2013et_global_heading_font||||||||&#8221; text_text_color=&#8221;#FFFFFF&#8221; text_font_size=&#8221;28px&#8221; background_color=&#8221;#ff0000&#8243; transform_rotate=&#8221;0deg|0deg|356deg&#8221; text_orientation=&#8221;center&#8221; width=&#8221;200px&#8221; width_tablet=&#8221;199px&#8221; width_phone=&#8221;185px&#8221; width_last_edited=&#8221;on|phone&#8221; module_alignment=&#8221;center&#8221; custom_margin=&#8221;40px||1px||false|false&#8221; custom_margin_tablet=&#8221;39px||12px||false|false&#8221; custom_margin_phone=&#8221;37px||11px||false|false&#8221; custom_margin_last_edited=&#8221;on|phone&#8221; animation_style=&#8221;bounce&#8221; text_font_size_tablet=&#8221;26px&#8221; text_font_size_phone=&#8221;24px&#8221; text_font_size_last_edited=&#8221;on|phone&#8221; global_colors_info=&#8221;{}&#8221;]<\/p>\n<p>ESGOTAT<\/p>\n<p>[\/et_pb_text][et_pb_text _builder_version=&#8221;4.27.6&#8243; _module_preset=&#8221;default&#8221; text_font=&#8221;\u2013et_global_heading_font||||||||&#8221; text_text_color=&#8221;#FFFFFF&#8221; text_font_size=&#8221;30px&#8221; text_line_height=&#8221;1em&#8221; background_color=&#8221;#333333&#8243; text_orientation=&#8221;center&#8221; width=&#8221;252px&#8221; width_tablet=&#8221;220px&#8221; width_phone=&#8221;215px&#8221; width_last_edited=&#8221;on|phone&#8221; module_alignment=&#8221;center&#8221; custom_margin=&#8221;68px||||false|false&#8221; custom_margin_tablet=&#8221;60px||||false|false&#8221; custom_margin_phone=&#8221;59px||||false|false&#8221; custom_margin_last_edited=&#8221;on|phone&#8221; custom_padding=&#8221;11px||11px||true|false&#8221; animation_style=&#8221;bounce&#8221; link_option_url=&#8221;https:\/\/www.rockthesport.com\/en\/event\/the-traka-2026\/registration\/select-rate?auto=1&#038;frm=0&#038;cmp=1&#8243; link_option_url_new_window=&#8221;on&#8221; text_font_size_tablet=&#8221;28px&#8221; text_font_size_phone=&#8221;26px&#8221; text_font_size_last_edited=&#8221;on|phone&#8221; global_colors_info=&#8221;{}&#8221; transform_styles__hover_enabled=&#8221;off|desktop&#8221; background_color__hover=&#8221;#1c1c1c&#8221; background_enable_color__hover=&#8221;on&#8221; background__hover_enabled=&#8221;on|hover&#8221;]<\/p>\n<p>LLISTA D&#8217;ESPERA \u00bb<\/p>\n<p>[\/et_pb_text][\/et_pb_column][et_pb_column type=&#8221;1_4&#8243; _builder_version=&#8221;4.27.4&#8243; _module_preset=&#8221;default&#8221; background_color=&#8221;rgba(0,0,0,0.5)&#8221; custom_padding=&#8221;60px|10px|60px|10px|true|true&#8221; border_radii=&#8221;on|10px|10px|10px|10px&#8221; global_colors_info=&#8221;{}&#8221;][et_pb_image src=&#8221;https:\/\/www.thetraka.com\/wp-content\/uploads\/2025\/10\/the-traka-logo-w.png&#8221; title_text=&#8221;the-traka-logo-w&#8221; align=&#8221;center&#8221; _builder_version=&#8221;4.27.4&#8243; _module_preset=&#8221;default&#8221; width=&#8221;200px&#8221; width_tablet=&#8221;190px&#8221; width_phone=&#8221;180px&#8221; width_last_edited=&#8221;on|phone&#8221; global_colors_info=&#8221;{}&#8221;][\/et_pb_image][et_pb_text _builder_version=&#8221;4.27.4&#8243; _module_preset=&#8221;default&#8221; text_font=&#8221;\u2013et_global_heading_font||||||||&#8221; text_text_color=&#8221;#FFFFFF&#8221; text_font_size=&#8221;100px&#8221; text_orientation=&#8221;center&#8221; custom_margin=&#8221;40px||||false|false&#8221; custom_margin_tablet=&#8221;39px||||false|false&#8221; custom_margin_phone=&#8221;37px||||false|false&#8221; custom_margin_last_edited=&#8221;on|phone&#8221; text_font_size_tablet=&#8221;99px&#8221; text_font_size_phone=&#8221;92px&#8221; text_font_size_last_edited=&#8221;on|phone&#8221; global_colors_info=&#8221;{}&#8221;]<\/p>\n<p>360<\/p>\n<p>[\/et_pb_text][et_pb_text _builder_version=&#8221;4.27.6&#8243; _module_preset=&#8221;default&#8221; text_font=&#8221;\u2013et_global_heading_font||||||||&#8221; text_text_color=&#8221;#FFFFFF&#8221; text_font_size=&#8221;30px&#8221; text_line_height=&#8221;1em&#8221; background_color=&#8221;#333333&#8243; text_orientation=&#8221;center&#8221; width=&#8221;252px&#8221; width_tablet=&#8221;220px&#8221; width_phone=&#8221;215px&#8221; width_last_edited=&#8221;on|phone&#8221; module_alignment=&#8221;center&#8221; custom_margin=&#8221;132px||||false|false&#8221; custom_margin_tablet=&#8221;60px||||false|false&#8221; custom_margin_phone=&#8221;59px||||false|false&#8221; custom_margin_last_edited=&#8221;on|tablet&#8221; custom_padding=&#8221;11px||11px||true|false&#8221; animation_style=&#8221;bounce&#8221; link_option_url=&#8221;https:\/\/www.rockthesport.com\/en\/event\/the-traka-2026\/registration\/select-rate?auto=1&#038;frm=0&#038;cmp=1&#8243; link_option_url_new_window=&#8221;on&#8221; text_font_size_tablet=&#8221;28px&#8221; text_font_size_phone=&#8221;26px&#8221; text_font_size_last_edited=&#8221;on|phone&#8221; global_colors_info=&#8221;{}&#8221; transform_styles__hover_enabled=&#8221;off|desktop&#8221; background_color__hover=&#8221;#1c1c1c&#8221; background_enable_color__hover=&#8221;on&#8221; background__hover_enabled=&#8221;on|hover&#8221;]<\/p>\n<p>INSCRIU-TE ARA \u00bb<\/p>\n<p>[\/et_pb_text][\/et_pb_column][et_pb_column type=&#8221;1_4&#8243; _builder_version=&#8221;4.27.4&#8243; _module_preset=&#8221;default&#8221; background_color=&#8221;rgba(0,0,0,0.5)&#8221; custom_padding=&#8221;60px|10px|60px|10px|true|true&#8221; border_radii=&#8221;on|10px|10px|10px|10px&#8221; global_colors_info=&#8221;{}&#8221;][et_pb_image src=&#8221;https:\/\/www.thetraka.com\/wp-content\/uploads\/2025\/10\/the-traka-logo-w.png&#8221; title_text=&#8221;the-traka-logo-w&#8221; align=&#8221;center&#8221; _builder_version=&#8221;4.27.4&#8243; _module_preset=&#8221;default&#8221; width=&#8221;200px&#8221; width_tablet=&#8221;190px&#8221; width_phone=&#8221;180px&#8221; width_last_edited=&#8221;on|phone&#8221; global_colors_info=&#8221;{}&#8221;][\/et_pb_image][et_pb_text _builder_version=&#8221;4.27.4&#8243; _module_preset=&#8221;default&#8221; text_font=&#8221;\u2013et_global_heading_font||||||||&#8221; text_text_color=&#8221;#FFFFFF&#8221; text_font_size=&#8221;55px&#8221; text_orientation=&#8221;center&#8221; custom_margin=&#8221;40px||||false|false&#8221; custom_margin_tablet=&#8221;39px||||false|false&#8221; custom_margin_phone=&#8221;37px||||false|false&#8221; custom_margin_last_edited=&#8221;on|phone&#8221; text_font_size_tablet=&#8221;52px&#8221; text_font_size_phone=&#8221;48px&#8221; text_font_size_last_edited=&#8221;on|phone&#8221; global_colors_info=&#8221;{}&#8221;]<\/p>\n<p>AVENTURA<\/p>\n<p>[\/et_pb_text][et_pb_text _builder_version=&#8221;4.27.6&#8243; _module_preset=&#8221;default&#8221; text_font=&#8221;\u2013et_global_heading_font||||||||&#8221; text_text_color=&#8221;#FFFFFF&#8221; text_font_size=&#8221;28px&#8221; background_color=&#8221;#ff0000&#8243; transform_rotate=&#8221;0deg|0deg|356deg&#8221; text_orientation=&#8221;center&#8221; width=&#8221;200px&#8221; width_tablet=&#8221;199px&#8221; width_phone=&#8221;185px&#8221; width_last_edited=&#8221;on|phone&#8221; module_alignment=&#8221;center&#8221; custom_margin=&#8221;40px||1px||false|false&#8221; custom_margin_tablet=&#8221;39px||12px||false|false&#8221; custom_margin_phone=&#8221;37px||11px||false|false&#8221; custom_margin_last_edited=&#8221;on|phone&#8221; animation_style=&#8221;bounce&#8221; text_font_size_tablet=&#8221;26px&#8221; text_font_size_phone=&#8221;24px&#8221; text_font_size_last_edited=&#8221;on|phone&#8221; global_colors_info=&#8221;{}&#8221;]<\/p>\n<p>ESGOTAT<\/p>\n<p>[\/et_pb_text][et_pb_text _builder_version=&#8221;4.27.6&#8243; _module_preset=&#8221;default&#8221; text_font=&#8221;\u2013et_global_heading_font||||||||&#8221; text_text_color=&#8221;#FFFFFF&#8221; text_font_size=&#8221;30px&#8221; text_line_height=&#8221;1em&#8221; background_color=&#8221;#333333&#8243; text_orientation=&#8221;center&#8221; width=&#8221;252px&#8221; width_tablet=&#8221;220px&#8221; width_phone=&#8221;215px&#8221; width_last_edited=&#8221;on|phone&#8221; module_alignment=&#8221;center&#8221; custom_margin=&#8221;68px||||false|false&#8221; custom_margin_tablet=&#8221;60px||||false|false&#8221; custom_margin_phone=&#8221;59px||||false|false&#8221; custom_margin_last_edited=&#8221;on|phone&#8221; custom_padding=&#8221;11px||11px||true|false&#8221; animation_style=&#8221;bounce&#8221; link_option_url=&#8221;https:\/\/www.rockthesport.com\/en\/event\/the-traka-2026\/registration\/select-rate?auto=1&#038;frm=0&#038;cmp=1&#8243; link_option_url_new_window=&#8221;on&#8221; text_font_size_tablet=&#8221;28px&#8221; text_font_size_phone=&#8221;26px&#8221; text_font_size_last_edited=&#8221;on|phone&#8221; global_colors_info=&#8221;{}&#8221; transform_styles__hover_enabled=&#8221;off|desktop&#8221; background_color__hover=&#8221;#1c1c1c&#8221; background_enable_color__hover=&#8221;on&#8221; background__hover_enabled=&#8221;on|hover&#8221;]<\/p>\n<p>LLISTA D&#8217;ESPERA \u00bb<\/p>\n<p>[\/et_pb_text][\/et_pb_column][\/et_pb_row][\/et_pb_section][et_pb_section fb_built=&#8221;1&#8243; admin_label=&#8221;POP UP SOLD OUT 100 200&#8243; module_id=&#8221;ov-videoModal&#8221; module_class=&#8221;ov-modal-overlay&#8221; _builder_version=&#8221;4.27.4&#8243; _module_preset=&#8221;default&#8221; background_color=&#8221;#0C0C0C&#8221; background_enable_image=&#8221;off&#8221; background_blend=&#8221;screen&#8221; positioning=&#8221;fixed&#8221; z_index=&#8221;99999&#8243; width=&#8221;100%&#8221; min_height=&#8221;100%&#8221; custom_padding=&#8221;0px||0px||true|false&#8221; global_colors_info=&#8221;{}&#8221;][et_pb_row custom_padding_last_edited=&#8221;on|phone&#8221; admin_label=&#8221;Fila de contingut&#8221; module_class=&#8221;ov-modal-content&#8221; _builder_version=&#8221;4.27.4&#8243; _module_preset=&#8221;default&#8221; background_enable_color=&#8221;off&#8221; background_image=&#8221;https:\/\/www.thetraka.com\/wp-content\/uploads\/2025\/11\/newsletter-bg2.jpg&#8221; background_blend=&#8221;screen&#8221; width=&#8221;90%&#8221; max_width=&#8221;672px&#8221; max_width_tablet=&#8221;500px&#8221; max_width_last_edited=&#8221;off|tablet&#8221; custom_margin=&#8221;||||false|false&#8221; custom_padding=&#8221;60px|60px|60px|60px|true|true&#8221; custom_padding_tablet=&#8221;55px|55px|55px|55px|true|true&#8221; custom_padding_phone=&#8221;42px|42px|42px|42px|true|true&#8221; border_radii=&#8221;on|8px|8px|8px|8px&#8221; border_width_all=&#8221;2px&#8221; border_color_all=&#8221;#FFFFFF&#8221; global_colors_info=&#8221;{}&#8221;][et_pb_column type=&#8221;4_4&#8243; _builder_version=&#8221;4.27.4&#8243; _module_preset=&#8221;default&#8221; global_colors_info=&#8221;{}&#8221;][et_pb_code admin_label=&#8221;Bot\u00f3 Tancar&#8221; _builder_version=&#8221;4.27.4&#8243; _module_preset=&#8221;default&#8221; positioning=&#8221;absolute&#8221; position_origin_a=&#8221;top_right&#8221; z_index=&#8221;99&#8243; width=&#8221;100%&#8221; global_colors_info=&#8221;{}&#8221;]<button class=\"ov-close-button\" onclick=\"closeModal()\">\u00d7<\/button>[\/et_pb_code][et_pb_text _builder_version=&#8221;4.27.4&#8243; _module_preset=&#8221;default&#8221; text_font=&#8221;\u2013et_global_heading_font|700||on|||||&#8221; text_text_color=&#8221;#FFFFFF&#8221; text_font_size=&#8221;30px&#8221; text_line_height=&#8221;1.2em&#8221; width=&#8221;80%&#8221; text_font_size_tablet=&#8221;28px&#8221; text_font_size_phone=&#8221;25px&#8221; text_font_size_last_edited=&#8221;on|phone&#8221; global_colors_info=&#8221;{}&#8221;]<\/p>\n<p>SI VOLS PARTICIPAR A \u00abTHE TRAKA\u00bb EN LA DIST\u00c0NCIA DE 200&#8230;<\/p>\n<p>[\/et_pb_text][et_pb_text _builder_version=&#8221;4.27.4&#8243; _module_preset=&#8221;default&#8221; text_font=&#8221;\u2013et_global_heading_font|||on|||||&#8221; text_text_color=&#8221;#FFFFFF&#8221; text_font_size=&#8221;25px&#8221; text_line_height=&#8221;1.2em&#8221; width=&#8221;80%&#8221; text_font_size_tablet=&#8221;23px&#8221; text_font_size_phone=&#8221;22px&#8221; text_font_size_last_edited=&#8221;on|tablet&#8221; global_colors_info=&#8221;{}&#8221;]<\/p>\n<p>Inscriu-te a <strong>SANTA VALL by The Traka<\/strong> i assegura la teva pla\u00e7a!<\/p>\n<p>[\/et_pb_text][et_pb_text _builder_version=&#8221;4.27.4&#8243; _module_preset=&#8221;default&#8221; text_font=&#8221;\u2013et_global_heading_font|||on|||||&#8221; text_text_color=&#8221;#FFFFFF&#8221; text_font_size=&#8221;22px&#8221; text_line_height=&#8221;1.2em&#8221; background_color=&#8221;#B7A87F&#8221; text_orientation=&#8221;center&#8221; width=&#8221;360px&#8221; width_tablet=&#8221;320px&#8221; width_phone=&#8221;250px&#8221; width_last_edited=&#8221;on|desktop&#8221; module_alignment=&#8221;left&#8221; custom_padding=&#8221;12px|12px|12px|12px|true|true&#8221; link_option_url=&#8221;https:\/\/www.santavall.com\/ca\/inscripcions\/&#8221; link_option_url_new_window=&#8221;on&#8221; text_font_size_tablet=&#8221;19px&#8221; text_font_size_phone=&#8221;18px&#8221; text_font_size_last_edited=&#8221;on|phone&#8221; global_colors_info=&#8221;{}&#8221;]<\/p>\n<p>SANTA VALL INSCRIPCI\u00d3 \u00bb<\/p>\n<p>[\/et_pb_text][\/et_pb_column][\/et_pb_row][\/et_pb_section][et_pb_section fb_built=&#8221;1&#8243; disabled_on=&#8221;on|on|on&#8221; admin_label=&#8221;M\u00d3DULO INVISIBLE&#8221; _builder_version=&#8221;4.27.6&#8243; _module_preset=&#8221;default&#8221; custom_padding=&#8221;0px||0px||true|false&#8221; disabled=&#8221;on&#8221; global_colors_info=&#8221;{}&#8221;][et_pb_row admin_label=&#8221;Fila codi Java&#8221; _builder_version=&#8221;4.27.6&#8243; _module_preset=&#8221;default&#8221; background_enable_color=&#8221;off&#8221; custom_padding=&#8221;0px||0px||true|false&#8221; global_colors_info=&#8221;{}&#8221;][et_pb_column type=&#8221;4_4&#8243; _builder_version=&#8221;4.27.4&#8243; _module_preset=&#8221;default&#8221; global_colors_info=&#8221;{}&#8221;][et_pb_code admin_label=&#8221;Codi funcionalitat finestra emergent&#8221; _builder_version=&#8221;4.27.4&#8243; _module_preset=&#8221;default&#8221; global_colors_info=&#8221;{}&#8221;]<script><!-- [et_pb_line_break_holder] -->const modal = document.getElementById('ov-videoModal');<!-- [et_pb_line_break_holder] -->const mainArea = document.getElementById('et-main-area');<!-- [et_pb_line_break_holder] -->mainArea.after(modal);<!-- [et_pb_line_break_holder] -->function showModal() {<!-- [et_pb_line_break_holder] -->    modal.style.display = 'flex';<!-- [et_pb_line_break_holder] -->    void modal.offsetWidth;<!-- [et_pb_line_break_holder] -->    modal.classList.add('ov-active');<!-- [et_pb_line_break_holder] -->}<!-- [et_pb_line_break_holder] -->function closeModal() {<!-- [et_pb_line_break_holder] -->    modal.classList.add('ov-closing');<!-- [et_pb_line_break_holder] -->    modal.classList.remove('ov-active');<!-- [et_pb_line_break_holder] -->    setTimeout(() => {<!-- [et_pb_line_break_holder] -->        modal.classList.remove('ov-closing');<!-- [et_pb_line_break_holder] -->        modal.style.display = 'none';<!-- [et_pb_line_break_holder] -->        const iframes = modal.getElementsByTagName('iframe');<!-- [et_pb_line_break_holder] -->        for(let iframe of iframes) {<!-- [et_pb_line_break_holder] -->            if(iframe.src.includes('vimeo') && iframe.src.includes('autoplay=1')) {<!-- [et_pb_line_break_holder] -->                iframe.src = iframe.src.replace('autoplay=1', 'autoplay=0');<!-- [et_pb_line_break_holder] -->            } else if(iframe.src.includes('youtube.com')) {<!-- [et_pb_line_break_holder] -->                const videoBox = iframe.closest('.et_pb_video_box');<!-- [et_pb_line_break_holder] -->                if(videoBox && videoBox.nextElementSibling && videoBox.nextElementSibling.classList.contains('et_pb_video_overlay')) {<!-- [et_pb_line_break_holder] -->                    let currentSrc = iframe.src;<!-- [et_pb_line_break_holder] -->                    currentSrc = currentSrc.replace(\/&?autoplay=1\/, '');<!-- [et_pb_line_break_holder] -->                    iframe.src = currentSrc;<!-- [et_pb_line_break_holder] -->                    videoBox.nextElementSibling.style.display = 'block';<!-- [et_pb_line_break_holder] -->                    videoBox.nextElementSibling.style.opacity = '1';<!-- [et_pb_line_break_holder] -->                } else {<!-- [et_pb_line_break_holder] -->                    const currentSrc = iframe.src;<!-- [et_pb_line_break_holder] -->                    iframe.src = currentSrc;<!-- [et_pb_line_break_holder] -->                }<!-- [et_pb_line_break_holder] -->            } else {<!-- [et_pb_line_break_holder] -->                const currentSrc = iframe.src;<!-- [et_pb_line_break_holder] -->                iframe.src = currentSrc;<!-- [et_pb_line_break_holder] -->            }<!-- [et_pb_line_break_holder] -->        }<!-- [et_pb_line_break_holder] -->    }, 300);<!-- [et_pb_line_break_holder] -->}<!-- [et_pb_line_break_holder] -->setTimeout(showModal, 2000);<!-- [et_pb_line_break_holder] -->modal.addEventListener('click', function(e) {<!-- [et_pb_line_break_holder] -->    if (e.target === this) {<!-- [et_pb_line_break_holder] -->        closeModal();<!-- [et_pb_line_break_holder] -->    }<!-- [et_pb_line_break_holder] -->});<!-- [et_pb_line_break_holder] -->document.addEventListener('keydown', function(e) {<!-- [et_pb_line_break_holder] -->    if (e.key === 'Escape') {<!-- [et_pb_line_break_holder] -->        closeModal();<!-- [et_pb_line_break_holder] -->    }<!-- [et_pb_line_break_holder] -->});<!-- [et_pb_line_break_holder] --><\/script>[\/et_pb_code][\/et_pb_column][\/et_pb_row][\/et_pb_section]<\/p>\n","protected":false},"excerpt":{"rendered":"<p>INSCRIPCIONS100ESGOTATLLISTA D&#8217;ESPERA \u00bb200ESGOTATLLISTA D&#8217;ESPERA \u00bb360INSCRIU-TE ARA \u00bbAVENTURAESGOTATLLISTA D&#8217;ESPERA \u00bbSI VOLS PARTICIPAR A \u00abTHE TRAKA\u00bb EN LA DIST\u00c0NCIA DE 200&#8230;Inscriu-te a SANTA VALL by The Traka i assegura la teva pla\u00e7a!SANTA VALL INSCRIPCI\u00d3 \u00bb<\/p>\n","protected":false},"author":1,"featured_media":558,"parent":0,"menu_order":0,"comment_status":"closed","ping_status":"closed","template":"","meta":{"_et_pb_use_builder":"on","_et_pb_old_content":"","_et_gb_content_width":"","footnotes":""},"class_list":["post-882","page","type-page","status-publish","has-post-thumbnail","hentry"],"_links":{"self":[{"href":"https:\/\/www.thetraka.com\/ca\/wp-json\/wp\/v2\/pages\/882","targetHints":{"allow":["GET"]}}],"collection":[{"href":"https:\/\/www.thetraka.com\/ca\/wp-json\/wp\/v2\/pages"}],"about":[{"href":"https:\/\/www.thetraka.com\/ca\/wp-json\/wp\/v2\/types\/page"}],"author":[{"embeddable":true,"href":"https:\/\/www.thetraka.com\/ca\/wp-json\/wp\/v2\/users\/1"}],"replies":[{"embeddable":true,"href":"https:\/\/www.thetraka.com\/ca\/wp-json\/wp\/v2\/comments?post=882"}],"version-history":[{"count":159,"href":"https:\/\/www.thetraka.com\/ca\/wp-json\/wp\/v2\/pages\/882\/revisions"}],"predecessor-version":[{"id":5240,"href":"https:\/\/www.thetraka.com\/ca\/wp-json\/wp\/v2\/pages\/882\/revisions\/5240"}],"wp:featuredmedia":[{"embeddable":true,"href":"https:\/\/www.thetraka.com\/ca\/wp-json\/wp\/v2\/media\/558"}],"wp:attachment":[{"href":"https:\/\/www.thetraka.com\/ca\/wp-json\/wp\/v2\/media?parent=882"}],"curies":[{"name":"wp","href":"https:\/\/api.w.org\/{rel}","templated":true}]}}