{"id":3075,"date":"2026-02-06T12:26:18","date_gmt":"2026-02-06T11:26:18","guid":{"rendered":"https:\/\/www.thetraka.com\/perfect-kit\/gravel-shoes\/"},"modified":"2026-02-06T12:56:55","modified_gmt":"2026-02-06T11:56:55","slug":"gravel-shoes","status":"publish","type":"page","link":"https:\/\/www.thetraka.com\/es\/perfect-kit\/gravel-shoes\/","title":{"rendered":"ZAPATILLAS DE GRAVEL"},"content":{"rendered":"<p>[et_pb_section fb_built=\u00bb1&#8243; custom_padding_last_edited=\u00bbon|phone\u00bb _builder_version=\u00bb4.27.5&#8243; _module_preset=\u00bbdefault\u00bb background_color=\u00bbrgba(0,0,0,0.44)\u00bb background_image=\u00bbhttps:\/\/www.thetraka.com\/wp-content\/uploads\/2026\/02\/EXTREME-X_action_10-2.jpg\u00bb background_position=\u00bbtop_left\u00bb background_horizontal_offset=\u00bb2%\u00bb background_vertical_offset=\u00bb49%\u00bb background_blend=\u00bboverlay\u00bb custom_padding=\u00bb235px||100px||false|false\u00bb custom_padding_tablet=\u00bb310px||110px||false|false\u00bb custom_padding_phone=\u00bb165px||45px||false|false\u00bb locked=\u00bboff\u00bb global_colors_info=\u00bb{}\u00bb][et_pb_row custom_padding_last_edited=\u00bbon|phone\u00bb _builder_version=\u00bb4.27.4&#8243; _module_preset=\u00bbdefault\u00bb custom_padding=\u00bb20px||20px||true|false\u00bb custom_padding_tablet=\u00bb22px||22px||true|false\u00bb custom_padding_phone=\u00bb23px||25px||false|false\u00bb global_colors_info=\u00bb{}\u00bb][et_pb_column type=\u00bb4_4&#8243; _builder_version=\u00bb4.27.4&#8243; _module_preset=\u00bbdefault\u00bb global_colors_info=\u00bb{}\u00bb][et_pb_text _builder_version=\u00bb4.27.4&#8243; _module_preset=\u00bbdefault\u00bb text_font_size=\u00bb62px\u00bb header_text_color=\u00bb#FFFFFF\u00bb header_font_size=\u00bb75px\u00bb header_letter_spacing=\u00bb2px\u00bb text_orientation=\u00bbcenter\u00bb custom_margin=\u00bb||0px||false|false\u00bb header_font_size_tablet=\u00bb60px\u00bb header_font_size_phone=\u00bb42px\u00bb header_font_size_last_edited=\u00bbon|phone\u00bb header_text_shadow_style=\u00bbpreset1&#8243; global_colors_info=\u00bb{}\u00bb]<\/p>\n<h1>ZAPATILLAS DE GRAVEL<\/h1>\n<p>[\/et_pb_text][et_pb_text _builder_version=\u00bb4.27.4&#8243; _module_preset=\u00bbdefault\u00bb text_font=\u00bbZeyada||||||||\u00bb text_text_color=\u00bb#FFFFFF\u00bb text_font_size=\u00bb40px\u00bb text_line_height=\u00bb1em\u00bb text_orientation=\u00bbcenter\u00bb custom_margin=\u00bb||-15px||false|false\u00bb custom_padding=\u00bb||0px||false|false\u00bb global_colors_info=\u00bb{}\u00bb]<\/p>\n<p>por:<\/p>\n<p>[\/et_pb_text][et_pb_image src=\u00bbhttps:\/\/www.thetraka.com\/wp-content\/uploads\/2026\/02\/northwave-wit-schaduw.webp\u00bb title_text=\u00bbnorthwave-wit-schaduw\u00bb url=\u00bbhttps:\/\/www.sram.com\/en\/sram\u00bb url_new_window=\u00bbon\u00bb align=\u00bbcenter\u00bb _builder_version=\u00bb4.27.5&#8243; _module_preset=\u00bbdefault\u00bb width=\u00bb145px\u00bb width_tablet=\u00bb230px\u00bb width_phone=\u00bb75px\u00bb width_last_edited=\u00bbon|phone\u00bb module_alignment=\u00bbcenter\u00bb custom_margin=\u00bb28px||||false|false\u00bb animation_style=\u00bbfade\u00bb hover_enabled=\u00bb0&#8243; locked=\u00bboff\u00bb global_colors_info=\u00bb{}\u00bb transform_styles__hover_enabled=\u00bbon|hover\u00bb transform_scale__hover_enabled=\u00bbon|hover\u00bb transform_translate__hover_enabled=\u00bbon|desktop\u00bb transform_rotate__hover_enabled=\u00bbon|desktop\u00bb transform_skew__hover_enabled=\u00bbon|desktop\u00bb transform_origin__hover_enabled=\u00bbon|desktop\u00bb transform_scale__hover=\u00bb102%|102%\u00bb sticky_enabled=\u00bb0&#8243;][\/et_pb_image][\/et_pb_column][\/et_pb_row][\/et_pb_section][et_pb_section fb_built=\u00bb1&#8243; custom_padding_last_edited=\u00bbon|desktop\u00bb _builder_version=\u00bb4.27.4&#8243; _module_preset=\u00bbdefault\u00bb background_color=\u00bb#FFFFFF\u00bb background_image=\u00bbhttps:\/\/www.santavall.com\/wp-content\/uploads\/2025\/10\/xthetraka.png\u00bb background_size=\u00bbcustom\u00bb background_image_width=\u00bb12%\u00bb background_position=\u00bbbottom_center\u00bb module_alignment=\u00bbcenter\u00bb custom_margin=\u00bb0px||0px||false|false\u00bb custom_padding=\u00bb65px|9px|65px||true|false\u00bb custom_padding_tablet=\u00bb40px|9px|55px||false|false\u00bb custom_padding_phone=\u00bb35px|0px|53px||false|false\u00bb background_last_edited=\u00bbon|phone\u00bb background_image_width_tablet=\u00bb24%\u00bb background_image_width_phone=\u00bb41%\u00bb global_colors_info=\u00bb{}\u00bb][et_pb_row custom_padding_last_edited=\u00bbon|phone\u00bb _builder_version=\u00bb4.27.5&#8243; _module_preset=\u00bbdefault\u00bb background_color=\u00bbrgba(0,0,0,0.41)\u00bb background_image=\u00bbhttps:\/\/www.thetraka.com\/wp-content\/uploads\/2026\/02\/BANNER-1.jpg\u00bb background_position=\u00bbtop_right\u00bb background_horizontal_offset=\u00bb73%\u00bb background_vertical_offset=\u00bb10%\u00bb background_blend=\u00bboverlay\u00bb width=\u00bb100%\u00bb width_tablet=\u00bb80%\u00bb width_phone=\u00bb80%\u00bb width_last_edited=\u00bboff|desktop\u00bb max_width=\u00bb800px\u00bb max_width_tablet=\u00bb600px\u00bb max_width_phone=\u00bb90%\u00bb max_width_last_edited=\u00bbon|phone\u00bb module_alignment=\u00bbcenter\u00bb height_tablet=\u00bb284px\u00bb height_phone=\u00bb262px\u00bb height_last_edited=\u00bboff|desktop\u00bb custom_margin=\u00bb0px||0px||false|false\u00bb custom_padding=\u00bb50px|80px|50px|80px|true|true\u00bb custom_padding_tablet=\u00bb48px|70px|48px|70px|true|true\u00bb custom_padding_phone=\u00bb44px|40px|44px|40px|true|true\u00bb global_colors_info=\u00bb{}\u00bb][et_pb_column type=\u00bb4_4&#8243; _builder_version=\u00bb4.27.4&#8243; _module_preset=\u00bbdefault\u00bb global_colors_info=\u00bb{}\u00bb][et_pb_text _builder_version=\u00bb4.27.5&#8243; _module_preset=\u00bbdefault\u00bb text_text_color=\u00bb#FFFFFF\u00bb text_font_size=\u00bb18px\u00bb text_line_height=\u00bb1.3em\u00bb text_orientation=\u00bbcenter\u00bb text_font_size_tablet=\u00bb17px\u00bb text_font_size_phone=\u00bb16px\u00bb text_font_size_last_edited=\u00bbon|phone\u00bb locked=\u00bboff\u00bb global_colors_info=\u00bb{}\u00bb]<\/p>\n<p><span>El gravel se ha convertido en algo m\u00e1s que una disciplina: es un lenguaje cultural, y Girona es su capital natural. En Northwave dise\u00f1amos calzado, ropa y accesorios de alto rendimiento para ciclistas que van m\u00e1s all\u00e1 de una sola superficie. Nacido de la pasi\u00f3n por la aventura y la competici\u00f3n, cada producto est\u00e1 dise\u00f1ado para rendir en gravel, trail y carretera.  <\/span><\/p>\n<p><span>Dondequiera que te lleve la ruta.<\/span><\/p>\n<p><span>Pedalea a tu manera.<\/span><\/p>\n<p>[\/et_pb_text][\/et_pb_column][\/et_pb_row][et_pb_row column_structure=\u00bb1_2,1_2&#8243; use_custom_gutter=\u00bbon\u00bb gutter_width=\u00bb2&#8243; make_equal=\u00bbon\u00bb _builder_version=\u00bb4.27.5&#8243; _module_preset=\u00bbdefault\u00bb max_width=\u00bb1100px\u00bb max_width_tablet=\u00bb369px\u00bb max_width_phone=\u00bb90%\u00bb max_width_last_edited=\u00bbon|phone\u00bb custom_margin=\u00bb46px|auto||auto|false|false\u00bb global_colors_info=\u00bb{}\u00bb][et_pb_column type=\u00bb1_2&#8243; _builder_version=\u00bb4.27.4&#8243; _module_preset=\u00bbdefault\u00bb global_colors_info=\u00bb{}\u00bb][et_pb_image src=\u00bbhttps:\/\/www.thetraka.com\/wp-content\/uploads\/2026\/02\/80262075_50_1.jpeg\u00bb title_text=\u00bb80262075_50_1&#8243; url=\u00bbhttps:\/\/www.sram.com\/en\/life\/stories\/gravel-gearing\u00bb url_new_window=\u00bbon\u00bb align=\u00bbcenter\u00bb _builder_version=\u00bb4.27.5&#8243; _module_preset=\u00bbdefault\u00bb width=\u00bb91%\u00bb module_alignment=\u00bbcenter\u00bb custom_margin=\u00bb0px||33px||false|false\u00bb custom_margin_tablet=\u00bb22px||33px||false|false\u00bb custom_margin_phone=\u00bb22px||33px||false|false\u00bb custom_margin_last_edited=\u00bbon|desktop\u00bb module_alignment_tablet=\u00bbcenter\u00bb module_alignment_phone=\u00bbcenter\u00bb module_alignment_last_edited=\u00bbon|desktop\u00bb global_colors_info=\u00bb{}\u00bb][\/et_pb_image][et_pb_text _builder_version=\u00bb4.27.5&#8243; _module_preset=\u00bbdefault\u00bb text_text_color=\u00bb#FFFFFF\u00bb text_font_size=\u00bb15px\u00bb text_letter_spacing=\u00bb1px\u00bb text_line_height=\u00bb1.1em\u00bb background_color=\u00bb#000000&#8243; text_orientation=\u00bbcenter\u00bb width=\u00bb220px\u00bb width_tablet=\u00bb209px\u00bb width_phone=\u00bb232px\u00bb width_last_edited=\u00bbon|phone\u00bb module_alignment=\u00bbcenter\u00bb custom_margin=\u00bb15px||||false|false\u00bb custom_padding=\u00bb10px|25px|10px|25px|true|true\u00bb custom_padding_tablet=\u00bb9px|20px|9px|20px|true|true\u00bb custom_padding_phone=\u00bb14px|15px|14px|15px|true|true\u00bb custom_padding_last_edited=\u00bbon|phone\u00bb link_option_url=\u00bbhttps:\/\/www.northwave.com\/es\/bike\/zapatillas\/mtb\/xc\/extreme-x\u00bb link_option_url_new_window=\u00bbon\u00bb box_shadow_style=\u00bbpreset1&#8243; box_shadow_blur=\u00bb5px\u00bb locked=\u00bboff\u00bb global_colors_info=\u00bb{}\u00bb transform_styles__hover_enabled=\u00bbon|hover\u00bb background_color__hover=\u00bb#272525&#8243; background_enable_color__hover=\u00bbon\u00bb background__hover_enabled=\u00bbon|hover\u00bb transform_scale__hover=\u00bb102%|102%\u00bb transform_scale__hover_enabled=\u00bbon|hover\u00bb transform_translate__hover_enabled=\u00bbon|desktop\u00bb transform_rotate__hover_enabled=\u00bbon|desktop\u00bb transform_skew__hover_enabled=\u00bbon|desktop\u00bb transform_origin__hover_enabled=\u00bbon|desktop\u00bb]<\/p>\n<p>DESC\u00daBRELO \u00bb<\/p>\n<p>[\/et_pb_text][\/et_pb_column][et_pb_column type=\u00bb1_2&#8243; _builder_version=\u00bb4.27.4&#8243; _module_preset=\u00bbdefault\u00bb global_colors_info=\u00bb{}\u00bb][et_pb_image src=\u00bbhttps:\/\/www.thetraka.com\/wp-content\/uploads\/2026\/02\/80262075_19_1.jpeg\u00bb title_text=\u00bb80262075_19_1&#8243; url=\u00bbhttps:\/\/www.sram.com\/en\/life\/stories\/gravel-gearing\u00bb url_new_window=\u00bbon\u00bb align=\u00bbcenter\u00bb _builder_version=\u00bb4.27.5&#8243; _module_preset=\u00bbdefault\u00bb width=\u00bb91%\u00bb module_alignment=\u00bbcenter\u00bb custom_margin=\u00bb0px||33px||false|false\u00bb custom_margin_tablet=\u00bb22px||33px||false|false\u00bb custom_margin_phone=\u00bb22px||33px||false|false\u00bb custom_margin_last_edited=\u00bbon|desktop\u00bb module_alignment_tablet=\u00bbcenter\u00bb module_alignment_phone=\u00bbcenter\u00bb module_alignment_last_edited=\u00bbon|desktop\u00bb global_colors_info=\u00bb{}\u00bb][\/et_pb_image][et_pb_text _builder_version=\u00bb4.27.5&#8243; _module_preset=\u00bbdefault\u00bb text_text_color=\u00bb#FFFFFF\u00bb text_font_size=\u00bb15px\u00bb text_letter_spacing=\u00bb1px\u00bb text_line_height=\u00bb1.1em\u00bb background_color=\u00bb#000000&#8243; text_orientation=\u00bbcenter\u00bb width=\u00bb220px\u00bb width_tablet=\u00bb209px\u00bb width_phone=\u00bb232px\u00bb width_last_edited=\u00bbon|phone\u00bb module_alignment=\u00bbcenter\u00bb custom_margin=\u00bb15px||||false|false\u00bb custom_padding=\u00bb10px|25px|10px|25px|true|true\u00bb custom_padding_tablet=\u00bb9px|20px|9px|20px|true|true\u00bb custom_padding_phone=\u00bb14px|15px|14px|15px|true|true\u00bb custom_padding_last_edited=\u00bbon|phone\u00bb link_option_url=\u00bbhttps:\/\/www.northwave.com\/es\/bike\/zapatillas\/mtb\/xc\/extreme-x#\/56-tamano-36\/154-color-negro\u00bb link_option_url_new_window=\u00bbon\u00bb box_shadow_style=\u00bbpreset1&#8243; box_shadow_blur=\u00bb5px\u00bb locked=\u00bboff\u00bb global_colors_info=\u00bb{}\u00bb transform_styles__hover_enabled=\u00bbon|hover\u00bb background_color__hover=\u00bb#272525&#8243; background_enable_color__hover=\u00bbon\u00bb background__hover_enabled=\u00bbon|hover\u00bb transform_scale__hover=\u00bb102%|102%\u00bb transform_scale__hover_enabled=\u00bbon|hover\u00bb transform_translate__hover_enabled=\u00bbon|desktop\u00bb transform_rotate__hover_enabled=\u00bbon|desktop\u00bb transform_skew__hover_enabled=\u00bbon|desktop\u00bb transform_origin__hover_enabled=\u00bbon|desktop\u00bb]<\/p>\n<p>DESC\u00daBRELO \u00bb<\/p>\n<p>[\/et_pb_text][\/et_pb_column][\/et_pb_row][et_pb_row custom_padding_last_edited=\u00bbon|phone\u00bb _builder_version=\u00bb4.27.5&#8243; _module_preset=\u00bbdefault\u00bb background_color=\u00bbrgba(0,0,0,0.41)\u00bb background_image=\u00bbhttps:\/\/www.thetraka.com\/wp-content\/uploads\/2026\/02\/BANNER-2.jpg\u00bb background_position=\u00bbtop_right\u00bb background_horizontal_offset=\u00bb73%\u00bb background_vertical_offset=\u00bb10%\u00bb background_blend=\u00bboverlay\u00bb width=\u00bb100%\u00bb width_tablet=\u00bb80%\u00bb width_phone=\u00bb80%\u00bb width_last_edited=\u00bboff|desktop\u00bb max_width=\u00bb800px\u00bb max_width_tablet=\u00bb600px\u00bb max_width_phone=\u00bb90%\u00bb max_width_last_edited=\u00bbon|phone\u00bb module_alignment=\u00bbcenter\u00bb height_tablet=\u00bb284px\u00bb height_phone=\u00bb262px\u00bb height_last_edited=\u00bboff|desktop\u00bb custom_margin=\u00bb0px||0px||false|false\u00bb custom_padding=\u00bb50px|80px|50px|80px|true|true\u00bb custom_padding_tablet=\u00bb48px|70px|48px|70px|true|true\u00bb custom_padding_phone=\u00bb44px|40px|44px|40px|true|true\u00bb global_colors_info=\u00bb{}\u00bb][et_pb_column type=\u00bb4_4&#8243; _builder_version=\u00bb4.27.4&#8243; _module_preset=\u00bbdefault\u00bb global_colors_info=\u00bb{}\u00bb][et_pb_text _builder_version=\u00bb4.27.5&#8243; _module_preset=\u00bbdefault\u00bb text_text_color=\u00bb#FFFFFF\u00bb text_font_size=\u00bb18px\u00bb text_line_height=\u00bb1.3em\u00bb text_orientation=\u00bbcenter\u00bb text_font_size_tablet=\u00bb17px\u00bb text_font_size_phone=\u00bb16px\u00bb text_font_size_last_edited=\u00bbon|phone\u00bb locked=\u00bboff\u00bb global_colors_info=\u00bb{}\u00bb]<\/p>\n<p><span>La Extreme X est\u00e1 hecha para donde el rendimiento se une a la exploraci\u00f3n.<\/span><\/p>\n<p><span>A medida que el ciclismo evoluciona m\u00e1s all\u00e1 de una sola superficie, esta zapatilla est\u00e1 dise\u00f1ada para moverse con \u00e9l.<\/span><\/p>\n<p><span>R\u00e1pida en gravel, estable en trail, eficiente en rutas largas y exigentes.<\/span><\/p>\n<p>[\/et_pb_text][\/et_pb_column][\/et_pb_row][\/et_pb_section]<\/p>\n","protected":false},"excerpt":{"rendered":"<p>ZAPATILLAS DE GRAVELpor:El gravel se ha convertido en algo m\u00e1s que una disciplina: es un lenguaje cultural, y Girona es su capital natural. En Northwave dise\u00f1amos calzado, ropa y accesorios de alto rendimiento para ciclistas que van m\u00e1s all\u00e1 de una sola superficie. Nacido de la pasi\u00f3n por la aventura y la competici\u00f3n, cada producto [&hellip;]<\/p>\n","protected":false},"author":4,"featured_media":550,"parent":665,"menu_order":0,"comment_status":"closed","ping_status":"closed","template":"","meta":{"_et_pb_use_builder":"on","_et_pb_old_content":"","_et_gb_content_width":"","footnotes":""},"class_list":["post-3075","page","type-page","status-publish","has-post-thumbnail","hentry"],"_links":{"self":[{"href":"https:\/\/www.thetraka.com\/es\/wp-json\/wp\/v2\/pages\/3075","targetHints":{"allow":["GET"]}}],"collection":[{"href":"https:\/\/www.thetraka.com\/es\/wp-json\/wp\/v2\/pages"}],"about":[{"href":"https:\/\/www.thetraka.com\/es\/wp-json\/wp\/v2\/types\/page"}],"author":[{"embeddable":true,"href":"https:\/\/www.thetraka.com\/es\/wp-json\/wp\/v2\/users\/4"}],"replies":[{"embeddable":true,"href":"https:\/\/www.thetraka.com\/es\/wp-json\/wp\/v2\/comments?post=3075"}],"version-history":[{"count":10,"href":"https:\/\/www.thetraka.com\/es\/wp-json\/wp\/v2\/pages\/3075\/revisions"}],"predecessor-version":[{"id":3126,"href":"https:\/\/www.thetraka.com\/es\/wp-json\/wp\/v2\/pages\/3075\/revisions\/3126"}],"up":[{"embeddable":true,"href":"https:\/\/www.thetraka.com\/es\/wp-json\/wp\/v2\/pages\/665"}],"wp:featuredmedia":[{"embeddable":true,"href":"https:\/\/www.thetraka.com\/es\/wp-json\/wp\/v2\/media\/550"}],"wp:attachment":[{"href":"https:\/\/www.thetraka.com\/es\/wp-json\/wp\/v2\/media?parent=3075"}],"curies":[{"name":"wp","href":"https:\/\/api.w.org\/{rel}","templated":true}]}}