{"id":624,"date":"2025-10-31T07:13:28","date_gmt":"2025-10-31T06:13:28","guid":{"rendered":"https:\/\/www.thetraka.com\/the-traka-force\/"},"modified":"2026-04-01T08:50:38","modified_gmt":"2026-04-01T06:50:38","slug":"the-traka-force","status":"publish","type":"page","link":"https:\/\/www.thetraka.com\/es\/the-traka-force\/","title":{"rendered":"THE TRAKA FORCE"},"content":{"rendered":"<p>[et_pb_section fb_built=\u00bb1&#8243; custom_padding_last_edited=\u00bbon|phone\u00bb _builder_version=\u00bb4.27.4&#8243; _module_preset=\u00bbdefault\u00bb background_enable_color=\u00bboff\u00bb background_image=\u00bbhttps:\/\/www.thetraka.com\/wp-content\/uploads\/2025\/10\/the-traka-force-002.jpg\u00bb background_position=\u00bbcenter_right\u00bb custom_padding=\u00bb295px||180px||false|false\u00bb custom_padding_tablet=\u00bb221px||110px||false|false\u00bb custom_padding_phone=\u00bb165px||45px||false|false\u00bb locked=\u00bboff\u00bb global_colors_info=\u00bb{}\u00bb][et_pb_row custom_padding_last_edited=\u00bbon|phone\u00bb _builder_version=\u00bb4.27.4&#8243; _module_preset=\u00bbdefault\u00bb custom_padding=\u00bb20px||20px||true|false\u00bb custom_padding_tablet=\u00bb22px||22px||true|false\u00bb custom_padding_phone=\u00bb35px||35px||true|false\u00bb global_colors_info=\u00bb{}\u00bb][et_pb_column type=\u00bb4_4&#8243; _builder_version=\u00bb4.27.4&#8243; _module_preset=\u00bbdefault\u00bb global_colors_info=\u00bb{}\u00bb][et_pb_image src=\u00bbhttps:\/\/www.thetraka.com\/wp-content\/uploads\/2025\/11\/the-traka-force-no-fear-just-forward-w.png\u00bb title_text=\u00bbthe-traka-force-no-fear-just-forward-w\u00bb align=\u00bbcenter\u00bb _builder_version=\u00bb4.27.4&#8243; _module_preset=\u00bbdefault\u00bb width=\u00bb500px\u00bb width_tablet=\u00bb450px\u00bb width_phone=\u00bb90%\u00bb width_last_edited=\u00bbon|phone\u00bb animation_style=\u00bbfade\u00bb global_colors_info=\u00bb{}\u00bb][\/et_pb_image][\/et_pb_column][\/et_pb_row][\/et_pb_section][et_pb_section fb_built=\u00bb1&#8243; custom_padding_last_edited=\u00bbon|phone\u00bb _builder_version=\u00bb4.27.4&#8243; _module_preset=\u00bbdefault\u00bb background_color=\u00bb#1e194c\u00bb custom_margin_last_edited=\u00bboff|desktop\u00bb custom_padding=\u00bb20px||20px||true|false\u00bb custom_padding_tablet=\u00bb18px||18px||true|false\u00bb custom_padding_phone=\u00bb14px||14px||true|false\u00bb background_last_edited=\u00bboff|desktop\u00bb locked=\u00bboff\u00bb global_colors_info=\u00bb{}\u00bb][et_pb_row _builder_version=\u00bb4.27.4&#8243; _module_preset=\u00bbdefault\u00bb width=\u00bb100%\u00bb width_tablet=\u00bb98%\u00bb width_phone=\u00bb308px\u00bb width_last_edited=\u00bbon|phone\u00bb max_width=\u00bb100%\u00bb max_width_tablet=\u00bb2560px\u00bb max_width_last_edited=\u00bboff|phone\u00bb module_alignment=\u00bbcenter\u00bb custom_margin=\u00bb||||false|false\u00bb custom_padding=\u00bb10px||10px||true|false\u00bb global_colors_info=\u00bb{}\u00bb][et_pb_column type=\u00bb4_4&#8243; _builder_version=\u00bb4.27.4&#8243; _module_preset=\u00bbdefault\u00bb global_colors_info=\u00bb{}\u00bb][et_pb_text _builder_version=\u00bb4.27.4&#8243; _module_preset=\u00bbdefault\u00bb text_font=\u00bb\u2013et_global_body_font|700|||||||\u00bb text_text_color=\u00bb#FFFFFF\u00bb text_font_size=\u00bb24px\u00bb text_line_height=\u00bb1.2em\u00bb text_orientation=\u00bbcenter\u00bb text_font_size_tablet=\u00bb20px\u00bb text_font_size_phone=\u00bb18px\u00bb text_font_size_last_edited=\u00bbon|phone\u00bb global_colors_info=\u00bb{}\u00bb]<\/p>\n<p>DERRIBANDO BARRERAS CON HERRAMIENTAS, MODELOS A SEGUIR Y COMUNIDAD.<\/p>\n<p>[\/et_pb_text][\/et_pb_column][\/et_pb_row][\/et_pb_section][et_pb_section fb_built=\u00bb1&#8243; _builder_version=\u00bb4.27.4&#8243; _module_preset=\u00bbdefault\u00bb background_color=\u00bbrgba(255,255,255,0.97)\u00bb background_image=\u00bbhttps:\/\/www.thetraka.com\/wp-content\/uploads\/2025\/10\/bg-the-traka-scaled.png\u00bb background_blend=\u00bboverlay\u00bb custom_padding=\u00bb78px||78px||true|false\u00bb locked=\u00bboff\u00bb global_colors_info=\u00bb{}\u00bb][et_pb_row _builder_version=\u00bb4.27.4&#8243; _module_preset=\u00bbdefault\u00bb max_width=\u00bb665px\u00bb max_width_tablet=\u00bb70%\u00bb max_width_phone=\u00bb90%\u00bb max_width_last_edited=\u00bbon|phone\u00bb global_colors_info=\u00bb{}\u00bb][et_pb_column type=\u00bb4_4&#8243; _builder_version=\u00bb4.27.4&#8243; _module_preset=\u00bbdefault\u00bb global_colors_info=\u00bb{}\u00bb][et_pb_text _builder_version=\u00bb4.27.4&#8243; _module_preset=\u00bbdefault\u00bb text_font=\u00bb\u2013et_global_body_font||||||||\u00bb header_font=\u00bb\u2013et_global_heading_font||||||||\u00bb header_text_align=\u00bbcenter\u00bb header_font_size_tablet=\u00bb28px\u00bb header_font_size_phone=\u00bb24px\u00bb header_font_size_last_edited=\u00bbon|phone\u00bb global_colors_info=\u00bb{}\u00bb]<\/p>\n<h1>THE TRAKA FORCE ES UN NUEVO PROGRAMA CREADO PARA APOYAR Y EMPODERAR A LAS MUJERES PARA QUE DEN EL SALTO Y PARTICIPEN EN THE TRAKA<\/h1>\n<p>[\/et_pb_text][et_pb_text _builder_version=\u00bb4.27.4&#8243; _module_preset=\u00bbdefault\u00bb text_font_size=\u00bb18px\u00bb text_orientation=\u00bbcenter\u00bb text_font_size_tablet=\u00bb17px\u00bb text_font_size_phone=\u00bb16px\u00bb text_font_size_last_edited=\u00bbon|phone\u00bb global_colors_info=\u00bb{}\u00bb]Nuestro objetivo es derribar barreras y ofrecer herramientas, modelos a seguir y una comunidad s\u00f3lida para crear una experiencia verdaderamente transformadora. A trav\u00e9s de v\u00eddeos inspiradores, recursos \u00fatiles de profesionales (nutricionistas, entrenadores, mec\u00e1nicos\u2026) y la energ\u00eda de nuestras embajadoras, pretendemos construir un espacio seguro y motivador. <\/p>\n<p>Tambi\u00e9n contamos con el apoyo de marcas comprometidas que aportar\u00e1n contenido, productos y experiencias valiosas para todas las participantes. The Traka Force comienza en Girona, dentro de The Traka, con la ambici\u00f3n de hacer crecer este modelo en todo el mundo del gravel.[\/et_pb_text][\/et_pb_column][\/et_pb_row][\/et_pb_section][et_pb_section fb_built=\u00bb1&#8243; _builder_version=\u00bb4.27.4&#8243; _module_preset=\u00bbdefault\u00bb background_color=\u00bb#1e194c\u00bb background_enable_image=\u00bboff\u00bb background_blend=\u00bboverlay\u00bb custom_padding=\u00bb78px||78px||true|false\u00bb locked=\u00bboff\u00bb global_colors_info=\u00bb{}\u00bb][et_pb_row _builder_version=\u00bb4.27.4&#8243; _module_preset=\u00bbdefault\u00bb max_width=\u00bb665px\u00bb max_width_tablet=\u00bb70%\u00bb max_width_phone=\u00bb90%\u00bb max_width_last_edited=\u00bbon|phone\u00bb locked=\u00bboff\u00bb global_colors_info=\u00bb{}\u00bb][et_pb_column type=\u00bb4_4&#8243; _builder_version=\u00bb4.27.4&#8243; _module_preset=\u00bbdefault\u00bb global_colors_info=\u00bb{}\u00bb][et_pb_text _builder_version=\u00bb4.27.4&#8243; _module_preset=\u00bbdefault\u00bb text_font=\u00bb\u2013et_global_heading_font|700|||||||\u00bb text_text_color=\u00bb#FFFFFF\u00bb text_font_size=\u00bb28px\u00bb text_line_height=\u00bb1.2em\u00bb text_orientation=\u00bbcenter\u00bb text_font_size_tablet=\u00bb26px\u00bb text_font_size_phone=\u00bb24px\u00bb text_font_size_last_edited=\u00bbon|phone\u00bb global_colors_info=\u00bb{}\u00bb]<\/p>\n<p>ESTE PROGRAMA ES PARA TI<\/p>\n<p>[\/et_pb_text][et_pb_text _builder_version=\u00bb4.27.4&#8243; _module_preset=\u00bbdefault\u00bb text_text_color=\u00bb#FFFFFF\u00bb text_font_size=\u00bb18px\u00bb text_orientation=\u00bbcenter\u00bb custom_margin=\u00bb||35px|||\u00bb text_font_size_tablet=\u00bb17px\u00bb text_font_size_phone=\u00bb16px\u00bb text_font_size_last_edited=\u00bbon|phone\u00bb global_colors_info=\u00bb{}\u00bb]<\/p>\n<p>Tanto si es tu primera vez como si ya has participado en eventos de gravel, queremos que formes parte de The Traka Force.<\/p>\n<p>\u00danete a una comunidad de mujeres valientes que comparten dudas, sue\u00f1os y experiencias reales. Reg\u00edstrate y cu\u00e9ntanos tu historia. No hace falta que lo tengas todo resuelto, solo el deseo de montar y compartir el viaje.  <\/p>\n<p><strong>ESTAMOS AQU\u00cd PARA APOYARTE.<\/strong><\/p>\n<p>[\/et_pb_text][et_pb_text _builder_version=\u00bb4.27.4&#8243; _module_preset=\u00bbdefault\u00bb text_text_color=\u00bb#1e194c\u00bb text_font_size=\u00bb15px\u00bb text_letter_spacing=\u00bb1px\u00bb text_line_height=\u00bb1.1em\u00bb background_color=\u00bb#FFFFFF\u00bb text_orientation=\u00bbcenter\u00bb width=\u00bb220px\u00bb width_tablet=\u00bb209px\u00bb width_phone=\u00bb232px\u00bb width_last_edited=\u00bbon|phone\u00bb module_alignment=\u00bbcenter\u00bb custom_margin=\u00bb15px||||false|false\u00bb custom_padding=\u00bb10px|25px|10px|25px|true|true\u00bb custom_padding_tablet=\u00bb9px|20px|9px|20px|true|true\u00bb custom_padding_phone=\u00bb14px|15px|14px|15px|true|true\u00bb custom_padding_last_edited=\u00bbon|phone\u00bb link_option_url=\u00bbhttps:\/\/www.rockthesport.com\/es\/evento\/thetrakaforce\u00bb link_option_url_new_window=\u00bbon\u00bb box_shadow_style=\u00bbpreset1&#8243; box_shadow_blur=\u00bb5px\u00bb locked=\u00bboff\u00bb global_colors_info=\u00bb{}\u00bb background_color__hover=\u00bb#636E9A\u00bb background_enable_color__hover=\u00bbon\u00bb transform_styles__hover_enabled=\u00bbon|hover\u00bb background__hover_enabled=\u00bbon|hover\u00bb transform_scale__hover=\u00bb102%|102%\u00bb transform_scale__hover_enabled=\u00bbon|hover\u00bb transform_translate__hover_enabled=\u00bbon|desktop\u00bb transform_rotate__hover_enabled=\u00bbon|desktop\u00bb transform_skew__hover_enabled=\u00bbon|desktop\u00bb transform_origin__hover_enabled=\u00bbon|desktop\u00bb text_text_color__hover_enabled=\u00bbon|hover\u00bb text_text_color__hover=\u00bb#FFFFFF\u00bb]<\/p>\n<p>\u00daNETE A LA FORCE \u00bb<\/p>\n<p>[\/et_pb_text][\/et_pb_column][\/et_pb_row][\/et_pb_section][et_pb_section fb_built=\u00bb1&#8243; custom_padding_last_edited=\u00bbon|phone\u00bb _builder_version=\u00bb4.27.6&#8243; _module_preset=\u00bbdefault\u00bb background_color=\u00bbrgba(0,0,0,0.66)\u00bb background_image=\u00bbhttps:\/\/www.thetraka.com\/wp-content\/uploads\/2026\/04\/SV26_MCB_28.jpg\u00bb background_blend=\u00bboverlay\u00bb custom_padding=\u00bb295px||100px||false|false\u00bb custom_padding_tablet=\u00bb310px||110px||false|false\u00bb custom_padding_phone=\u00bb165px||45px||false|false\u00bb locked=\u00bboff\u00bb global_colors_info=\u00bb{}\u00bb][et_pb_row custom_padding_last_edited=\u00bbon|phone\u00bb _builder_version=\u00bb4.27.4&#8243; _module_preset=\u00bbdefault\u00bb custom_padding=\u00bb20px||20px||true|false\u00bb custom_padding_tablet=\u00bb22px||22px||true|false\u00bb custom_padding_phone=\u00bb23px||25px||false|false\u00bb global_colors_info=\u00bb{}\u00bb][et_pb_column type=\u00bb4_4&#8243; _builder_version=\u00bb4.27.4&#8243; _module_preset=\u00bbdefault\u00bb global_colors_info=\u00bb{}\u00bb][et_pb_text _builder_version=\u00bb4.27.6&#8243; _module_preset=\u00bbdefault\u00bb text_font_size=\u00bb62px\u00bb header_text_color=\u00bb#FFFFFF\u00bb header_font_size=\u00bb75px\u00bb header_letter_spacing=\u00bb2px\u00bb text_orientation=\u00bbcenter\u00bb custom_margin=\u00bb||0px||false|false\u00bb header_font_size_tablet=\u00bb60px\u00bb header_font_size_phone=\u00bb42px\u00bb header_font_size_last_edited=\u00bbon|phone\u00bb header_text_shadow_style=\u00bbpreset1&#8243; global_colors_info=\u00bb{}\u00bb]<\/p>\n<h1>ACTIVACIONES<\/h1>\n<p>[\/et_pb_text][\/et_pb_column][\/et_pb_row][\/et_pb_section][et_pb_section fb_built=\u00bb1&#8243; _builder_version=\u00bb4.27.4&#8243; _module_preset=\u00bbdefault\u00bb background_color=\u00bb#000000&#8243; background_image=\u00bbhttps:\/\/www.thetraka.com\/wp-content\/uploads\/2025\/10\/bg-the-traka-scaled.png\u00bb parallax=\u00bbon\u00bb parallax_method=\u00bboff\u00bb min_height=\u00bb446.8px\u00bb custom_margin=\u00bb0px||0px||false|false\u00bb custom_padding=\u00bb0px|9px|200px||false|false\u00bb background_color_tablet=\u00bb#111111&#8243; background_color_phone=\u00bb#111111&#8243; background_enable_color_tablet=\u00bbon\u00bb background_enable_color_phone=\u00bbon\u00bb background_image_tablet=\u00bbhttps:\/\/www.thetraka.com\/wp-content\/uploads\/2026\/04\/mapa-mundi-1.png\u00bb background_image_phone=\u00bbhttps:\/\/www.thetraka.com\/wp-content\/uploads\/2026\/04\/MAP-RESP.png\u00bb background_enable_image_tablet=\u00bbon\u00bb background_enable_image_phone=\u00bbon\u00bb background_size_tablet=\u00bbcustom\u00bb background_size_phone=\u00bbinitial\u00bb background_image_width_tablet=\u00bb165%\u00bb background_image_width_phone=\u00bb100%\u00bb background_image_height_tablet=\u00bb0%\u00bb background_position_phone=\u00bbtop_center\u00bb background_horizontal_offset_tablet=\u00bb6%\u00bb background_horizontal_offset_phone=\u00bb39%\u00bb background_vertical_offset_tablet=\u00bb3%\u00bb background_vertical_offset_phone=\u00bb10%\u00bb global_colors_info=\u00bb{}\u00bb][et_pb_row _builder_version=\u00bb4.27.4&#8243; _module_preset=\u00bbdefault\u00bb width=\u00bb85%\u00bb max_width=\u00bb660px\u00bb max_width_tablet=\u00bb100%\u00bb max_width_phone=\u00bb100%\u00bb max_width_last_edited=\u00bbon|phone\u00bb custom_padding=\u00bb0px||||false|false\u00bb global_colors_info=\u00bb{}\u00bb][et_pb_column type=\u00bb4_4&#8243; _builder_version=\u00bb4.27.4&#8243; _module_preset=\u00bbdefault\u00bb global_colors_info=\u00bb{}\u00bb][et_pb_tabs active_tab_background_color=\u00bb#000000&#8243; active_tab_text_color=\u00bb#FFFFFF\u00bb _builder_version=\u00bb4.27.6&#8243; _module_preset=\u00bbdefault\u00bb tab_text_color=\u00bb#000000&#8243; body_font_size=\u00bb16px\u00bb tab_font_size=\u00bb16px\u00bb tab_line_height=\u00bb2em\u00bb custom_margin=\u00bb-55px||||false|false\u00bb custom_margin_tablet=\u00bb-65px||||false|false\u00bb custom_margin_phone=\u00bb-48px||||false|false\u00bb custom_margin_last_edited=\u00bbon|phone\u00bb custom_padding=\u00bb||||false|false\u00bb body_font_size_tablet=\u00bb15px\u00bb body_font_size_phone=\u00bb14px\u00bb body_font_size_last_edited=\u00bbon|phone\u00bb tab_font_size_tablet=\u00bb15px\u00bb tab_font_size_phone=\u00bb14px\u00bb tab_font_size_last_edited=\u00bbon|phone\u00bb tab_line_height_tablet=\u00bb1.5em\u00bb tab_line_height_phone=\u00bb1.4em\u00bb tab_line_height_last_edited=\u00bbon|phone\u00bb global_colors_info=\u00bb{}\u00bb][et_pb_tab title=\u00bbActivaciones de Traka Force\u00bb _builder_version=\u00bb4.27.6&#8243; _module_preset=\u00bbdefault\u00bb global_colors_info=\u00bb{}\u00bb]<\/p>\n<p><strong>13.02 \/ <\/strong><strong>Salida de calentamiento de The Traka Force<\/strong><\/p>\n<ul>\n<li><a href=\"https:\/\/drive.google.com\/drive\/u\/1\/folders\/1tuDpZQ7tcKx5vpAe5xuTIewsf0dvNeuh\" target=\"_blank\" rel=\"noopener\">Fotos <\/a><strong><\/strong><\/li>\n<\/ul>\n<p><strong>21.02 \/ Salida social de The Traka Force<\/strong><\/p>\n<p><strong>18.03 \/ Webinar:<\/strong><\/p>\n<ul>\n<li>Gestionar el miedo &amp; los pensamientos negativos en las carreras de gravel<\/li>\n<\/ul>\n<p>[\/et_pb_tab][\/et_pb_tabs][\/et_pb_column][\/et_pb_row][\/et_pb_section]<\/p>\n","protected":false},"excerpt":{"rendered":"<p>DERRIBANDO BARRERAS CON HERRAMIENTAS, MODELOS A SEGUIR Y COMUNIDAD.THE TRAKA FORCE ES UN NUEVO PROGRAMA CREADO PARA APOYAR Y EMPODERAR A LAS MUJERES PARA QUE DEN EL SALTO Y PARTICIPEN EN THE TRAKANuestro objetivo es derribar barreras y ofrecer herramientas, modelos a seguir y una comunidad s\u00f3lida para crear una experiencia verdaderamente transformadora. A trav\u00e9s [&hellip;]<\/p>\n","protected":false},"author":1,"featured_media":550,"parent":0,"menu_order":0,"comment_status":"closed","ping_status":"closed","template":"","meta":{"_et_pb_use_builder":"on","_et_pb_old_content":"","_et_gb_content_width":"","footnotes":""},"class_list":["post-624","page","type-page","status-publish","has-post-thumbnail","hentry"],"_links":{"self":[{"href":"https:\/\/www.thetraka.com\/es\/wp-json\/wp\/v2\/pages\/624","targetHints":{"allow":["GET"]}}],"collection":[{"href":"https:\/\/www.thetraka.com\/es\/wp-json\/wp\/v2\/pages"}],"about":[{"href":"https:\/\/www.thetraka.com\/es\/wp-json\/wp\/v2\/types\/page"}],"author":[{"embeddable":true,"href":"https:\/\/www.thetraka.com\/es\/wp-json\/wp\/v2\/users\/1"}],"replies":[{"embeddable":true,"href":"https:\/\/www.thetraka.com\/es\/wp-json\/wp\/v2\/comments?post=624"}],"version-history":[{"count":18,"href":"https:\/\/www.thetraka.com\/es\/wp-json\/wp\/v2\/pages\/624\/revisions"}],"predecessor-version":[{"id":3640,"href":"https:\/\/www.thetraka.com\/es\/wp-json\/wp\/v2\/pages\/624\/revisions\/3640"}],"wp:featuredmedia":[{"embeddable":true,"href":"https:\/\/www.thetraka.com\/es\/wp-json\/wp\/v2\/media\/550"}],"wp:attachment":[{"href":"https:\/\/www.thetraka.com\/es\/wp-json\/wp\/v2\/media?parent=624"}],"curies":[{"name":"wp","href":"https:\/\/api.w.org\/{rel}","templated":true}]}}