{"id":701,"date":"2025-10-30T20:57:00","date_gmt":"2025-10-30T19:57:00","guid":{"rendered":"https:\/\/www.thetraka.com\/kit-perfecto\/pendientes-gravel\/"},"modified":"2026-02-06T13:02:07","modified_gmt":"2026-02-06T12:02:07","slug":"gravel-earing","status":"publish","type":"page","link":"https:\/\/www.thetraka.com\/es\/perfect-kit\/gravel-earing\/","title":{"rendered":"TRANSMISI\u00d3N GRAVEL"},"content":{"rendered":"<p>[et_pb_section fb_built=\u00bb1&#8243; custom_padding_last_edited=\u00bbon|phone\u00bb _builder_version=\u00bb4.27.4&#8243; _module_preset=\u00bbdefault\u00bb background_color=\u00bbrgba(0,0,0,0.44)\u00bb background_image=\u00bbhttps:\/\/www.thetraka.com\/wp-content\/uploads\/2025\/10\/gravel-earing-banner0.jpg\u00bb background_position=\u00bbtop_left\u00bb background_blend=\u00bboverlay\u00bb custom_padding=\u00bb235px||100px||false|false\u00bb custom_padding_tablet=\u00bb310px||110px||false|false\u00bb custom_padding_phone=\u00bb165px||45px||false|false\u00bb locked=\u00bboff\u00bb global_colors_info=\u00bb{}\u00bb][et_pb_row custom_padding_last_edited=\u00bbon|phone\u00bb _builder_version=\u00bb4.27.4&#8243; _module_preset=\u00bbdefault\u00bb custom_padding=\u00bb20px||20px||true|false\u00bb custom_padding_tablet=\u00bb22px||22px||true|false\u00bb custom_padding_phone=\u00bb23px||25px||false|false\u00bb global_colors_info=\u00bb{}\u00bb][et_pb_column type=\u00bb4_4&#8243; _builder_version=\u00bb4.27.4&#8243; _module_preset=\u00bbdefault\u00bb global_colors_info=\u00bb{}\u00bb][et_pb_text _builder_version=\u00bb4.27.4&#8243; _module_preset=\u00bbdefault\u00bb text_font_size=\u00bb62px\u00bb header_text_color=\u00bb#FFFFFF\u00bb header_font_size=\u00bb75px\u00bb header_letter_spacing=\u00bb2px\u00bb text_orientation=\u00bbcenter\u00bb custom_margin=\u00bb||0px||false|false\u00bb header_font_size_tablet=\u00bb60px\u00bb header_font_size_phone=\u00bb42px\u00bb header_font_size_last_edited=\u00bbon|phone\u00bb header_text_shadow_style=\u00bbpreset1&#8243; global_colors_info=\u00bb{}\u00bb]<\/p>\n<h1>TRANSMISI\u00d3N GRAVEL<\/h1>\n<p>[\/et_pb_text][et_pb_text _builder_version=\u00bb4.27.4&#8243; _module_preset=\u00bbdefault\u00bb text_font=\u00bbZeyada||||||||\u00bb text_text_color=\u00bb#FFFFFF\u00bb text_font_size=\u00bb40px\u00bb text_line_height=\u00bb1em\u00bb text_orientation=\u00bbcenter\u00bb custom_margin=\u00bb||-15px||false|false\u00bb custom_padding=\u00bb||0px||false|false\u00bb global_colors_info=\u00bb{}\u00bb]<\/p>\n<p>por:<\/p>\n<p>[\/et_pb_text][et_pb_image src=\u00bbhttps:\/\/www.thetraka.com\/wp-content\/uploads\/2026\/02\/SRAM-white.png\u00bb title_text=\u00bbSRAM-blanco\u00bb url=\u00bbhttps:\/\/www.sram.com\/en\/sram\u00bb url_new_window=\u00bbon\u00bb align=\u00bbcenter\u00bb _builder_version=\u00bb4.27.5&#8243; _module_preset=\u00bbdefault\u00bb width=\u00bb185px\u00bb width_tablet=\u00bb230px\u00bb width_phone=\u00bb112px\u00bb width_last_edited=\u00bbon|phone\u00bb module_alignment=\u00bbcenter\u00bb custom_margin=\u00bb6px||||false|false\u00bb animation_style=\u00bbfade\u00bb locked=\u00bboff\u00bb global_colors_info=\u00bb{}\u00bb transform_styles__hover_enabled=\u00bbon|hover\u00bb transform_scale__hover_enabled=\u00bbon|hover\u00bb transform_translate__hover_enabled=\u00bbon|desktop\u00bb transform_rotate__hover_enabled=\u00bbon|desktop\u00bb transform_skew__hover_enabled=\u00bbon|desktop\u00bb transform_origin__hover_enabled=\u00bbon|desktop\u00bb transform_scale__hover=\u00bb102%|102%\u00bb][\/et_pb_image][\/et_pb_column][\/et_pb_row][\/et_pb_section][et_pb_section fb_built=\u00bb1&#8243; custom_padding_last_edited=\u00bbon|desktop\u00bb _builder_version=\u00bb4.27.4&#8243; _module_preset=\u00bbdefault\u00bb background_color=\u00bb#FFFFFF\u00bb background_image=\u00bbhttps:\/\/www.santavall.com\/wp-content\/uploads\/2025\/10\/xthetraka.png\u00bb background_size=\u00bbcustom\u00bb background_image_width=\u00bb12%\u00bb background_position=\u00bbbottom_center\u00bb module_alignment=\u00bbcenter\u00bb custom_margin=\u00bb0px||0px||false|false\u00bb custom_padding=\u00bb65px|9px|65px||true|false\u00bb custom_padding_tablet=\u00bb40px|9px|55px||false|false\u00bb custom_padding_phone=\u00bb35px|0px|53px||false|false\u00bb background_last_edited=\u00bbon|phone\u00bb background_image_width_tablet=\u00bb24%\u00bb background_image_width_phone=\u00bb41%\u00bb global_colors_info=\u00bb{}\u00bb][et_pb_row custom_padding_last_edited=\u00bbon|phone\u00bb _builder_version=\u00bb4.27.4&#8243; _module_preset=\u00bbdefault\u00bb background_color=\u00bbrgba(0,0,0,0.41)\u00bb background_image=\u00bbhttps:\/\/www.thetraka.com\/wp-content\/uploads\/2025\/10\/gravel-earing-banner1.jpg\u00bb background_blend=\u00bboverlay\u00bb width_tablet=\u00bb80%\u00bb width_phone=\u00bb80%\u00bb width_last_edited=\u00bboff|desktop\u00bb max_width=\u00bb800px\u00bb max_width_tablet=\u00bb600px\u00bb max_width_phone=\u00bb90%\u00bb max_width_last_edited=\u00bbon|phone\u00bb module_alignment=\u00bbcenter\u00bb height_tablet=\u00bb284px\u00bb height_phone=\u00bb262px\u00bb height_last_edited=\u00bboff|desktop\u00bb custom_margin=\u00bb0px||0px||false|false\u00bb custom_padding=\u00bb50px|80px|50px|80px|true|true\u00bb custom_padding_tablet=\u00bb48px|70px|48px|70px|true|true\u00bb custom_padding_phone=\u00bb44px|40px|44px|40px|true|true\u00bb global_colors_info=\u00bb{}\u00bb][et_pb_column type=\u00bb4_4&#8243; _builder_version=\u00bb4.27.4&#8243; _module_preset=\u00bbdefault\u00bb global_colors_info=\u00bb{}\u00bb][et_pb_text _builder_version=\u00bb4.27.4&#8243; _module_preset=\u00bbdefault\u00bb header_text_color=\u00bb#FFFFFF\u00bb header_font_size=\u00bb22px\u00bb text_orientation=\u00bbcenter\u00bb global_colors_info=\u00bb{}\u00bb]<\/p>\n<h1>C\u00d3MO ELEGIR LA TRANSMISI\u00d3N ADECUADA PARA \u00abTHE TRAKA\u00bb<\/h1>\n<p>[\/et_pb_text][et_pb_text _builder_version=\u00bb4.27.4&#8243; _module_preset=\u00bbdefault\u00bb text_text_color=\u00bb#FFFFFF\u00bb text_font_size=\u00bb18px\u00bb text_line_height=\u00bb1.3em\u00bb text_orientation=\u00bbcenter\u00bb text_font_size_tablet=\u00bb17px\u00bb text_font_size_phone=\u00bb16px\u00bb text_font_size_last_edited=\u00bbon|phone\u00bb locked=\u00bboff\u00bb global_colors_info=\u00bb{}\u00bb]Cada ciclista tiene necesidades \u00fanicas al practicar gravel, y SRAM tiene una soluci\u00f3n de transmisi\u00f3n para cada uno. Desde el punto \u00f3ptimo de desarrollo del XPLR hasta el rango m\u00e1ximo del Eagle o los saltos de carretera ajustados de una configuraci\u00f3n 2x, todo es divertido.[\/et_pb_text][\/et_pb_column][\/et_pb_row][et_pb_row column_structure=\u00bb1_3,1_3,1_3&#8243; use_custom_gutter=\u00bbon\u00bb gutter_width=\u00bb2&#8243; make_equal=\u00bbon\u00bb _builder_version=\u00bb4.27.4&#8243; _module_preset=\u00bbdefault\u00bb max_width=\u00bb1100px\u00bb max_width_tablet=\u00bb369px\u00bb max_width_phone=\u00bb90%\u00bb max_width_last_edited=\u00bbon|phone\u00bb custom_margin=\u00bb46px|auto||auto|false|false\u00bb global_colors_info=\u00bb{}\u00bb][et_pb_column type=\u00bb1_3&#8243; _builder_version=\u00bb4.27.4&#8243; _module_preset=\u00bbdefault\u00bb global_colors_info=\u00bb{}\u00bb][et_pb_image src=\u00bbhttps:\/\/www.thetraka.com\/wp-content\/uploads\/2025\/10\/gravel-x1-all-around-xplr.jpg\u00bb title_text=\u00bbgravel-x1-all-around-xplr\u00bb url=\u00bbhttps:\/\/www.sram.com\/en\/life\/stories\/gravel-gearing\u00bb url_new_window=\u00bbon\u00bb align=\u00bbcenter\u00bb _builder_version=\u00bb4.27.4&#8243; _module_preset=\u00bbdefault\u00bb width=\u00bb91%\u00bb module_alignment=\u00bbcenter\u00bb custom_margin=\u00bb0px||33px||false|false\u00bb custom_margin_tablet=\u00bb22px||33px||false|false\u00bb custom_margin_phone=\u00bb22px||33px||false|false\u00bb custom_margin_last_edited=\u00bbon|desktop\u00bb module_alignment_tablet=\u00bbcenter\u00bb module_alignment_phone=\u00bbcenter\u00bb module_alignment_last_edited=\u00bbon|desktop\u00bb global_colors_info=\u00bb{}\u00bb][\/et_pb_image][et_pb_text _builder_version=\u00bb4.27.4&#8243; _module_preset=\u00bbdefault\u00bb text_text_color=\u00bb#FFFFFF\u00bb text_font_size=\u00bb15px\u00bb text_letter_spacing=\u00bb1px\u00bb text_line_height=\u00bb1.1em\u00bb background_color=\u00bb#000000&#8243; text_orientation=\u00bbcenter\u00bb width=\u00bb220px\u00bb width_tablet=\u00bb209px\u00bb width_phone=\u00bb232px\u00bb width_last_edited=\u00bbon|phone\u00bb module_alignment=\u00bbcenter\u00bb custom_margin=\u00bb15px||||false|false\u00bb custom_padding=\u00bb10px|25px|10px|25px|true|true\u00bb custom_padding_tablet=\u00bb9px|20px|9px|20px|true|true\u00bb custom_padding_phone=\u00bb14px|15px|14px|15px|true|true\u00bb custom_padding_last_edited=\u00bbon|phone\u00bb link_option_url=\u00bbhttps:\/\/www.sram.com\/en\/life\/stories\/gravel-gearing\u00bb link_option_url_new_window=\u00bbon\u00bb box_shadow_style=\u00bbpreset1&#8243; box_shadow_blur=\u00bb5px\u00bb locked=\u00bboff\u00bb global_colors_info=\u00bb{}\u00bb transform_styles__hover_enabled=\u00bbon|hover\u00bb background_color__hover=\u00bb#272525&#8243; background_enable_color__hover=\u00bbon\u00bb background__hover_enabled=\u00bbon|hover\u00bb transform_scale__hover=\u00bb102%|102%\u00bb transform_scale__hover_enabled=\u00bbon|hover\u00bb transform_translate__hover_enabled=\u00bbon|desktop\u00bb transform_rotate__hover_enabled=\u00bbon|desktop\u00bb transform_skew__hover_enabled=\u00bbon|desktop\u00bb transform_origin__hover_enabled=\u00bbon|desktop\u00bb]<\/p>\n<p>DESC\u00daBRELO \u00bb<\/p>\n<p>[\/et_pb_text][\/et_pb_column][et_pb_column type=\u00bb1_3&#8243; _builder_version=\u00bb4.27.4&#8243; _module_preset=\u00bbdefault\u00bb global_colors_info=\u00bb{}\u00bb][et_pb_image src=\u00bbhttps:\/\/www.thetraka.com\/wp-content\/uploads\/2025\/10\/gravel-x1-eagle.jpg\u00bb title_text=\u00bbgravel-x1-eagle\u00bb url=\u00bbhttps:\/\/www.sram.com\/en\/life\/stories\/gravel-gearing\u00bb url_new_window=\u00bbon\u00bb align=\u00bbcenter\u00bb _builder_version=\u00bb4.27.4&#8243; _module_preset=\u00bbdefault\u00bb width=\u00bb91%\u00bb module_alignment=\u00bbcenter\u00bb custom_margin=\u00bb0px||33px||false|false\u00bb custom_margin_tablet=\u00bb22px||33px||false|false\u00bb custom_margin_phone=\u00bb22px||33px||false|false\u00bb custom_margin_last_edited=\u00bbon|desktop\u00bb module_alignment_tablet=\u00bbcenter\u00bb module_alignment_phone=\u00bbcenter\u00bb module_alignment_last_edited=\u00bbon|desktop\u00bb global_colors_info=\u00bb{}\u00bb][\/et_pb_image][et_pb_text _builder_version=\u00bb4.27.4&#8243; _module_preset=\u00bbdefault\u00bb text_text_color=\u00bb#FFFFFF\u00bb text_font_size=\u00bb15px\u00bb text_letter_spacing=\u00bb1px\u00bb text_line_height=\u00bb1.1em\u00bb background_color=\u00bb#000000&#8243; text_orientation=\u00bbcenter\u00bb width=\u00bb220px\u00bb width_tablet=\u00bb209px\u00bb width_phone=\u00bb232px\u00bb width_last_edited=\u00bbon|phone\u00bb module_alignment=\u00bbcenter\u00bb custom_margin=\u00bb15px||||false|false\u00bb custom_padding=\u00bb10px|25px|10px|25px|true|true\u00bb custom_padding_tablet=\u00bb9px|20px|9px|20px|true|true\u00bb custom_padding_phone=\u00bb14px|15px|14px|15px|true|true\u00bb custom_padding_last_edited=\u00bbon|phone\u00bb link_option_url=\u00bbhttps:\/\/www.sram.com\/en\/life\/stories\/gravel-gearing\u00bb link_option_url_new_window=\u00bbon\u00bb box_shadow_style=\u00bbpreset1&#8243; box_shadow_blur=\u00bb5px\u00bb locked=\u00bboff\u00bb global_colors_info=\u00bb{}\u00bb transform_styles__hover_enabled=\u00bbon|hover\u00bb background_color__hover=\u00bb#272525&#8243; background_enable_color__hover=\u00bbon\u00bb background__hover_enabled=\u00bbon|hover\u00bb transform_scale__hover=\u00bb102%|102%\u00bb transform_scale__hover_enabled=\u00bbon|hover\u00bb transform_translate__hover_enabled=\u00bbon|desktop\u00bb transform_rotate__hover_enabled=\u00bbon|desktop\u00bb transform_skew__hover_enabled=\u00bbon|desktop\u00bb transform_origin__hover_enabled=\u00bbon|desktop\u00bb]<\/p>\n<p>DESC\u00daBRELO \u00bb<\/p>\n<p>[\/et_pb_text][\/et_pb_column][et_pb_column type=\u00bb1_3&#8243; _builder_version=\u00bb4.27.4&#8243; _module_preset=\u00bbdefault\u00bb global_colors_info=\u00bb{}\u00bb][et_pb_image src=\u00bbhttps:\/\/www.thetraka.com\/wp-content\/uploads\/2025\/10\/gravel-x2.jpg\u00bb title_text=\u00bbgravel-x2&#8243; url=\u00bbhttps:\/\/www.sram.com\/en\/life\/stories\/gravel-gearing\u00bb url_new_window=\u00bbon\u00bb align=\u00bbcenter\u00bb _builder_version=\u00bb4.27.4&#8243; _module_preset=\u00bbdefault\u00bb width=\u00bb91%\u00bb module_alignment=\u00bbcenter\u00bb custom_margin=\u00bb0px||33px||false|false\u00bb custom_margin_tablet=\u00bb22px||33px||false|false\u00bb custom_margin_phone=\u00bb22px||33px||false|false\u00bb custom_margin_last_edited=\u00bbon|desktop\u00bb module_alignment_tablet=\u00bbcenter\u00bb module_alignment_phone=\u00bbcenter\u00bb module_alignment_last_edited=\u00bbon|desktop\u00bb global_colors_info=\u00bb{}\u00bb][\/et_pb_image][et_pb_text _builder_version=\u00bb4.27.4&#8243; _module_preset=\u00bbdefault\u00bb text_text_color=\u00bb#FFFFFF\u00bb text_font_size=\u00bb15px\u00bb text_letter_spacing=\u00bb1px\u00bb text_line_height=\u00bb1.1em\u00bb background_color=\u00bb#000000&#8243; text_orientation=\u00bbcenter\u00bb width=\u00bb220px\u00bb width_tablet=\u00bb209px\u00bb width_phone=\u00bb232px\u00bb width_last_edited=\u00bbon|phone\u00bb module_alignment=\u00bbcenter\u00bb custom_margin=\u00bb15px||||false|false\u00bb custom_padding=\u00bb10px|25px|10px|25px|true|true\u00bb custom_padding_tablet=\u00bb9px|20px|9px|20px|true|true\u00bb custom_padding_phone=\u00bb14px|15px|14px|15px|true|true\u00bb custom_padding_last_edited=\u00bbon|phone\u00bb link_option_url=\u00bbhttps:\/\/www.sram.com\/en\/life\/stories\/gravel-gearing\u00bb link_option_url_new_window=\u00bbon\u00bb box_shadow_style=\u00bbpreset1&#8243; box_shadow_blur=\u00bb5px\u00bb locked=\u00bboff\u00bb global_colors_info=\u00bb{}\u00bb transform_styles__hover_enabled=\u00bbon|hover\u00bb background_color__hover=\u00bb#272525&#8243; background_enable_color__hover=\u00bbon\u00bb background__hover_enabled=\u00bbon|hover\u00bb transform_scale__hover=\u00bb102%|102%\u00bb transform_scale__hover_enabled=\u00bbon|hover\u00bb transform_translate__hover_enabled=\u00bbon|desktop\u00bb transform_rotate__hover_enabled=\u00bbon|desktop\u00bb transform_skew__hover_enabled=\u00bbon|desktop\u00bb transform_origin__hover_enabled=\u00bbon|desktop\u00bb]<\/p>\n<p>DESC\u00daBRELO \u00bb<\/p>\n<p>[\/et_pb_text][\/et_pb_column][\/et_pb_row][\/et_pb_section]<\/p>\n","protected":false},"excerpt":{"rendered":"<p>TRANSMISI\u00d3N GRAVELpor:C\u00d3MO ELEGIR LA TRANSMISI\u00d3N ADECUADA PARA \u00abTHE TRAKA\u00bbCada ciclista tiene necesidades \u00fanicas al practicar gravel, y SRAM tiene una soluci\u00f3n de transmisi\u00f3n para cada uno. Desde el punto \u00f3ptimo de desarrollo del XPLR hasta el rango m\u00e1ximo del Eagle o los saltos de carretera ajustados de una configuraci\u00f3n 2x, todo es divertido.DESC\u00daBRELO \u00bbDESC\u00daBRELO \u00bbDESC\u00daBRELO [&hellip;]<\/p>\n","protected":false},"author":1,"featured_media":550,"parent":665,"menu_order":0,"comment_status":"closed","ping_status":"closed","template":"","meta":{"_et_pb_use_builder":"on","_et_pb_old_content":"","_et_gb_content_width":"","footnotes":""},"class_list":["post-701","page","type-page","status-publish","has-post-thumbnail","hentry"],"_links":{"self":[{"href":"https:\/\/www.thetraka.com\/es\/wp-json\/wp\/v2\/pages\/701","targetHints":{"allow":["GET"]}}],"collection":[{"href":"https:\/\/www.thetraka.com\/es\/wp-json\/wp\/v2\/pages"}],"about":[{"href":"https:\/\/www.thetraka.com\/es\/wp-json\/wp\/v2\/types\/page"}],"author":[{"embeddable":true,"href":"https:\/\/www.thetraka.com\/es\/wp-json\/wp\/v2\/users\/1"}],"replies":[{"embeddable":true,"href":"https:\/\/www.thetraka.com\/es\/wp-json\/wp\/v2\/comments?post=701"}],"version-history":[{"count":34,"href":"https:\/\/www.thetraka.com\/es\/wp-json\/wp\/v2\/pages\/701\/revisions"}],"predecessor-version":[{"id":3149,"href":"https:\/\/www.thetraka.com\/es\/wp-json\/wp\/v2\/pages\/701\/revisions\/3149"}],"up":[{"embeddable":true,"href":"https:\/\/www.thetraka.com\/es\/wp-json\/wp\/v2\/pages\/665"}],"wp:featuredmedia":[{"embeddable":true,"href":"https:\/\/www.thetraka.com\/es\/wp-json\/wp\/v2\/media\/550"}],"wp:attachment":[{"href":"https:\/\/www.thetraka.com\/es\/wp-json\/wp\/v2\/media?parent=701"}],"curies":[{"name":"wp","href":"https:\/\/api.w.org\/{rel}","templated":true}]}}