{"id":802,"date":"2025-10-30T21:12:28","date_gmt":"2025-10-30T20:12:28","guid":{"rendered":"https:\/\/www.thetraka.com\/kit-perfecto\/dejate-llevar\/"},"modified":"2026-02-06T13:01:04","modified_gmt":"2026-02-06T12:01:04","slug":"roll-with-it","status":"publish","type":"page","link":"https:\/\/www.thetraka.com\/es\/perfect-kit\/roll-with-it\/","title":{"rendered":"RODE WITH IT"},"content":{"rendered":"<p>[et_pb_section fb_built=\u00bb1&#8243; custom_padding_last_edited=\u00bbon|phone\u00bb _builder_version=\u00bb4.27.4&#8243; _module_preset=\u00bbdefault\u00bb background_color=\u00bbrgba(0,0,0,0.66)\u00bb background_image=\u00bbhttps:\/\/www.thetraka.com\/wp-content\/uploads\/2025\/10\/rode-with-it001.jpg\u00bb background_blend=\u00bboverlay\u00bb custom_padding=\u00bb295px||100px||false|false\u00bb custom_padding_tablet=\u00bb310px||110px||false|false\u00bb custom_padding_phone=\u00bb165px||45px||false|false\u00bb locked=\u00bboff\u00bb global_colors_info=\u00bb{}\u00bb][et_pb_row custom_padding_last_edited=\u00bbon|phone\u00bb _builder_version=\u00bb4.27.4&#8243; _module_preset=\u00bbdefault\u00bb custom_padding=\u00bb21px||21px||true|false\u00bb custom_padding_tablet=\u00bb22px||22px||true|false\u00bb custom_padding_phone=\u00bb23px||25px||false|false\u00bb global_colors_info=\u00bb{}\u00bb][et_pb_column type=\u00bb4_4&#8243; _builder_version=\u00bb4.27.4&#8243; _module_preset=\u00bbdefault\u00bb global_colors_info=\u00bb{}\u00bb][et_pb_text _builder_version=\u00bb4.27.5&#8243; _module_preset=\u00bbdefault\u00bb text_font_size=\u00bb62px\u00bb header_text_color=\u00bb#FFFFFF\u00bb header_font_size=\u00bb75px\u00bb header_letter_spacing=\u00bb2px\u00bb text_orientation=\u00bbcenter\u00bb custom_margin=\u00bb||0px||false|false\u00bb header_font_size_tablet=\u00bb60px\u00bb header_font_size_phone=\u00bb42px\u00bb header_font_size_last_edited=\u00bbon|phone\u00bb header_text_shadow_style=\u00bbpreset1&#8243; global_colors_info=\u00bb{}\u00bb]<\/p>\n<h1>RODE WITH IT<\/h1>\n<p>[\/et_pb_text][et_pb_text _builder_version=\u00bb4.27.4&#8243; _module_preset=\u00bbdefault\u00bb text_font=\u00bbZeyada||||||||\u00bb text_text_color=\u00bb#FFFFFF\u00bb text_font_size=\u00bb40px\u00bb text_line_height=\u00bb1em\u00bb text_orientation=\u00bbcenter\u00bb custom_margin=\u00bb||-15px||false|false\u00bb custom_padding=\u00bb||0px||false|false\u00bb locked=\u00bboff\u00bb global_colors_info=\u00bb{}\u00bb]<\/p>\n<p>por:<\/p>\n<p>[\/et_pb_text][et_pb_image src=\u00bbhttps:\/\/www.thetraka.com\/wp-content\/uploads\/2025\/10\/logo-zip-santa-vall.png\u00bb title_text=\u00bblogo-zip-santa-vall\u00bb url=\u00bbhttps:\/\/www.sram.com\/en\/zipp\u00bb url_new_window=\u00bbon\u00bb align=\u00bbcenter\u00bb _builder_version=\u00bb4.27.5&#8243; _module_preset=\u00bbdefault\u00bb width=\u00bb220px\u00bb width_tablet=\u00bb230px\u00bb width_phone=\u00bb159px\u00bb width_last_edited=\u00bbon|phone\u00bb module_alignment=\u00bbcenter\u00bb animation_style=\u00bbfade\u00bb hover_enabled=\u00bb0&#8243; global_colors_info=\u00bb{}\u00bb transform_styles__hover_enabled=\u00bbon|hover\u00bb transform_scale__hover=\u00bb102%|102%\u00bb transform_scale__hover_enabled=\u00bbon|hover\u00bb transform_translate__hover_enabled=\u00bbon|desktop\u00bb transform_rotate__hover_enabled=\u00bbon|desktop\u00bb transform_skew__hover_enabled=\u00bbon|desktop\u00bb transform_origin__hover_enabled=\u00bbon|desktop\u00bb custom_margin=\u00bb22px||||false|false\u00bb sticky_enabled=\u00bb0&#8243;][\/et_pb_image][\/et_pb_column][\/et_pb_row][\/et_pb_section][et_pb_section fb_built=\u00bb1&#8243; custom_padding_last_edited=\u00bbon|desktop\u00bb _builder_version=\u00bb4.27.4&#8243; _module_preset=\u00bbdefault\u00bb background_color=\u00bb#FFFFFF\u00bb background_image=\u00bbhttps:\/\/www.santavall.com\/wp-content\/uploads\/2025\/10\/xthetraka.png\u00bb background_size=\u00bbcustom\u00bb background_image_width=\u00bb12%\u00bb background_position=\u00bbbottom_center\u00bb module_alignment=\u00bbcenter\u00bb custom_margin=\u00bb0px||0px||false|false\u00bb custom_padding=\u00bb50px|9px|150px||false|false\u00bb custom_padding_tablet=\u00bb40px|9px|55px||false|false\u00bb custom_padding_phone=\u00bb35px|0px|53px||false|false\u00bb background_last_edited=\u00bbon|phone\u00bb background_image_width_tablet=\u00bb24%\u00bb background_image_width_phone=\u00bb41%\u00bb global_colors_info=\u00bb{}\u00bb][et_pb_row custom_padding_last_edited=\u00bbon|phone\u00bb _builder_version=\u00bb4.27.4&#8243; _module_preset=\u00bbdefault\u00bb background_color=\u00bbrgba(0,0,0,0.58)\u00bb background_image=\u00bbhttps:\/\/www.thetraka.com\/wp-content\/uploads\/2025\/10\/rode-with-it002.jpg\u00bb background_blend=\u00bboverlay\u00bb max_width=\u00bb800px\u00bb max_width_tablet=\u00bb600px\u00bb max_width_phone=\u00bb90%\u00bb max_width_last_edited=\u00bbon|phone\u00bb module_alignment=\u00bbcenter\u00bb custom_margin=\u00bb0px||0px||false|false\u00bb custom_padding=\u00bb104px|80px|104px|80px|true|true\u00bb custom_padding_tablet=\u00bb59px|70px|59px|70px|true|true\u00bb custom_padding_phone=\u00bb44px|40px|44px|40px|true|true\u00bb global_colors_info=\u00bb{}\u00bb][et_pb_column type=\u00bb4_4&#8243; _builder_version=\u00bb4.27.4&#8243; _module_preset=\u00bbdefault\u00bb global_colors_info=\u00bb{}\u00bb][et_pb_text _builder_version=\u00bb4.27.4&#8243; _module_preset=\u00bbdefault\u00bb header_text_color=\u00bb#FFFFFF\u00bb header_font_size=\u00bb22px\u00bb text_orientation=\u00bbcenter\u00bb locked=\u00bboff\u00bb global_colors_info=\u00bb{}\u00bb]<\/p>\n<h1>Colecci\u00f3n XPLR de Zipp<\/h1>\n<p>[\/et_pb_text][et_pb_text _builder_version=\u00bb4.27.4&#8243; _module_preset=\u00bbdefault\u00bb text_text_color=\u00bb#FFFFFF\u00bb text_font_size=\u00bb18px\u00bb text_line_height=\u00bb1.3em\u00bb text_orientation=\u00bbcenter\u00bb text_font_size_tablet=\u00bb17px\u00bb text_font_size_phone=\u00bb16px\u00bb text_font_size_last_edited=\u00bbon|phone\u00bb locked=\u00bboff\u00bb global_colors_info=\u00bb{}\u00bb]Te permite enfrentarte a lo que sea que te depare el gravel.[\/et_pb_text][\/et_pb_column][\/et_pb_row][et_pb_row column_structure=\u00bb1_3,1_3,1_3&#8243; _builder_version=\u00bb4.27.4&#8243; _module_preset=\u00bbdefault\u00bb max_width=\u00bb1000px\u00bb max_width_tablet=\u00bb364px\u00bb max_width_phone=\u00bb90%\u00bb max_width_last_edited=\u00bbon|phone\u00bb custom_margin=\u00bb45px||||false|false\u00bb global_colors_info=\u00bb{}\u00bb][et_pb_column type=\u00bb1_3&#8243; _builder_version=\u00bb4.27.4&#8243; _module_preset=\u00bbdefault\u00bb global_colors_info=\u00bb{}\u00bb][et_pb_image src=\u00bbhttps:\/\/www.thetraka.com\/wp-content\/uploads\/2026\/02\/001918735000-WH-303-XPSW-DBCL-700F-12X100-STD-A1-c-3q-scaled.png\u00bb title_text=\u00bb001918735000-WH-303-XPSW-DBCL-700F-12X100-STD-A1-c-3q\u00bb url=\u00bbhttps:\/\/www.sram.com\/en\/zipp\/road\/series\/303-xplr%20&#8243; url_new_window=\u00bbon\u00bb align=\u00bbcenter\u00bb _builder_version=\u00bb4.27.5&#8243; _module_preset=\u00bbdefault\u00bb width=\u00bb230px\u00bb width_tablet=\u00bb250px\u00bb width_phone=\u00bb220px\u00bb width_last_edited=\u00bbon|phone\u00bb module_alignment=\u00bbcenter\u00bb custom_margin=\u00bb0px||33px||false|false\u00bb custom_margin_tablet=\u00bb22px||33px||false|false\u00bb custom_margin_phone=\u00bb22px||33px||false|false\u00bb custom_margin_last_edited=\u00bbon|desktop\u00bb module_alignment_tablet=\u00bbcenter\u00bb module_alignment_phone=\u00bbcenter\u00bb module_alignment_last_edited=\u00bbon|desktop\u00bb global_colors_info=\u00bb{}\u00bb][\/et_pb_image][et_pb_text _builder_version=\u00bb4.27.4&#8243; _module_preset=\u00bbdefault\u00bb text_orientation=\u00bbcenter\u00bb custom_margin=\u00bb-12px||5px||false|false\u00bb custom_margin_tablet=\u00bb-14px||4px||false|false\u00bb custom_margin_phone=\u00bb-20px||3px||false|false\u00bb custom_margin_last_edited=\u00bbon|phone\u00bb global_colors_info=\u00bb{}\u00bb]<\/p>\n<h3>Juegos de ruedas 303 XPLR<\/h3>\n<p>[\/et_pb_text][et_pb_text _builder_version=\u00bb4.27.4&#8243; _module_preset=\u00bbdefault\u00bb text_font_size=\u00bb17px\u00bb text_line_height=\u00bb1.4em\u00bb text_orientation=\u00bbcenter\u00bb text_font_size_tablet=\u00bb16px\u00bb text_font_size_phone=\u00bb15px\u00bb text_font_size_last_edited=\u00bbon|phone\u00bb global_colors_info=\u00bb{}\u00bb]La rueda de gravel m\u00e1s r\u00e1pida para todos, la 303 XPLR SW y S te ayuda a descubrir los beneficios de apostar por lo grande con ventajas aerodin\u00e1micas y baja presi\u00f3n.[\/et_pb_text][et_pb_text _builder_version=\u00bb4.27.4&#8243; _module_preset=\u00bbdefault\u00bb text_text_color=\u00bb#FFFFFF\u00bb text_font_size=\u00bb15px\u00bb text_letter_spacing=\u00bb1px\u00bb text_line_height=\u00bb1.1em\u00bb background_color=\u00bb#000000&#8243; text_orientation=\u00bbcenter\u00bb width=\u00bb220px\u00bb width_tablet=\u00bb209px\u00bb width_phone=\u00bb232px\u00bb width_last_edited=\u00bbon|phone\u00bb module_alignment=\u00bbcenter\u00bb custom_margin=\u00bb15px||||false|false\u00bb custom_padding=\u00bb10px|25px|10px|25px|true|true\u00bb custom_padding_tablet=\u00bb9px|20px|9px|20px|true|true\u00bb custom_padding_phone=\u00bb14px|15px|14px|15px|true|true\u00bb custom_padding_last_edited=\u00bbon|phone\u00bb link_option_url=\u00bbhttps:\/\/www.sram.com\/es\/zipp\/models\/wh-101-xplr-a1&#8243; link_option_url_new_window=\u00bbon\u00bb box_shadow_style=\u00bbpreset1&#8243; box_shadow_blur=\u00bb5px\u00bb locked=\u00bboff\u00bb global_colors_info=\u00bb{}\u00bb transform_styles__hover_enabled=\u00bbon|hover\u00bb background_color__hover=\u00bb#272525&#8243; background_enable_color__hover=\u00bbon\u00bb background__hover_enabled=\u00bbon|hover\u00bb transform_scale__hover=\u00bb102%|102%\u00bb transform_scale__hover_enabled=\u00bbon|hover\u00bb transform_translate__hover_enabled=\u00bbon|desktop\u00bb transform_rotate__hover_enabled=\u00bbon|desktop\u00bb transform_skew__hover_enabled=\u00bbon|desktop\u00bb transform_origin__hover_enabled=\u00bbon|desktop\u00bb]<\/p>\n<p>DESC\u00daBRELO \u00bb<\/p>\n<p>[\/et_pb_text][\/et_pb_column][et_pb_column type=\u00bb1_3&#8243; _builder_version=\u00bb4.27.4&#8243; _module_preset=\u00bbdefault\u00bb global_colors_info=\u00bb{}\u00bb][et_pb_image src=\u00bbhttps:\/\/www.thetraka.com\/wp-content\/uploads\/2025\/10\/Captura-de-pantalla-2025-08-04-a-les-13.25.19.png\u00bb title_text=\u00bbCaptura de pantalla 2025-08-04 a les 13.25.19&#8243; url=\u00bbhttps:\/\/www.sram.com\/es\/zipp\/models\/hb-dbsc-sl7x-a2&#8243; url_new_window=\u00bbon\u00bb align=\u00bbcenter\u00bb _builder_version=\u00bb4.27.4&#8243; _module_preset=\u00bbdefault\u00bb width=\u00bb254px\u00bb width_tablet=\u00bb250px\u00bb width_phone=\u00bb220px\u00bb width_last_edited=\u00bbon|phone\u00bb module_alignment=\u00bbcenter\u00bb custom_margin=\u00bb0px||33px||false|false\u00bb custom_margin_tablet=\u00bb22px||33px||false|false\u00bb custom_margin_phone=\u00bb22px||33px||false|false\u00bb custom_margin_last_edited=\u00bbon|desktop\u00bb module_alignment_tablet=\u00bbcenter\u00bb module_alignment_phone=\u00bbcenter\u00bb module_alignment_last_edited=\u00bbon|desktop\u00bb global_colors_info=\u00bb{}\u00bb][\/et_pb_image][et_pb_text _builder_version=\u00bb4.27.4&#8243; _module_preset=\u00bbdefault\u00bb text_orientation=\u00bbcenter\u00bb custom_margin=\u00bb-12px||5px||false|false\u00bb custom_margin_tablet=\u00bb-14px||4px||false|false\u00bb custom_margin_phone=\u00bb-20px||3px||false|false\u00bb custom_margin_last_edited=\u00bbon|phone\u00bb global_colors_info=\u00bb{}\u00bb]<\/p>\n<h3>Manillar SL 70 XPLR<\/h3>\n<p>[\/et_pb_text][et_pb_text _builder_version=\u00bb4.27.4&#8243; _module_preset=\u00bbdefault\u00bb text_font_size=\u00bb17px\u00bb text_line_height=\u00bb1.4em\u00bb text_orientation=\u00bbcenter\u00bb width=\u00bb250px\u00bb width_tablet=\u00bb300px\u00bb width_phone=\u00bb230px\u00bb width_last_edited=\u00bbon|phone\u00bb module_alignment=\u00bbcenter\u00bb text_font_size_tablet=\u00bb16px\u00bb text_font_size_phone=\u00bb15px\u00bb text_font_size_last_edited=\u00bbon|phone\u00bb global_colors_info=\u00bb{}\u00bb]<\/p>\n<p>El manillar de carbono SL 70 XPLR premium de Zipp te da m\u00e1s control. Est\u00e1 dise\u00f1ado para una integraci\u00f3n perfecta con SRAM AXS. <\/p>\n<p>[\/et_pb_text][et_pb_text _builder_version=\u00bb4.27.4&#8243; _module_preset=\u00bbdefault\u00bb text_text_color=\u00bb#FFFFFF\u00bb text_font_size=\u00bb15px\u00bb text_letter_spacing=\u00bb1px\u00bb text_line_height=\u00bb1.1em\u00bb background_color=\u00bb#000000&#8243; text_orientation=\u00bbcenter\u00bb width=\u00bb220px\u00bb width_tablet=\u00bb209px\u00bb width_phone=\u00bb232px\u00bb width_last_edited=\u00bbon|phone\u00bb module_alignment=\u00bbcenter\u00bb custom_margin=\u00bb15px||||false|false\u00bb custom_padding=\u00bb10px|25px|10px|25px|true|true\u00bb custom_padding_tablet=\u00bb9px|20px|9px|20px|true|true\u00bb custom_padding_phone=\u00bb14px|15px|14px|15px|true|true\u00bb custom_padding_last_edited=\u00bbon|phone\u00bb link_option_url=\u00bbhttps:\/\/www.sram.com\/es\/zipp\/models\/hb-dbsc-sl7x-a2&#8243; link_option_url_new_window=\u00bbon\u00bb box_shadow_style=\u00bbpreset1&#8243; box_shadow_blur=\u00bb5px\u00bb locked=\u00bboff\u00bb global_colors_info=\u00bb{}\u00bb transform_styles__hover_enabled=\u00bbon|hover\u00bb background_color__hover=\u00bb#272525&#8243; background_enable_color__hover=\u00bbon\u00bb background__hover_enabled=\u00bbon|hover\u00bb transform_scale__hover=\u00bb102%|102%\u00bb transform_scale__hover_enabled=\u00bbon|hover\u00bb transform_translate__hover_enabled=\u00bbon|desktop\u00bb transform_rotate__hover_enabled=\u00bbon|desktop\u00bb transform_skew__hover_enabled=\u00bbon|desktop\u00bb transform_origin__hover_enabled=\u00bbon|desktop\u00bb]<\/p>\n<p>DESC\u00daBRELO \u00bb<\/p>\n<p>[\/et_pb_text][\/et_pb_column][et_pb_column type=\u00bb1_3&#8243; _builder_version=\u00bb4.27.4&#8243; _module_preset=\u00bbdefault\u00bb global_colors_info=\u00bb{}\u00bb][et_pb_image src=\u00bbhttps:\/\/www.thetraka.com\/wp-content\/uploads\/2025\/10\/Captura-de-pantalla-2025-08-04-a-les-13.40.13.png\u00bb title_text=\u00bbCaptura de pantalla 2025-08-04 a les 13.40.13&#8243; url=\u00bbhttps:\/\/axs.sram.com\/guides\/tire\/pressure\u00bb url_new_window=\u00bbon\u00bb align=\u00bbcenter\u00bb _builder_version=\u00bb4.27.4&#8243; _module_preset=\u00bbdefault\u00bb width=\u00bb221px\u00bb width_tablet=\u00bb270px\u00bb width_phone=\u00bb220px\u00bb width_last_edited=\u00bbon|phone\u00bb module_alignment=\u00bbcenter\u00bb custom_margin=\u00bb0px||33px||false|false\u00bb custom_margin_tablet=\u00bb22px||33px||false|false\u00bb custom_margin_phone=\u00bb22px||33px||false|false\u00bb custom_margin_last_edited=\u00bbon|desktop\u00bb module_alignment_tablet=\u00bbcenter\u00bb module_alignment_phone=\u00bbcenter\u00bb module_alignment_last_edited=\u00bbon|desktop\u00bb global_colors_info=\u00bb{}\u00bb][\/et_pb_image][et_pb_text _builder_version=\u00bb4.27.4&#8243; _module_preset=\u00bbdefault\u00bb text_orientation=\u00bbcenter\u00bb custom_margin=\u00bb-12px||5px||false|false\u00bb custom_margin_tablet=\u00bb-14px||4px||false|false\u00bb custom_margin_phone=\u00bb-20px||3px||false|false\u00bb custom_margin_last_edited=\u00bbon|phone\u00bb global_colors_info=\u00bb{}\u00bb]<\/p>\n<h3>LA GU\u00cdA DE PRESI\u00d3N<\/h3>\n<p>[\/et_pb_text][et_pb_text _builder_version=\u00bb4.27.4&#8243; _module_preset=\u00bbdefault\u00bb text_font_size=\u00bb17px\u00bb text_line_height=\u00bb1.4em\u00bb text_orientation=\u00bbcenter\u00bb text_font_size_tablet=\u00bb16px\u00bb text_font_size_phone=\u00bb15px\u00bb text_font_size_last_edited=\u00bbon|phone\u00bb global_colors_info=\u00bb{}\u00bb]La presi\u00f3n \u00f3ptima de los neum\u00e1ticos es un factor vital para que vayas m\u00e1s r\u00e1pido. Esta calculadora de presi\u00f3n de neum\u00e1ticos proporciona la presi\u00f3n de neum\u00e1ticos recomendada para las ruedas Zipp.[\/et_pb_text][et_pb_text _builder_version=\u00bb4.27.4&#8243; _module_preset=\u00bbdefault\u00bb text_text_color=\u00bb#FFFFFF\u00bb text_font_size=\u00bb15px\u00bb text_letter_spacing=\u00bb1px\u00bb text_line_height=\u00bb1.1em\u00bb background_color=\u00bb#000000&#8243; text_orientation=\u00bbcenter\u00bb width=\u00bb220px\u00bb width_tablet=\u00bb209px\u00bb width_phone=\u00bb232px\u00bb width_last_edited=\u00bbon|phone\u00bb module_alignment=\u00bbcenter\u00bb custom_margin=\u00bb15px||||false|false\u00bb custom_padding=\u00bb10px|25px|10px|25px|true|true\u00bb custom_padding_tablet=\u00bb9px|20px|9px|20px|true|true\u00bb custom_padding_phone=\u00bb14px|15px|14px|15px|true|true\u00bb custom_padding_last_edited=\u00bbon|phone\u00bb link_option_url=\u00bbhttps:\/\/axs.sram.com\/guides\/tire\/pressure\u00bb link_option_url_new_window=\u00bbon\u00bb box_shadow_style=\u00bbpreset1&#8243; box_shadow_blur=\u00bb5px\u00bb locked=\u00bboff\u00bb global_colors_info=\u00bb{}\u00bb transform_styles__hover_enabled=\u00bbon|hover\u00bb background_color__hover=\u00bb#272525&#8243; background_enable_color__hover=\u00bbon\u00bb background__hover_enabled=\u00bbon|hover\u00bb transform_scale__hover=\u00bb102%|102%\u00bb transform_scale__hover_enabled=\u00bbon|hover\u00bb transform_translate__hover_enabled=\u00bbon|desktop\u00bb transform_rotate__hover_enabled=\u00bbon|desktop\u00bb transform_skew__hover_enabled=\u00bbon|desktop\u00bb transform_origin__hover_enabled=\u00bbon|desktop\u00bb]<\/p>\n<p>DESC\u00daBRELO \u00bb<\/p>\n<p>[\/et_pb_text][\/et_pb_column][\/et_pb_row][\/et_pb_section]<\/p>\n","protected":false},"excerpt":{"rendered":"<p>RODE WITH ITpor:Colecci\u00f3n XPLR de ZippTe permite enfrentarte a lo que sea que te depare el gravel.Juegos de ruedas 303 XPLRLa rueda de gravel m\u00e1s r\u00e1pida para todos, la 303 XPLR SW y S te ayuda a descubrir los beneficios de apostar por lo grande con ventajas aerodin\u00e1micas y baja presi\u00f3n.DESC\u00daBRELO \u00bbManillar SL 70 XPLREl [&hellip;]<\/p>\n","protected":false},"author":1,"featured_media":550,"parent":665,"menu_order":0,"comment_status":"closed","ping_status":"closed","template":"","meta":{"_et_pb_use_builder":"on","_et_pb_old_content":"","_et_gb_content_width":"","footnotes":""},"class_list":["post-802","page","type-page","status-publish","has-post-thumbnail","hentry"],"_links":{"self":[{"href":"https:\/\/www.thetraka.com\/es\/wp-json\/wp\/v2\/pages\/802","targetHints":{"allow":["GET"]}}],"collection":[{"href":"https:\/\/www.thetraka.com\/es\/wp-json\/wp\/v2\/pages"}],"about":[{"href":"https:\/\/www.thetraka.com\/es\/wp-json\/wp\/v2\/types\/page"}],"author":[{"embeddable":true,"href":"https:\/\/www.thetraka.com\/es\/wp-json\/wp\/v2\/users\/1"}],"replies":[{"embeddable":true,"href":"https:\/\/www.thetraka.com\/es\/wp-json\/wp\/v2\/comments?post=802"}],"version-history":[{"count":23,"href":"https:\/\/www.thetraka.com\/es\/wp-json\/wp\/v2\/pages\/802\/revisions"}],"predecessor-version":[{"id":3144,"href":"https:\/\/www.thetraka.com\/es\/wp-json\/wp\/v2\/pages\/802\/revisions\/3144"}],"up":[{"embeddable":true,"href":"https:\/\/www.thetraka.com\/es\/wp-json\/wp\/v2\/pages\/665"}],"wp:featuredmedia":[{"embeddable":true,"href":"https:\/\/www.thetraka.com\/es\/wp-json\/wp\/v2\/media\/550"}],"wp:attachment":[{"href":"https:\/\/www.thetraka.com\/es\/wp-json\/wp\/v2\/media?parent=802"}],"curies":[{"name":"wp","href":"https:\/\/api.w.org\/{rel}","templated":true}]}}